{"id":10304,"date":"2022-07-31T22:45:32","date_gmt":"2022-07-31T19:45:32","guid":{"rendered":"https:\/\/politikadaiyilikhali.org\/?page_id=10304"},"modified":"2022-09-12T20:42:44","modified_gmt":"2022-09-12T17:42:44","slug":"vatandaslik-anketi","status":"publish","type":"page","link":"https:\/\/politikadaiyilikhali.org\/en\/vatandaslik-anketi\/","title":{"rendered":"Ne Kadar T\u00fcrkiye Cumhuriyeti Vatanda\u015f\u0131s\u0131n?"},"content":{"rendered":"<div data-elementor-type=\"wp-page\" data-elementor-id=\"10304\" class=\"elementor elementor-10304\">\n\t\t\t\t\t\t\t\t\t<section class=\"elementor-section elementor-top-section elementor-element elementor-element-ce07125 elementor-section-boxed elementor-section-height-default elementor-section-height-default\" data-id=\"ce07125\" data-element_type=\"section\" data-settings=\"{&quot;jet_parallax_layout_list&quot;:[]}\">\n\t\t\t\t\t\t<div class=\"elementor-container elementor-column-gap-default\">\n\t\t\t\t\t<div class=\"elementor-column elementor-col-100 elementor-top-column elementor-element elementor-element-e2876c7\" data-id=\"e2876c7\" data-element_type=\"column\">\n\t\t\t<div class=\"elementor-widget-wrap\">\n\t\t\t\t\t\t\t\t\t<\/div>\n\t\t<\/div>\n\t\t\t\t\t\t\t<\/div>\n\t\t<\/section>\n\t\t\t\t<section class=\"elementor-section elementor-top-section elementor-element elementor-element-7612cdb elementor-section-boxed elementor-section-height-default elementor-section-height-default\" data-id=\"7612cdb\" data-element_type=\"section\" data-settings=\"{&quot;jet_parallax_layout_list&quot;:[]}\">\n\t\t\t\t\t\t<div class=\"elementor-container elementor-column-gap-default\">\n\t\t\t\t\t<div class=\"elementor-column elementor-col-100 elementor-top-column elementor-element elementor-element-50eef0d\" data-id=\"50eef0d\" data-element_type=\"column\">\n\t\t\t<div class=\"elementor-widget-wrap\">\n\t\t\t\t\t\t\t\t\t<\/div>\n\t\t<\/div>\n\t\t\t\t\t\t\t<\/div>\n\t\t<\/section>\n\t\t\t\t<section class=\"elementor-section elementor-top-section elementor-element elementor-element-b411f48 elementor-section-boxed elementor-section-height-default elementor-section-height-default\" data-id=\"b411f48\" data-element_type=\"section\" data-settings=\"{&quot;jet_parallax_layout_list&quot;:[]}\">\n\t\t\t\t\t\t<div class=\"elementor-container elementor-column-gap-default\">\n\t\t\t\t\t<div class=\"elementor-column elementor-col-100 elementor-top-column elementor-element elementor-element-9aa85e8\" data-id=\"9aa85e8\" data-element_type=\"column\">\n\t\t\t<div class=\"elementor-widget-wrap elementor-element-populated\">\n\t\t\t\t\t\t\t\t<div class=\"elementor-element elementor-element-29f5106 elementor-widget elementor-widget-html\" data-id=\"29f5106\" data-element_type=\"widget\" data-widget_type=\"html.default\">\n\t\t\t\t<div class=\"elementor-widget-container\">\n\t\t\t<div id=\"wrapper\">\n  <h1>Ne kadar T\u00fcrkiye Cumhuriyeti Vatanda\u015f\u0131s\u0131n?<\/h1>\n<p>Bug\u00fcnlerde T\u00fcrkiye Cumhuriyeti vatanda\u015f\u0131 her zamankinden zor; beceri, sab\u0131r, direni\u015f istiyor. Her kimlik, \u00e7ift ana dal sosyoloji ve ekonomi diplomas\u0131 say\u0131l\u0131r.\nA\u015fa\u011f\u0131da bu \u00fclkenin sana lay\u0131k olup olmad\u0131\u011f\u0131n\u0131 anlaman i\u00e7in bir anket haz\u0131rlad\u0131k. Maalesef tek \u015f\u0131kk\u0131 se\u00e7men gerekecek, o y\u00fczden bu \u00fclkede ya\u015fad\u0131\u011f\u0131n gibi ilerle; ince ince ve d\u00fc\u015fmemeye \u00e7al\u0131\u015farak\u2026\n<\/p>\n  <div id=\"quiz\" method=\"get\" action=\"\">\n    <!-- Question 1 -->\n    <h2>Sadece ekonomi konu\u015fur, sevgilimden \u00e7ok siyaseti d\u00fc\u015f\u00fcn\u00fcr\u00fcm<\/h2>\n    <!-- Here are the choices for the first question. Each input tag must have the same name. For this question, the name is q1. -->\n    <!-- The value is which answer the choice corresponds to. -->\n    <label>\n        <input type=\"radio\" name=\"q1\" value=\"0\">\n      Ne d\u00fc\u015f\u00fcnece\u011fim ya\n    <\/label\n><br \/>\n    <label>\n        <input type=\"radio\" name=\"q1\" value=\"9\">\n     Tuvaletteyken\n    <\/label>\n    <br \/>\n    <label>\n        <input type=\"radio\" name=\"q1\" value=\"12\">\n      Bu ko\u015fullarda ba\u015fka se\u00e7enek kal\u0131yor mu ki\n    <\/label>\n    <br \/>\n    \n    \n        <h2>S\u00fcrt\u00fck, ter\u00f6rist veya \u00e7apulcu musun?<\/h2>\n    <!-- Here are the choices for the first question. Each input tag must have the same name. For this question, the name is q1. -->\n    <!-- The value is which answer the choice corresponds to. -->\n    <label>\n        <input type=\"radio\" name=\"q2\" value=\"0\">\n      Bunlar d\u0131\u015f g\u00fc\u00e7lerin oyunlar\u0131na alet olanlar\n    <\/label\n><br \/>\n    <label>\n        <input type=\"radio\" name=\"q2\" value=\"12\">\n     Kahrolsun ba\u011fz\u0131 \u015feyler\n    <\/label>\n    <br \/>\n    <label>\n        <input type=\"radio\" name=\"q2\" value=\"9\">\n     Siyasete kar\u0131\u015fmam\n    <\/label>\n    <br \/>\n    \n    \n    \n        \n        <h2>A Haber\u2019den ba\u015fka bir yere bakmam<\/h2>\n    <!-- Here are the choices for the first question. Each input tag must have the same name. For this question, the name is q1. -->\n    <!-- The value is which answer the choice corresponds to. -->\n    <label>\n        <input type=\"radio\" name=\"q3\" value=\"9\">\n     Fena bir kanal de\u011fil asl\u0131nda\n    <\/label\n><br \/>\n    <label>\n        <input type=\"radio\" name=\"q3\" value=\"0\">\n     G\u00f6z\u00fcm\u00fcn nurudur\n    <\/label>\n    <br \/>\n    <label>\n        <input type=\"radio\" name=\"q3\" value=\"12\">\n     Ona bakaca\u011f\u0131ma i\u015f makinesi seyrederim\n    <\/label>\n    <br \/>\n    \n    \n    \n    \n            \n        <h2>T\u00fcrkiye Tekel Bayileri Platformu Ba\u015fkan\u0131n\u0131n ad\u0131n\u0131 biliyor musun?<\/h2>\n    <!-- Here are the choices for the first question. Each input tag must have the same name. For this question, the name is q1. -->\n    <!-- The value is which answer the choice corresponds to. -->\n    <label>\n        <input type=\"radio\" name=\"q4\" value=\"9\">\n      Aysun Kayac\u0131\n    <\/label\n><br \/>\n    <label>\n        <input type=\"radio\" name=\"q4\" value=\"12\">\n     \u00d6zg\u00fcr Aybars\n    <\/label>\n    <br \/>\n    <label>\n        <input type=\"radio\" name=\"q4\" value=\"0\">\n     Tu\u011f\u00e7e Kazaz\n    <\/label>\n    <br \/>\n    \n    \n       <h2>A\u00e7 kal\u0131r\u0131m yine de \u201cz\u0131kk\u0131mlan\u0131r\u0131m\u201d<\/h2>\n    <!-- Here are the choices for the first question. Each input tag must have the same name. For this question, the name is q1. -->\n    <!-- The value is which answer the choice corresponds to. -->\n    <label>\n        <input type=\"radio\" name=\"q5\" value=\"12\">\n      Herkesin hayat\u0131na kimse kar\u0131\u015famaz\n    <\/label\n><br \/>\n    <label>\n        <input type=\"radio\" name=\"q5\" value=\"0\">\n     Sadece ayran z\u0131kk\u0131mlan\u0131r\u0131m\n    <\/label>\n    <br \/>\n    <label>\n        <input type=\"radio\" name=\"q5\" value=\"9\">\n     Alkol e\u015fcinselli\u011fe \u00f6zendiriyor\n    <\/label>\n    <br \/>\n    \n    \n       <h2>En sevdi\u011fin vatanda\u015fl\u0131k e\u011flencesi?<\/h2>\n    <!-- Here are the choices for the first question. Each input tag must have the same name. For this question, the name is q1. -->\n    <!-- The value is which answer the choice corresponds to. -->\n    <label>\n        <input type=\"radio\" name=\"q6\" value=\"0\">\n     Banklarda oturup restoranlardaki turistleri seyretmek\n    <\/label\n><br \/>\n    <label>\n        <input type=\"radio\" name=\"q6\" value=\"9\">\n     Domates yerken dizi seyretmek\n    <\/label>\n    <br \/>\n    <label>\n        <input type=\"radio\" name=\"q6\" value=\"12\">\n     Eyleme gitmek\n\n    <\/label>\n    <br \/>\n    \n    \n    \n    \n        \n       <h2>Kendi \u00fclkende ne olmak isterdin?<\/h2>\n    <!-- Here are the choices for the first question. Each input tag must have the same name. For this question, the name is q1. -->\n    <!-- The value is which answer the choice corresponds to. -->\n    <label>\n        <input type=\"radio\" name=\"q7\" value=\"12\">\n     Turist\n    <\/label\n><br \/>\n    <label>\n        <input type=\"radio\" name=\"q7\" value=\"9\">\n     Kendim\n    <\/label>\n    <br \/>\n    <label>\n        <input type=\"radio\" name=\"q7\" value=\"0\">\n    Cengiz Holding\n\n    <\/label>\n    <br \/>\n    \n    \n    \n      \n       <h2>Sizi anlatan g\u00f6rsel hangisi?<\/h2>\n    <!-- Here are the choices for the first question. Each input tag must have the same name. For this question, the name is q1. -->\n    <!-- The value is which answer the choice corresponds to. -->\n    <div style=\"Display:flex;\">\n        <div style=\"margin:20px;\">\n            <label>\n                <input type=\"radio\" name=\"q8\" value=\"0\">\n             <img src=\"https:\/\/politikadaiyilikhali.org\/wp-content\/uploads\/2022\/08\/4.png\" width=\"300\">\n            <\/label>\n        <\/div>\n        <br \/>\n        <div style=\"margin:20px;\">\n    <label>\n        <input type=\"radio\" name=\"q8\" value=\"0\">\n     <img src=\"https:\/\/politikadaiyilikhali.org\/wp-content\/uploads\/2022\/08\/3.jpg\" width=\"300\">\n    <\/label>  <\/div> <\/div>\n    <br \/>\n     <div style=\"Display:flex;\">\n    <div style=\"margin:20px;\">\n        \n         <label>\n        <input type=\"radio\" name=\"q8\" value=\"0\">\n    <img src=\"https:\/\/politikadaiyilikhali.org\/wp-content\/uploads\/2022\/08\/2.jpg\" width=\"300\">\n\n    <\/label>\n    <\/div>\n   <div style=\"margin:20px;\">\n       <br \/>\n    <label>\n        <input type=\"radio\" name=\"q8\" value=\"0\">\n    <img src=\"https:\/\/politikadaiyilikhali.org\/wp-content\/uploads\/2022\/08\/1.jpeg\" width=\"300\">\n\n    <\/label>\n   <\/div><\/div>\n    \n   \n    \n    <br \/>\n    \n    \n    \n\n<div style=\"margin:30px;\">\n    <button style=\"background-color: rgb(255, 77, 77)\" type=\"submit\" id=\"submit\" onclick=\"tabulateAnswers()\">Send<\/button>\n  <button style=\"background-color: rgb(255, 77, 77)\" type=\"reset\" id=\"reset\" onclick=\"resetAnswer()\">Ba\u015ftan Ba\u015fla<\/button>\n  \n  <\/div>\n  \n  <\/div>\n  <div id=\"answer\">Sonucun Burada G\u00f6z\u00fckecek!<\/div>\n<\/div>\n\n\n\n<script>\n    \/\/ function to calculate the result of the survey\nfunction tabulateAnswers() {\n  \/\/ initialize variables for each choice's score\n  \/\/ If you add more choices and outcomes, you must add another variable here.\n  var c1score = 0;\n\n  \n  \/\/ get a list of the radio inputs on the page\n  var choices = document.getElementsByTagName('input');\n\n  \/\/ loop through all the radio inputs\n  for (i=0; i<choices.length; i++) {\n    \/\/ if the radio is checked..\n    if (choices[i].checked) {\n      \/\/ add 1 to that choice's score\n      var deneme = choices[i].value;\n        console.log(choices);\n        console.log(deneme);\n        deneme = parseInt(deneme);\n        c1score+=deneme;\n        console.log(\"toplam score\");\n        console.log(c1score);\n      }\n \n \n  }\n  \n\n  \/\/ Display answer corresponding to that choice\n  var answerbox = document.getElementById('answer');\n  if (c1score > 63 | c1score < 83 ) { \/\/ If user chooses the first choice the most, this outcome will be displayed.\n    answerbox.innerHTML = \"<p style='color:red;'>Verdi\u011fin cevaplara g\u00f6re: <\/p><h2 style='color:red;'>Ne kadar da tatl\u0131 bir yery\u00fcz\u00fc vatanda\u015f\u0131s\u0131n!<\/h2>\";\n  }\n  if (c1score < 63 ) { \/\/ If user chooses the second choice the most, this outcome will be displayed.\n    answerbox.innerHTML = \"<p style='color:red;'>Verdi\u011fin cevaplara g\u00f6re: <\/p><h2 style='color:red;'>Ne kadar da tatl\u0131 bir yery\u00fcz\u00fc vatanda\u015f\u0131s\u0131n!<\/h2>\";\n  }\n  if (c1score > 83 ) { \/\/ If user chooses the third choice the most, this outcome will be displayed.\n    answerbox.innerHTML = \"<p style='color:red;'>Verdi\u011fin cevaplara g\u00f6re: <\/p><h2 style='color:red;'>Ne kadar da tatl\u0131 bir yery\u00fcz\u00fc vatanda\u015f\u0131s\u0131n!  <\/h2>\";\n  }\n\n  \/\/ If you add more choices, you must add another response below.\n}\n\n\/\/ program the reset button\nfunction resetAnswer() {\n  var answerbox = document.getElementById('answer');\n  answerbox.innerHTML = \"Sonucun burada g\u00f6z\u00fckecek\";\n}\n\n<\/script>\t\t<\/div>\n\t\t\t\t<\/div>\n\t\t\t\t\t<\/div>\n\t\t<\/div>\n\t\t\t\t\t\t\t<\/div>\n\t\t<\/section>\n\t\t\t\t\t\t\t<\/div>","protected":false},"excerpt":{"rendered":"<p>Ne kadar T\u00fcrkiye Cumhuriyeti Vatanda\u015f\u0131s\u0131n? Bug\u00fcnlerde T\u00fcrkiye Cumhuriyeti vatanda\u015f\u0131 her zamankinden zor; beceri, sab\u0131r, direni\u015f istiyor. Her kimlik, \u00e7ift ana dal sosyoloji ve ekonomi diplomas\u0131 say\u0131l\u0131r. A\u015fa\u011f\u0131da bu \u00fclkenin sana lay\u0131k olup olmad\u0131\u011f\u0131n\u0131 anlaman i\u00e7in bir anket haz\u0131rlad\u0131k. Maalesef tek \u015f\u0131kk\u0131 se\u00e7men gerekecek, o y\u00fczden bu \u00fclkede ya\u015fad\u0131\u011f\u0131n gibi ilerle; ince ince ve d\u00fc\u015fmemeye \u00e7al\u0131\u015farak\u2026 [&hellip;]<\/p>","protected":false},"author":1,"featured_media":0,"parent":0,"menu_order":0,"comment_status":"closed","ping_status":"closed","template":"elementor_header_footer","meta":[],"aioseo_notices":[],"_links":{"self":[{"href":"https:\/\/politikadaiyilikhali.org\/en\/wp-json\/wp\/v2\/pages\/10304"}],"collection":[{"href":"https:\/\/politikadaiyilikhali.org\/en\/wp-json\/wp\/v2\/pages"}],"about":[{"href":"https:\/\/politikadaiyilikhali.org\/en\/wp-json\/wp\/v2\/types\/page"}],"author":[{"embeddable":true,"href":"https:\/\/politikadaiyilikhali.org\/en\/wp-json\/wp\/v2\/users\/1"}],"replies":[{"embeddable":true,"href":"https:\/\/politikadaiyilikhali.org\/en\/wp-json\/wp\/v2\/comments?post=10304"}],"version-history":[{"count":126,"href":"https:\/\/politikadaiyilikhali.org\/en\/wp-json\/wp\/v2\/pages\/10304\/revisions"}],"predecessor-version":[{"id":10501,"href":"https:\/\/politikadaiyilikhali.org\/en\/wp-json\/wp\/v2\/pages\/10304\/revisions\/10501"}],"wp:attachment":[{"href":"https:\/\/politikadaiyilikhali.org\/en\/wp-json\/wp\/v2\/media?parent=10304"}],"curies":[{"name":"wp","href":"https:\/\/api.w.org\/{rel}","templated":true}]}}