{"id":11557,"date":"2023-11-28T16:27:46","date_gmt":"2023-11-28T13:27:46","guid":{"rendered":"https:\/\/politikadaiyilikhali.org\/?page_id=11557"},"modified":"2023-11-28T16:31:39","modified_gmt":"2023-11-28T13:31:39","slug":"hakkimizda","status":"publish","type":"page","link":"https:\/\/politikadaiyilikhali.org\/en\/hakkimizda\/","title":{"rendered":"HAKKIMIZDA"},"content":{"rendered":"<div data-elementor-type=\"wp-page\" data-elementor-id=\"11557\" class=\"elementor elementor-11557\">\n\t\t\t\t\t\t\t\t\t<section class=\"elementor-section elementor-top-section elementor-element elementor-element-99ce1a1 elementor-section-boxed elementor-section-height-default elementor-section-height-default\" data-id=\"99ce1a1\" data-element_type=\"section\" data-settings=\"{&quot;jet_parallax_layout_list&quot;:[]}\">\n\t\t\t\t\t\t<div class=\"elementor-container elementor-column-gap-default\">\n\t\t\t\t\t<div class=\"elementor-column elementor-col-100 elementor-top-column elementor-element elementor-element-020bf38\" data-id=\"020bf38\" data-element_type=\"column\">\n\t\t\t<div class=\"elementor-widget-wrap elementor-element-populated\">\n\t\t\t\t\t\t\t\t<div class=\"elementor-element elementor-element-b858efd elementor-widget elementor-widget-menu-anchor\" data-id=\"b858efd\" data-element_type=\"widget\" data-widget_type=\"menu-anchor.default\">\n\t\t\t\t<div class=\"elementor-widget-container\">\n\t\t\t<style>\/*! elementor - v3.6.5 - 27-04-2022 *\/\nbody.elementor-page .elementor-widget-menu-anchor{margin-bottom:0}<\/style>\t\t<div id=\"section-hakkmzda\" class=\"elementor-menu-anchor\"><\/div>\n\t\t\t\t<\/div>\n\t\t\t\t<\/div>\n\t\t\t\t<div class=\"elementor-element elementor-element-a3d872b elementor-widget elementor-widget-text-editor\" data-id=\"a3d872b\" data-element_type=\"widget\" data-widget_type=\"text-editor.default\">\n\t\t\t\t<div class=\"elementor-widget-container\">\n\t\t\t<style>\/*! elementor - v3.6.5 - 27-04-2022 *\/\n.elementor-widget-text-editor.elementor-drop-cap-view-stacked .elementor-drop-cap{background-color:#818a91;color:#fff}.elementor-widget-text-editor.elementor-drop-cap-view-framed .elementor-drop-cap{color:#818a91;border:3px solid;background-color:transparent}.elementor-widget-text-editor:not(.elementor-drop-cap-view-default) .elementor-drop-cap{margin-top:8px}.elementor-widget-text-editor:not(.elementor-drop-cap-view-default) .elementor-drop-cap-letter{width:1em;height:1em}.elementor-widget-text-editor .elementor-drop-cap{float:left;text-align:center;line-height:1;font-size:50px}.elementor-widget-text-editor .elementor-drop-cap-letter{display:inline-block}<\/style>\t\t\t\t<p><span style=\"font-weight: 400;\">Politikada \u0130yilik Hali \u00c7al\u0131\u015fmas\u0131, uzun s\u00fcreli sohbetlerin ve fikir al\u0131\u015fveri\u015flerinin ard\u0131ndan Temmuz 2021\u2019de bedene kavu\u015ftu.&nbsp;<\/span><\/p><p><span style=\"font-weight: 400;\">Yola \u00e7\u0131k\u0131\u015f\u0131m\u0131z\u0131n \u00fc\u00e7 temel motivasyonu vard\u0131:&nbsp;<\/span><\/p>\n<p><span style=\"font-weight: 400;\">&nbsp; &nbsp; &nbsp; &nbsp; &nbsp;1- Otoriterli\u011fin politik aktivistler \u00fczerindeki \u00f6zg\u00fcl etkilerini anlamak ve buna kar\u015f\u0131 bir yol haritas\u0131 geli\u015ftirmek,&nbsp;<\/span><\/p>\n<p><span style=\"font-weight: 400;\">&nbsp; &nbsp; &nbsp; &nbsp; &nbsp;2- \u00d6rg\u00fctlenmelerde sistematik olarak ya\u015fanan sorunlar\u0131 kendimizi ele\u015ftirinin d\u0131\u015f\u0131na \u00e7\u0131karmadan ve \u00e7\u00f6z\u00fcm \u00f6nerileri geli\u015ftirerek ele alabilmek&nbsp;<\/span><\/p>\n<p><span style=\"font-weight: 400;\">&nbsp; &nbsp; &nbsp; &nbsp; &nbsp;3- Politik m\u00fccadele y\u00fcr\u00fctenleri fiziksel, bedensel, zihinsel ve \u00f6rg\u00fctsel olarak g\u00fc\u00e7lendirebilmek<\/span><\/p>\n<p><span style=\"font-weight: 400;\">B\u00f6ylelikle Temmuz-Aral\u0131k 2021 d\u00f6neminde, ilk at\u00f6lyelerimize ba\u015flad\u0131k ve muazzam bir ilgi ile kar\u015f\u0131la\u015ft\u0131k.&nbsp;<\/span><\/p>\n<p><span style=\"font-weight: 400;\">Sonra \u201cOtoriter Rejimlerde \u0130yi Hissetme ve Kolektif \u0130yile\u015fme\u201d&nbsp; , ikincisi \u201cYeniden Ortak Ya\u015fam\u0131 Kurmak\u201d&nbsp; ba\u015fl\u0131kl\u0131 iki online panel ger\u00e7ekle\u015ftirdik.&nbsp;<\/span><\/p>\n<p><span style=\"font-weight: 400;\">Bu k\u0131sac\u0131k zamanda \u00e7al\u0131\u015fmalar\u0131m\u0131za gelen ilgi, bu alandaki ihtiyac\u0131 ortaya koydu ve bu \u00e7al\u0131\u015fmaya devam edebilmemiz i\u00e7in bizi harekete ge\u00e7irdi.<\/span><\/p>\n<p><span style=\"font-weight: 400;\">Hikayemizin ikinci b\u00f6l\u00fcm\u00fcne ise Nisan 2022\u2019de ba\u015flad\u0131k. Bu sefer daha uzun s\u00fcreli ve daha kapsaml\u0131 bir \u00e7al\u0131\u015fma planlad\u0131k. Hedefimizi \u00f6nce \u201cPolitikada \u0130yilik Hali\u201d ve bak\u0131m-temelli \u00f6rg\u00fctl\u00fcl\u00fck yakla\u015f\u0131mlar\u0131n\u0131 netle\u015ftirip yayg\u0131nla\u015ft\u0131rmak, sonra da vatanda\u015flar a\u00e7\u0131s\u0131ndan ekonomik demokrasiyi \u00f6ne \u00e7\u0131kartan bir iyilik halini, aktivistler a\u00e7\u0131s\u0131ndan ise bireysel ve \u00f6rg\u00fctsel g\u00fc\u00e7lenmeyi birlikte alan queer feminist bak\u0131m temelli \u00f6rg\u00fctlenmeyi yayg\u0131nla\u015ft\u0131rmak olarak belirledik.<\/span><\/p>\n<p><span style=\"font-weight: 400;\">Toplumsal ve politik m\u00fccadelenin farkl\u0131 kanallar\u0131ndan kat\u0131l\u0131mc\u0131larla, hen\u00fcz bir m\u00fccadele ve\/ya \u00f6rg\u00fctlenme ile ili\u015fkilenmemi\u015f ama bu konuda istekli olanlarla \u00e7e\u015fitli aktiviteler \u00fczerinden bulu\u015farak bu e\u015fsiz yolculu\u011fa devam ediyoruz. Politikan\u0131n mevcut haliyle getirdi\u011fi tek boyutlulu\u011fu, erilli\u011fi ve rekabeti, farkl\u0131 y\u00f6ntem ve perspektifleri hayata ge\u00e7irerek a\u015fmaya \u00e7al\u0131\u015f\u0131yoruz.<\/span><\/p>\n<p><span style=\"font-weight: 400;\">Politikada \u0130yilik Hali \u00e7al\u0131\u015fmas\u0131 bu anlamda sadece T\u00fcrkiye\u2019de de\u011fil, d\u00fcnyada da ilk \u00f6rnek olmaya devam ediyor.&nbsp;<\/span><\/p>\t\t\t\t\t\t<\/div>\n\t\t\t\t<\/div>\n\t\t\t\t\t<\/div>\n\t\t<\/div>\n\t\t\t\t\t\t\t<\/div>\n\t\t<\/section>\n\t\t\t\t\t\t\t<\/div>","protected":false},"excerpt":{"rendered":"<p>Politikada \u0130yilik Hali \u00c7al\u0131\u015fmas\u0131, uzun s\u00fcreli sohbetlerin ve fikir al\u0131\u015fveri\u015flerinin ard\u0131ndan Temmuz 2021\u2019de bedene kavu\u015ftu.&nbsp; Yola \u00e7\u0131k\u0131\u015f\u0131m\u0131z\u0131n \u00fc\u00e7 temel motivasyonu vard\u0131:&nbsp; &nbsp; &nbsp; &nbsp; &nbsp; &nbsp;1- Otoriterli\u011fin politik aktivistler \u00fczerindeki \u00f6zg\u00fcl etkilerini anlamak ve buna kar\u015f\u0131 bir yol haritas\u0131 geli\u015ftirmek,&nbsp; &nbsp; &nbsp; &nbsp; &nbsp; &nbsp;2- \u00d6rg\u00fctlenmelerde sistematik olarak ya\u015fanan sorunlar\u0131 kendimizi ele\u015ftirinin d\u0131\u015f\u0131na \u00e7\u0131karmadan ve [&hellip;]<\/p>","protected":false},"author":3,"featured_media":0,"parent":0,"menu_order":0,"comment_status":"closed","ping_status":"closed","template":"","meta":[],"aioseo_notices":[],"_links":{"self":[{"href":"https:\/\/politikadaiyilikhali.org\/en\/wp-json\/wp\/v2\/pages\/11557"}],"collection":[{"href":"https:\/\/politikadaiyilikhali.org\/en\/wp-json\/wp\/v2\/pages"}],"about":[{"href":"https:\/\/politikadaiyilikhali.org\/en\/wp-json\/wp\/v2\/types\/page"}],"author":[{"embeddable":true,"href":"https:\/\/politikadaiyilikhali.org\/en\/wp-json\/wp\/v2\/users\/3"}],"replies":[{"embeddable":true,"href":"https:\/\/politikadaiyilikhali.org\/en\/wp-json\/wp\/v2\/comments?post=11557"}],"version-history":[{"count":7,"href":"https:\/\/politikadaiyilikhali.org\/en\/wp-json\/wp\/v2\/pages\/11557\/revisions"}],"predecessor-version":[{"id":11565,"href":"https:\/\/politikadaiyilikhali.org\/en\/wp-json\/wp\/v2\/pages\/11557\/revisions\/11565"}],"wp:attachment":[{"href":"https:\/\/politikadaiyilikhali.org\/en\/wp-json\/wp\/v2\/media?parent=11557"}],"curies":[{"name":"wp","href":"https:\/\/api.w.org\/{rel}","templated":true}]}}