{"id":11734,"date":"2023-12-10T02:04:40","date_gmt":"2023-12-09T23:04:40","guid":{"rendered":"https:\/\/politikadaiyilikhali.org\/?page_id=11734"},"modified":"2023-12-10T02:12:21","modified_gmt":"2023-12-09T23:12:21","slug":"e-bulten-aboneligi","status":"publish","type":"page","link":"https:\/\/politikadaiyilikhali.org\/en\/e-bulten-aboneligi\/","title":{"rendered":""},"content":{"rendered":"<p><strong>\u00c7al\u0131\u015fmalar\u0131m\u0131zdan haberdar olmak i\u00e7in e-b\u00fcltenimize abone ol.<\/strong><\/p>\n\n\n\n<h2>E-B\u00dcLTEN ABONEL\u0130K FORMU<\/h2>\n\n\n<script>(function() {\n\twindow.mc4wp = window.mc4wp || {\n\t\tlisteners: [],\n\t\tforms: {\n\t\t\ton: function(evt, cb) {\n\t\t\t\twindow.mc4wp.listeners.push(\n\t\t\t\t\t{\n\t\t\t\t\t\tevent   : evt,\n\t\t\t\t\t\tcallback: cb\n\t\t\t\t\t}\n\t\t\t\t);\n\t\t\t}\n\t\t}\n\t}\n})();\n<\/script><!-- Mailchimp for WordPress v4.9.20 - https:\/\/wordpress.org\/plugins\/mailchimp-for-wp\/ --><form id=\"mc4wp-form-1\" class=\"mc4wp-form mc4wp-form-11702\" method=\"post\" data-id=\"11702\" data-name=\"E-b\u00fclten abonelik formu\" action=\"\" ><div class=\"mc4wp-form-fields\"><p>\r\n    <label>Name<\/label>\r\n    <input type=\"text\" name=\"FNAME\">\r\n<\/p>\r\n<p>\r\n    <label>Soyisim<\/label>\r\n    <input type=\"text\" name=\"LNAME\">\r\n<\/p>\r\n<p>\r\n\t<label>E-mail adresi: \r\n\t\t<input type=\"email\" name=\"EMAIL\" placeholder=\"E-posta adresiniz\" required \/>\r\n<\/label>\r\n<\/p>\r\n\r\n<p>\r\n\t<input type=\"submit\" value=\"Kay\u0131t ol\" \/>\r\n<\/p><\/div><label style=\"display: none !important;\">Leave this field empty if you're human: <input type=\"text\" name=\"_mc4wp_honeypot\" value=\"\" tabindex=\"-1\" autocomplete=\"off\" \/><\/label><input type=\"hidden\" name=\"_mc4wp_timestamp\" value=\"1775572999\" \/><input type=\"hidden\" name=\"_mc4wp_form_id\" value=\"11702\" \/><input type=\"hidden\" name=\"_mc4wp_form_element_id\" value=\"mc4wp-form-1\" \/><div class=\"mc4wp-response\"><\/div><input type=\"hidden\" name=\"trp-form-language\" value=\"en\"\/><\/form><!-- \/ Mailchimp for WordPress Plugin -->\n\n\n\n<p><\/p>","protected":false},"excerpt":{"rendered":"<p>\u00c7al\u0131\u015fmalar\u0131m\u0131zdan haberdar olmak i\u00e7in e-b\u00fcltenimize abone ol. E-B\u00dcLTEN ABONEL\u0130K FORMU<\/p>","protected":false},"author":3,"featured_media":0,"parent":0,"menu_order":0,"comment_status":"closed","ping_status":"closed","template":"","meta":[],"aioseo_notices":[],"_links":{"self":[{"href":"https:\/\/politikadaiyilikhali.org\/en\/wp-json\/wp\/v2\/pages\/11734"}],"collection":[{"href":"https:\/\/politikadaiyilikhali.org\/en\/wp-json\/wp\/v2\/pages"}],"about":[{"href":"https:\/\/politikadaiyilikhali.org\/en\/wp-json\/wp\/v2\/types\/page"}],"author":[{"embeddable":true,"href":"https:\/\/politikadaiyilikhali.org\/en\/wp-json\/wp\/v2\/users\/3"}],"replies":[{"embeddable":true,"href":"https:\/\/politikadaiyilikhali.org\/en\/wp-json\/wp\/v2\/comments?post=11734"}],"version-history":[{"count":7,"href":"https:\/\/politikadaiyilikhali.org\/en\/wp-json\/wp\/v2\/pages\/11734\/revisions"}],"predecessor-version":[{"id":11744,"href":"https:\/\/politikadaiyilikhali.org\/en\/wp-json\/wp\/v2\/pages\/11734\/revisions\/11744"}],"wp:attachment":[{"href":"https:\/\/politikadaiyilikhali.org\/en\/wp-json\/wp\/v2\/media?parent=11734"}],"curies":[{"name":"wp","href":"https:\/\/api.w.org\/{rel}","templated":true}]}}