{"id":9651,"date":"2022-05-25T16:56:14","date_gmt":"2022-05-25T13:56:14","guid":{"rendered":"https:\/\/politikadaiyilikhali.org\/?page_id=9651"},"modified":"2023-10-17T18:10:40","modified_gmt":"2023-10-17T15:10:40","slug":"ruha-gida-kaynaklar","status":"publish","type":"page","link":"https:\/\/politikadaiyilikhali.org\/en\/ruha-gida-kaynaklar\/","title":{"rendered":"Ruha G\u0131da Kaynaklar"},"content":{"rendered":"<div data-elementor-type=\"wp-page\" data-elementor-id=\"9651\" class=\"elementor elementor-9651\">\n\t\t\t\t\t\t\t\t\t<section class=\"elementor-section elementor-top-section elementor-element elementor-element-db2bf0a elementor-section-full_width elementor-section-stretched elementor-section-height-default elementor-section-height-default\" data-id=\"db2bf0a\" data-element_type=\"section\" data-settings=\"{&quot;stretch_section&quot;:&quot;section-stretched&quot;,&quot;jet_parallax_layout_list&quot;:[]}\">\n\t\t\t\t\t\t<div class=\"elementor-container elementor-column-gap-default\">\n\t\t\t\t\t<div class=\"elementor-column elementor-col-100 elementor-top-column elementor-element elementor-element-a66bfaf\" data-id=\"a66bfaf\" data-element_type=\"column\">\n\t\t\t<div class=\"elementor-widget-wrap elementor-element-populated\">\n\t\t\t\t\t\t\t\t<div class=\"elementor-element elementor-element-99917d4 elementor-widget elementor-widget-image\" data-id=\"99917d4\" data-element_type=\"widget\" data-widget_type=\"image.default\">\n\t\t\t\t<div class=\"elementor-widget-container\">\n\t\t\t<style>\/*! elementor - v3.6.5 - 27-04-2022 *\/\n.elementor-widget-image{text-align:center}.elementor-widget-image a{display:inline-block}.elementor-widget-image a img[src$=\".svg\"]{width:48px}.elementor-widget-image img{vertical-align:middle;display:inline-block}<\/style>\t\t\t\t\t\t\t\t\t\t\t\t<img width=\"1024\" height=\"226\" src=\"https:\/\/politikadaiyilikhali.org\/wp-content\/uploads\/2022\/05\/Sliderler-Arada-Kaynamasin-1024x226.jpg\" class=\"attachment-large size-large\" alt=\"\" loading=\"lazy\" srcset=\"https:\/\/politikadaiyilikhali.org\/wp-content\/uploads\/2022\/05\/Sliderler-Arada-Kaynamasin-1024x226.jpg 1024w, https:\/\/politikadaiyilikhali.org\/wp-content\/uploads\/2022\/05\/Sliderler-Arada-Kaynamasin-300x66.jpg 300w, https:\/\/politikadaiyilikhali.org\/wp-content\/uploads\/2022\/05\/Sliderler-Arada-Kaynamasin-768x170.jpg 768w, https:\/\/politikadaiyilikhali.org\/wp-content\/uploads\/2022\/05\/Sliderler-Arada-Kaynamasin-1536x339.jpg 1536w, https:\/\/politikadaiyilikhali.org\/wp-content\/uploads\/2022\/05\/Sliderler-Arada-Kaynamasin-600x133.jpg 600w, https:\/\/politikadaiyilikhali.org\/wp-content\/uploads\/2022\/05\/Sliderler-Arada-Kaynamasin.jpg 1920w\" sizes=\"(max-width: 1024px) 100vw, 1024px\" \/>\t\t\t\t\t\t\t\t\t\t\t\t\t\t\t<\/div>\n\t\t\t\t<\/div>\n\t\t\t\t\t<\/div>\n\t\t<\/div>\n\t\t\t\t\t\t\t<\/div>\n\t\t<\/section>\n\t\t\t\t<section class=\"elementor-section elementor-top-section elementor-element elementor-element-cd9c0f5 elementor-section-full_width elementor-section-stretched elementor-section-height-default elementor-section-height-default\" data-id=\"cd9c0f5\" data-element_type=\"section\" data-settings=\"{&quot;stretch_section&quot;:&quot;section-stretched&quot;,&quot;jet_parallax_layout_list&quot;:[]}\">\n\t\t\t\t\t\t<div class=\"elementor-container elementor-column-gap-default\">\n\t\t\t\t\t<div class=\"elementor-column elementor-col-100 elementor-top-column elementor-element elementor-element-fbe9b14\" data-id=\"fbe9b14\" data-element_type=\"column\" data-settings=\"{&quot;background_background&quot;:&quot;classic&quot;}\">\n\t\t\t<div class=\"elementor-widget-wrap elementor-element-populated\">\n\t\t\t\t\t\t\t\t<div class=\"elementor-element elementor-element-31d3c55 elementor-widget elementor-widget-heading\" data-id=\"31d3c55\" data-element_type=\"widget\" data-widget_type=\"heading.default\">\n\t\t\t\t<div class=\"elementor-widget-container\">\n\t\t\t<style>\/*! elementor - v3.6.5 - 27-04-2022 *\/\n.elementor-heading-title{padding:0;margin:0;line-height:1}.elementor-widget-heading .elementor-heading-title[class*=elementor-size-]>a{color:inherit;font-size:inherit;line-height:inherit}.elementor-widget-heading .elementor-heading-title.elementor-size-small{font-size:15px}.elementor-widget-heading .elementor-heading-title.elementor-size-medium{font-size:19px}.elementor-widget-heading .elementor-heading-title.elementor-size-large{font-size:29px}.elementor-widget-heading .elementor-heading-title.elementor-size-xl{font-size:39px}.elementor-widget-heading .elementor-heading-title.elementor-size-xxl{font-size:59px}<\/style><h2 class=\"elementor-heading-title elementor-size-default\">RESOURCES FOR THE SOUL<\/h2>\t\t<\/div>\n\t\t\t\t<\/div>\n\t\t\t\t\t<\/div>\n\t\t<\/div>\n\t\t\t\t\t\t\t<\/div>\n\t\t<\/section>\n\t\t\t\t<section class=\"elementor-section elementor-top-section elementor-element elementor-element-47b1137 elementor-section-boxed elementor-section-height-default elementor-section-height-default\" data-id=\"47b1137\" data-element_type=\"section\" data-settings=\"{&quot;jet_parallax_layout_list&quot;:[],&quot;background_background&quot;:&quot;classic&quot;}\">\n\t\t\t\t\t\t<div class=\"elementor-container elementor-column-gap-default\">\n\t\t\t\t\t<div class=\"elementor-column elementor-col-100 elementor-top-column elementor-element elementor-element-0954a52\" data-id=\"0954a52\" data-element_type=\"column\" data-settings=\"{&quot;background_background&quot;:&quot;classic&quot;}\">\n\t\t\t<div class=\"elementor-widget-wrap elementor-element-populated\">\n\t\t\t\t\t\t\t\t<div class=\"elementor-element elementor-element-d258e87 elementor-widget elementor-widget-text-editor\" data-id=\"d258e87\" data-element_type=\"widget\" data-widget_type=\"text-editor.default\">\n\t\t\t\t<div class=\"elementor-widget-container\">\n\t\t\t<style>\/*! elementor - v3.6.5 - 27-04-2022 *\/\n.elementor-widget-text-editor.elementor-drop-cap-view-stacked .elementor-drop-cap{background-color:#818a91;color:#fff}.elementor-widget-text-editor.elementor-drop-cap-view-framed .elementor-drop-cap{color:#818a91;border:3px solid;background-color:transparent}.elementor-widget-text-editor:not(.elementor-drop-cap-view-default) .elementor-drop-cap{margin-top:8px}.elementor-widget-text-editor:not(.elementor-drop-cap-view-default) .elementor-drop-cap-letter{width:1em;height:1em}.elementor-widget-text-editor .elementor-drop-cap{float:left;text-align:center;line-height:1;font-size:50px}.elementor-widget-text-editor .elementor-drop-cap-letter{display:inline-block}<\/style><style>.elementor-element-d258e87{display:none !important}<\/style>\t\t<\/div>\n\t\t\t\t<\/div>\n\t\t\t\t<div class=\"elementor-element elementor-element-880546f elementor-widget elementor-widget-text-editor\" data-id=\"880546f\" data-element_type=\"widget\" data-widget_type=\"text-editor.default\">\n\t\t\t\t<div class=\"elementor-widget-container\">\n\t\t\t\t\t\t\t<p><strong>RESOURCES FOR THE SOUL<\/strong><\/p>\n<p><strong>BOOK, ARTICLE, ARTICLE, VIDEO SUGGESTIONS<\/strong><br><strong>Authoritarianism, Organization and Well-Being<\/strong><\/p>\n<p>Heinrich Geiselberger(2017). The Great Regression, Wiley<\/p>\n<p>Jean-Michel Palmier, Cabarets de Berlin (1914-1930).-2\/5 \u2013 Les Onze Bourreaux. Expressionnisme et r\u00e9volte politique.<br>http:\/\/stabi02.unblog.fr\/2011\/01\/15\/cabarets-de-berlin-1914-1930-25-les-onze-bourreaux-expressionnisme-et-revolte-politique\/<\/p>\n<p>Terry Eagleton: Why we do love evil?, https:\/\/www.youtube.com\/watch?v=cY5hQiPKHSk<\/p>\n<p>Adam Okulicz-Kozaryn, Oscar Holmes, and Derek R. Avery (2014). The Subjective Well- Being Political Paradox: Happy Welfare States and Unhappy Liberals, Journal of Applied Psychology, Vol. 99, No. 6, 1300 \u2013130<\/p>\n<p>Burhan Can Karahasan, Mehmet P\u0131nar , P\u0131nar Deniz (2021), Political Climate And Regional Well-Being in Turkey, Territory Politics Governance, DOI:10.1080\/21622671.2021.1882332<\/p>\n<p>Carla Bergman and Nick Montgomery (2017). Joyful Militancy, Ak Press, https:\/\/www.akpress.org\/joyful-militancy.html<\/p>\n<p>PASSI\u0307ONATE <br>Jaime L Napier 1, John T Jost (2008). Why Are Conservatives Happier Than Liberals, Psychol Sci. Jun;19(6):565-72, doi: 10.1111\/j.1467-9280.2008.02124.x. (I\u0307ngilizce)<\/p>\n<p>Lydia Alpi\u0301zar Dura\u0301n, Noe\u0308l D. Payne and Anahi Russo (Ed) (1998), Building Feminist Movements and Organizations-Global Perspectives, ZED Books (I\u0307ngilizce)<\/p>\n<p>Lynne Segal (2017). Radical Happiness, Verso.<\/p>\n<p>OECD Well-Being Statistics https:\/\/www.oecdbetterlifeindex.org\/#\/11111111111<\/p>\n<p>OECD, How\u2019s Life In Turkey, https:\/\/www.oecdbetterlifeindex.org\/countries\/turkiye\/<\/p>\n<p>Rebeca Solnit (2009). A Paradise Built in Hell, Penguin Random House (I\u0307ngilizce)<\/p>\n<p>World Values Survey Wave 7 (2017-2020) Turkey v2.0, https:\/\/www.worldvaluessurvey.org\/WVSDocumentationWV7.jsp) (I\u0307ngilizce)<\/p>\n<p><strong>Free Speech, Collective Healing, Well-Being<\/strong><\/p>\n<p>Alain Badiou (2002). Ethics: An Essay on the Understanding of Evil, Verso<\/p>\n<p>Erich Fromm (1941). Escape from Freedom, Ishi Press<\/p>\n<p>Hannah Arendt (1963). The Banality of Evil, Viking Press<\/p>\n<p>Linda Bacon (2021). Radical Belonging: How to Survive and Thrive in an Unjust World (While Transforming it for the Better), Benbella<\/p>\n<p>Michel Foucault (1982). The Subject and Power, https:\/\/www.jstor.org\/stable\/1343197<\/p>\n<p>The Care Collective (2020). The Care Manifesto, Verso<\/p>\n<p>Terry Eagleton (2015). Hope Without Optimism, Upress<\/p>\n<p>Zacharia Simpson 2012)., The Truths We Tell Ourselves: Foucault on Parrhesia, https:\/\/www.researchgate.net\/publication\/277992036_The_Truths_We_Tell_Ourselves_Foucault_on_Parrhesia<\/p>\n<p>Leo Lionni, Pezzettino, Penguin<\/p>\n<p>Shelly Tygielski (2021). Sit Down to Rise Up: How Radical Self-Care Can Change the World, New World Library<\/p>\n<p>COFEM, Reclaiming Our Self-Care As a Feminist Act, https:\/\/cofemsocialchange.org\/reclaiming-our-self-care-as-a-feminist-act\/<\/p>\n<p>The radical history of self-care, https:\/\/www.bbc.co.uk\/programmes\/articles\/5GwXsvJp6q8PM2RLL2Dgc00\/the-radical-history-of-self-care<\/p>\n<p><strong>Other<\/strong><br>activist well-being and radical self care, https:\/\/www.youtube.com\/watch?v=Q1cHoL4vaBs<\/p>\n<p>Activism as a form of self-care (2020). https:\/\/www.youtube.com\/watch?v=4_z1_ky4HLE<\/p>\n<p>Wellbeing and Public Policy: A Contextualist Approach (2022). https:\/\/www.youtube.com\/watch?v=0Y3jaLzkSN8<\/p>\n<p>Green Renaissance, https:\/\/www.youtube.com\/channel\/UCcPPUszZ4-7yzZNgAAYwJjg (\u0130ngilizce)<\/p>\n<p>Wellbeing Economy Alliance, https:\/\/weall.org\/<\/p>\n<p>Political Wellness, https:\/\/open.spotify.com\/show\/2D6E59BeD6Bs9uZsuu0BMf<\/p>\n<p>Simon Sinel (2014). why do good leaders make you feel safe, TED, https:\/\/www.youtube.com\/watch?v=lmyZMtPVodo<\/p>\n<p>Ocean Wellbeing Workshop | Social and Political Wellbeing (2022), https:\/\/www.youtube.com\/watch?v=wNADt1qoZOg<\/p>\n<p>Nicola Sturgeon (2019). Why governments should prioritize well-being, TEDx, https:\/\/www.youtube.com\/watch?v=gJzSWacrkKo<\/p>\t\t\t\t\t\t<\/div>\n\t\t\t\t<\/div>\n\t\t\t\t\t<\/div>\n\t\t<\/div>\n\t\t\t\t\t\t\t<\/div>\n\t\t<\/section>\n\t\t\t\t\t\t\t<\/div>","protected":false},"excerpt":{"rendered":"<p>RUHA GIDA KAYNAKLAR K\u0130TAP, MAKALE, YAZI, V\u0130DEO \u00d6NER\u0130LER\u0130 Otoriteryanizm, \u00d6rg\u00fctl\u00fcl\u00fck ve \u0130yilik Hali Heinrich Geiselberger (Haz). (2017). B\u00fcy\u00fck Gerileme, Metis, birinci bas\u0131m U\u011fur Kenan \u00d6zkan, \u2018\u2019\u2019D\u00fc\u015fman\u0131n\u2019 G\u00f6lgesinden Kurtulmak\u201d, https:\/\/ayrintidergi.com.tr\/dusmanin-golgesinden-kurtulmak\/, 12 May\u0131s 2014 \u201cBir i\u015f\u00e7inin mektubu: AKP\u2019ye neden oy verdim?\u201d, Evrensel, https:\/\/www.evrensel.net\/haber\/265239\/bir-iscinin-mektubu-akpye-neden-oy-verdim , 16.10.2015 Jean-Michel Palmier, Kabare Ruhu, Ekspresyonizm ve Siyasal \u0130syan, \u00c7eviri: Uraz Ayd\u0131n, Skopb\u00fclten, [&hellip;]<\/p>","protected":false},"author":1,"featured_media":0,"parent":0,"menu_order":0,"comment_status":"closed","ping_status":"closed","template":"page-templates\/fullwidth-content.php","meta":[],"aioseo_notices":[],"_links":{"self":[{"href":"https:\/\/politikadaiyilikhali.org\/en\/wp-json\/wp\/v2\/pages\/9651"}],"collection":[{"href":"https:\/\/politikadaiyilikhali.org\/en\/wp-json\/wp\/v2\/pages"}],"about":[{"href":"https:\/\/politikadaiyilikhali.org\/en\/wp-json\/wp\/v2\/types\/page"}],"author":[{"embeddable":true,"href":"https:\/\/politikadaiyilikhali.org\/en\/wp-json\/wp\/v2\/users\/1"}],"replies":[{"embeddable":true,"href":"https:\/\/politikadaiyilikhali.org\/en\/wp-json\/wp\/v2\/comments?post=9651"}],"version-history":[{"count":30,"href":"https:\/\/politikadaiyilikhali.org\/en\/wp-json\/wp\/v2\/pages\/9651\/revisions"}],"predecessor-version":[{"id":11378,"href":"https:\/\/politikadaiyilikhali.org\/en\/wp-json\/wp\/v2\/pages\/9651\/revisions\/11378"}],"wp:attachment":[{"href":"https:\/\/politikadaiyilikhali.org\/en\/wp-json\/wp\/v2\/media?parent=9651"}],"curies":[{"name":"wp","href":"https:\/\/api.w.org\/{rel}","templated":true}]}}