{"id":10769,"date":"2022-10-19T17:42:48","date_gmt":"2022-10-19T14:42:48","guid":{"rendered":"https:\/\/politikadaiyilikhali.org\/?page_id=10769"},"modified":"2024-01-05T20:28:14","modified_gmt":"2024-01-05T17:28:14","slug":"atolyeler","status":"publish","type":"page","link":"https:\/\/politikadaiyilikhali.org\/tr_tr\/atolyeler\/","title":{"rendered":"At\u00f6lyeler"},"content":{"rendered":"\t\t<div data-elementor-type=\"wp-page\" data-elementor-id=\"10769\" class=\"elementor elementor-10769\">\n\t\t\t\t\t\t\t\t\t<section class=\"elementor-section elementor-top-section elementor-element elementor-element-d522344 elementor-section-boxed elementor-section-height-default elementor-section-height-default\" data-id=\"d522344\" data-element_type=\"section\" data-settings=\"{&quot;jet_parallax_layout_list&quot;:[],&quot;background_background&quot;:&quot;classic&quot;}\">\n\t\t\t\t\t\t<div class=\"elementor-container elementor-column-gap-default\">\n\t\t\t\t\t<div class=\"elementor-column elementor-col-100 elementor-top-column elementor-element elementor-element-536971d\" data-id=\"536971d\" data-element_type=\"column\">\n\t\t\t<div class=\"elementor-widget-wrap elementor-element-populated\">\n\t\t\t\t\t\t\t\t<section class=\"elementor-section elementor-inner-section elementor-element elementor-element-50546da elementor-section-boxed elementor-section-height-default elementor-section-height-default\" data-id=\"50546da\" data-element_type=\"section\" data-settings=\"{&quot;jet_parallax_layout_list&quot;:[]}\">\n\t\t\t\t\t\t<div class=\"elementor-container elementor-column-gap-default\">\n\t\t\t\t\t<div class=\"elementor-column elementor-col-100 elementor-inner-column elementor-element elementor-element-08916a1\" data-id=\"08916a1\" data-element_type=\"column\">\n\t\t\t<div class=\"elementor-widget-wrap elementor-element-populated\">\n\t\t\t\t\t\t\t\t<div class=\"elementor-element elementor-element-1dd9ec8 elementor-widget elementor-widget-heading\" data-id=\"1dd9ec8\" data-element_type=\"widget\" data-widget_type=\"heading.default\">\n\t\t\t\t<div class=\"elementor-widget-container\">\n\t\t\t<style>\/*! elementor - v3.6.5 - 27-04-2022 *\/\n.elementor-heading-title{padding:0;margin:0;line-height:1}.elementor-widget-heading .elementor-heading-title[class*=elementor-size-]>a{color:inherit;font-size:inherit;line-height:inherit}.elementor-widget-heading .elementor-heading-title.elementor-size-small{font-size:15px}.elementor-widget-heading .elementor-heading-title.elementor-size-medium{font-size:19px}.elementor-widget-heading .elementor-heading-title.elementor-size-large{font-size:29px}.elementor-widget-heading .elementor-heading-title.elementor-size-xl{font-size:39px}.elementor-widget-heading .elementor-heading-title.elementor-size-xxl{font-size:59px}<\/style><h2 class=\"elementor-heading-title elementor-size-default\">At\u00f6lyeler!<\/h2>\t\t<\/div>\n\t\t\t\t<\/div>\n\t\t\t\t\t<\/div>\n\t\t<\/div>\n\t\t\t\t\t\t\t<\/div>\n\t\t<\/section>\n\t\t\t\t\t<\/div>\n\t\t<\/div>\n\t\t\t\t\t\t\t<\/div>\n\t\t<\/section>\n\t\t\t\t<section class=\"elementor-section elementor-top-section elementor-element elementor-element-f8f82c6 elementor-section-boxed elementor-section-height-default elementor-section-height-default\" data-id=\"f8f82c6\" data-element_type=\"section\" data-settings=\"{&quot;jet_parallax_layout_list&quot;:[],&quot;background_background&quot;:&quot;gradient&quot;}\">\n\t\t\t\t\t\t<div class=\"elementor-container elementor-column-gap-default\">\n\t\t\t\t\t<div class=\"elementor-column elementor-col-100 elementor-top-column elementor-element elementor-element-fe13668\" data-id=\"fe13668\" data-element_type=\"column\">\n\t\t\t<div class=\"elementor-widget-wrap\">\n\t\t\t\t\t\t\t\t\t<\/div>\n\t\t<\/div>\n\t\t\t\t\t\t\t<\/div>\n\t\t<\/section>\n\t\t\t\t<section class=\"elementor-section elementor-top-section elementor-element elementor-element-b6342c6 elementor-section-boxed elementor-section-height-default elementor-section-height-default\" data-id=\"b6342c6\" data-element_type=\"section\" data-settings=\"{&quot;jet_parallax_layout_list&quot;:[],&quot;background_background&quot;:&quot;classic&quot;}\">\n\t\t\t\t\t\t<div class=\"elementor-container elementor-column-gap-default\">\n\t\t\t\t\t<div class=\"elementor-column elementor-col-100 elementor-top-column elementor-element elementor-element-18ccd2c\" data-id=\"18ccd2c\" data-element_type=\"column\">\n\t\t\t<div class=\"elementor-widget-wrap elementor-element-populated\">\n\t\t\t\t\t\t\t\t<section class=\"elementor-section elementor-inner-section elementor-element elementor-element-5fdc635 elementor-section-boxed elementor-section-height-default elementor-section-height-default\" data-id=\"5fdc635\" data-element_type=\"section\" data-settings=\"{&quot;jet_parallax_layout_list&quot;:[]}\">\n\t\t\t\t\t\t<div class=\"elementor-container elementor-column-gap-default\">\n\t\t\t\t\t<div class=\"elementor-column elementor-col-100 elementor-inner-column elementor-element elementor-element-db8e3e5\" data-id=\"db8e3e5\" data-element_type=\"column\">\n\t\t\t<div class=\"elementor-widget-wrap elementor-element-populated\">\n\t\t\t\t\t\t\t\t<div class=\"elementor-element elementor-element-a6f4481 elementor-widget elementor-widget-image\" data-id=\"a6f4481\" data-element_type=\"widget\" data-widget_type=\"image.default\">\n\t\t\t\t<div class=\"elementor-widget-container\">\n\t\t\t<style>\/*! elementor - v3.6.5 - 27-04-2022 *\/\n.elementor-widget-image{text-align:center}.elementor-widget-image a{display:inline-block}.elementor-widget-image a img[src$=\".svg\"]{width:48px}.elementor-widget-image img{vertical-align:middle;display:inline-block}<\/style>\t\t\t\t\t\t\t\t\t\t\t\t<img width=\"768\" height=\"768\" src=\"https:\/\/politikadaiyilikhali.org\/wp-content\/uploads\/2023\/12\/Women-for-Women-768x768.png\" class=\"attachment-medium_large size-medium_large\" alt=\"\" loading=\"lazy\" srcset=\"https:\/\/politikadaiyilikhali.org\/wp-content\/uploads\/2023\/12\/Women-for-Women-768x768.png 768w, https:\/\/politikadaiyilikhali.org\/wp-content\/uploads\/2023\/12\/Women-for-Women-300x300.png 300w, https:\/\/politikadaiyilikhali.org\/wp-content\/uploads\/2023\/12\/Women-for-Women-1024x1024.png 1024w, https:\/\/politikadaiyilikhali.org\/wp-content\/uploads\/2023\/12\/Women-for-Women-150x150.png 150w, https:\/\/politikadaiyilikhali.org\/wp-content\/uploads\/2023\/12\/Women-for-Women-12x12.png 12w, https:\/\/politikadaiyilikhali.org\/wp-content\/uploads\/2023\/12\/Women-for-Women-230x230.png 230w, https:\/\/politikadaiyilikhali.org\/wp-content\/uploads\/2023\/12\/Women-for-Women-400x400.png 400w, https:\/\/politikadaiyilikhali.org\/wp-content\/uploads\/2023\/12\/Women-for-Women-600x600.png 600w, https:\/\/politikadaiyilikhali.org\/wp-content\/uploads\/2023\/12\/Women-for-Women-640x640.png 640w, https:\/\/politikadaiyilikhali.org\/wp-content\/uploads\/2023\/12\/Women-for-Women.png 1080w\" sizes=\"(max-width: 768px) 100vw, 768px\" \/>\t\t\t\t\t\t\t\t\t\t\t\t\t\t\t<\/div>\n\t\t\t\t<\/div>\n\t\t\t\t<div class=\"elementor-element elementor-element-f0dad6d elementor-widget elementor-widget-text-editor\" data-id=\"f0dad6d\" data-element_type=\"widget\" data-widget_type=\"text-editor.default\">\n\t\t\t\t<div class=\"elementor-widget-container\">\n\t\t\t<style>\/*! elementor - v3.6.5 - 27-04-2022 *\/\n.elementor-widget-text-editor.elementor-drop-cap-view-stacked .elementor-drop-cap{background-color:#818a91;color:#fff}.elementor-widget-text-editor.elementor-drop-cap-view-framed .elementor-drop-cap{color:#818a91;border:3px solid;background-color:transparent}.elementor-widget-text-editor:not(.elementor-drop-cap-view-default) .elementor-drop-cap{margin-top:8px}.elementor-widget-text-editor:not(.elementor-drop-cap-view-default) .elementor-drop-cap-letter{width:1em;height:1em}.elementor-widget-text-editor .elementor-drop-cap{float:left;text-align:center;line-height:1;font-size:50px}.elementor-widget-text-editor .elementor-drop-cap-letter{display:inline-block}<\/style>\t\t\t\t<p><span style=\"font-weight: 400;\">At\u00f6lyelerimizi kimi zaman online, kimi zaman y\u00fcz y\u00fcze yap\u0131yoruz. At\u00f6lyenin online m\u0131 y\u00fcz y\u00fcze mi olaca\u011f\u0131 kat\u0131l\u0131mc\u0131lar\u0131n taleplerine g\u00f6re belirlenirken, i\u00e7erik de kat\u0131l\u0131mc\u0131lar\u0131n ihtiya\u00e7lar\u0131na paralel bi\u00e7imde son halini al\u0131yor.<\/span><\/p>\n<p><\/p>\n<p><span style=\"font-weight: 400;\">At\u00f6lyelerimizde \u00f6ncelikli hedefimiz belirli bir \u00f6rg\u00fctlenme ile en az iki at\u00f6lye y\u00fcr\u00fctmek. Bulundu\u011funuz \u00f6rg\u00fctlenme i\u00e7in b\u00f6yle bir talebiniz olursa bize ula\u015fabilirsiniz.<\/span><\/p>\n<p><\/p>\n<p><span style=\"font-weight: 400;\">\u00d6te yandan, bazen online duyuru a\u00e7arak, T\u00fcrkiye\u2019nin d\u00f6rt yan\u0131ndan aktivistlerle veya politik m\u00fccadeleye ilgi duyanlarla bir araya geliyoruz.<\/span><\/p>\n<p><\/p>\n<p><span style=\"font-weight: 400;\">At\u00f6lyelerimiz ilginizi \u00e7ektiyse bize eposta g\u00f6nderebilir, internet sitemizdeki \u201cPratik Bilgiler\u201d ba\u015fl\u0131kl\u0131 b\u00f6l\u00fcmde haz\u0131rlanan rehberlerden faydalanabilir ve \u201cRuha G\u0131da Kaynaklar\u201d ba\u015fl\u0131kl\u0131 b\u00f6l\u00fcmde \u00f6nerilen kaynaklar\u0131 okuyabilirsiniz.<\/span><\/p>\n<p><\/p>\n<p><span style=\"font-weight: 400;\">At\u00f6lyelerimiz d\u00f6rt konu ba\u015fl\u0131\u011f\u0131na odaklan\u0131yor:<\/span><\/p>\n<p><\/p>\n<p><span style=\"font-weight: 400;\">Otoriteryanizm ve iyilik hali:<\/span><span style=\"font-weight: 400;\"> Bu at\u00f6lyede otoriter bir rejimin vatanda\u015flar \u00fczerindeki genel etkilerini ve aktivistler \u00fczerindeki \u00f6zel etkilerini ortaya koyup, bak\u0131m temelli bir devlet, bak\u0131m temelli toplum ve bunun i\u00e7in gerekli olan bak\u0131m temelli m\u00fccadelenin yol haritas\u0131n\u0131 \u00e7\u0131kar\u0131yoruz.<\/span><\/p>\n<p><span style=\"font-weight: 400;\">At\u00f6lyemizin temel sorular\u0131 \u015funlar:&nbsp;<\/span><\/p>\n<ol>\n<li style=\"font-weight: 400;\" aria-level=\"1\"><span style=\"font-weight: 400;\">Otoriteryanizm iyilik halinin penceresinden bak\u0131ld\u0131\u011f\u0131nda nas\u0131l bir rejim?<\/span><\/li>\n<li style=\"font-weight: 400;\" aria-level=\"1\"><span style=\"font-weight: 400;\">Otoriteryanizm sa\u011fdan sola t\u00fcm se\u00e7menleri ve \u00f6rg\u00fctlenmeleri nas\u0131l etkiliyor?<\/span><\/li>\n<li style=\"font-weight: 400;\" aria-level=\"1\"><span style=\"font-weight: 400;\">Kar\u015f\u0131 \u00e7\u0131kt\u0131\u011f\u0131m\u0131z otoriter y\u00f6ntemleri ve perspektifi nerede, nas\u0131l yeniden \u00fcretiyoruz?<\/span><\/li>\n<li style=\"font-weight: 400;\" aria-level=\"1\"><span style=\"font-weight: 400;\">Mask\u00fclen siyaset ve otoriter yakla\u015f\u0131m aras\u0131nda nas\u0131l bir ili\u015fki var?<\/span><\/li>\n<li style=\"font-weight: 400;\" aria-level=\"1\"><span style=\"font-weight: 400;\">Bak\u0131m-temelli bir politik perspektifin yap\u0131 ta\u015flar\u0131 neler?<\/span><\/li>\n<\/ol>\n<p><span style=\"font-weight: 400;\">\u0130yilik hali ve kolektif iyile\u015fme: <\/span><span style=\"font-weight: 400;\">At\u00f6lyemiz iyilik halinin yap\u0131sal ko\u015fullar\u0131na ve kolektif onar\u0131m yollar\u0131na odaklan\u0131yor. Bireysel iyilik hali ve kolektif iyile\u015fme aras\u0131ndaki vazge\u00e7ilmez ba\u011flar\u0131 ve olanaklar\u0131 g\u00f6sterip, kolektif iyile\u015fmenin demokratikle\u015fme a\u00e7\u0131s\u0131ndan neden elzem oldu\u011funu g\u00f6steriyor.<\/span><\/p>\n<p><span style=\"font-weight: 400;\">At\u00f6lyemizin temel sorular\u0131 \u015funlar:<\/span><\/p>\n<ol>\n<li style=\"font-weight: 400;\" aria-level=\"1\"><span style=\"font-weight: 400;\">\u0130yilik hali nedir? \u0130yilik halinin boyut ve d\u00fczlemleri nelerdir?<\/span><\/li>\n<li style=\"font-weight: 400;\" aria-level=\"1\"><span style=\"font-weight: 400;\">Politikada iyilik hali ile neoliberal iyilik hali perspektifleri aras\u0131ndaki fark nedir?<\/span><\/li>\n<li style=\"font-weight: 400;\" aria-level=\"1\"><span style=\"font-weight: 400;\">Bireysel iyilik halinin ard\u0131ndaki yap\u0131sal toplumsal, siyasal ve ekonomik ko\u015fullar nelerdir?&nbsp;<\/span><\/li>\n<li style=\"font-weight: 400;\" aria-level=\"1\"><span style=\"font-weight: 400;\">Bireysel ve kolektif iyile\u015fme yollar\u0131 hangi noktalarda birle\u015fir ve ayr\u0131\u015f\u0131r?<\/span><\/li>\n<li style=\"font-weight: 400;\" aria-level=\"1\"><span style=\"font-weight: 400;\">Kolektif iyile\u015fme demokratikle\u015fmeye nas\u0131l katk\u0131 sa\u011flar?<\/span><\/li>\n<\/ol>\n<p><span style=\"font-weight: 400;\">Politikay\u0131 Sanatla D\u00f6n\u00fc\u015ft\u00fcrmek: At\u00f6lyemiz, politik m\u00fccadelede beklenen adanm\u0131\u015fl\u0131k, ciddiyet ve ba\u015far\u0131s\u0131zl\u0131klara odaklanma e\u011filiminin getirdi\u011fi tek boyutlulu\u011fun, bir sanat\u00e7\u0131 gibi d\u00fc\u015f\u00fcnme perspektifinden ilham alarak nas\u0131l a\u015f\u0131labilece\u011fine odaklan\u0131yor.<\/span><\/p>\n<p><span style=\"font-weight: 400;\">At\u00f6lyemizin temel sorular\u0131 \u015funlar:<\/span><\/p>\n<ol>\n<li style=\"font-weight: 400;\" aria-level=\"1\"><span style=\"font-weight: 400;\">Mevcut politik anlay\u0131\u015f, politik m\u00fccadele i\u00e7inde olanlar i\u00e7in hangi d\u00fc\u015f\u00fcnsel, bedensel ve psikolojik s\u0131n\u0131rlar\u0131 in\u015fa ediyor?<\/span><\/li>\n<li style=\"font-weight: 400;\" aria-level=\"1\"><span style=\"font-weight: 400;\">Politikay\u0131 sanatla\u015ft\u0131rman\u0131n olanak ve ara\u00e7lar\u0131 neler olabilir?<\/span><\/li>\n<\/ol>\n<p><span style=\"font-weight: 400;\">Bak\u0131m Temelli \u00d6rg\u00fctl\u00fcl\u00fck: Bu at\u00f6lyenin temel amac\u0131, bir derne\u011fin\/partinin\/platformun \u00fcyesi olanlar\u0131n iyilik hali ile \u00f6rg\u00fctsel g\u00fc\u00e7lenme aras\u0131ndaki ili\u015fkileri ve bunun \u00f6nemini a\u00e7\u0131\u011fa \u00e7\u0131karmak. Hali haz\u0131rda yayg\u0131n olan ele\u015ftiriyi d\u0131\u015fsalla\u015ft\u0131rma, ele\u015ftiriye\/sorun \u00e7\u00f6zmeye\/ittifaklara kapal\u0131l\u0131k, iyilik halinin gereklerini siyaset a\u00e7\u0131s\u0131ndan ikincille\u015ftirme e\u011filimlerinin yerine alternatif mekanizmalar \u00fcretilmesi \u00fczerinde duruluyor.<\/span><\/p>\n<p><span style=\"font-weight: 400;\">At\u00f6lyemizin temel sorular\u0131 \u015funlar:<\/span><\/p>\n<ol>\n<li style=\"font-weight: 400;\" aria-level=\"1\"><span style=\"font-weight: 400;\">Aktivistlerin bireysel g\u00fc\u00e7lenmesi ve \u00f6rg\u00fctsel g\u00fc\u00e7lenme aras\u0131ndaki ili\u015fki ne?<\/span><\/li>\n<li style=\"font-weight: 400;\" aria-level=\"1\"><span style=\"font-weight: 400;\">\u0130ttifak ve ortakl\u0131klar nas\u0131l kurulur? Kurulmalar\u0131n\u0131n \u00f6n\u00fcndeki engeller nelerdir?<\/span><\/li>\n<li style=\"font-weight: 400;\" aria-level=\"1\"><span style=\"font-weight: 400;\">Politik ele\u015ftiri alma ve vermenin esas\u0131 ve \u00f6nemi nedir?<\/span><\/li>\n<li style=\"font-weight: 400;\" aria-level=\"1\"><span style=\"font-weight: 400;\">Yolda\u015fl\u0131k ili\u015fkileri nas\u0131l g\u00fc\u00e7lendirilir?<\/span><\/li>\n<li style=\"font-weight: 400;\" aria-level=\"1\"><span style=\"font-weight: 400;\">bireysel ve \u00f6rg\u00fctsel g\u00fc\u00e7lenmenin ard\u0131ndaki teknik gereklilikler, kolayla\u015ft\u0131r\u0131c\u0131 mekanizmalar nelerdir?<\/span><\/li>\n<\/ol>\t\t\t\t\t\t<\/div>\n\t\t\t\t<\/div>\n\t\t\t\t<div class=\"elementor-element elementor-element-f547362 elementor-widget elementor-widget-text-editor\" data-id=\"f547362\" data-element_type=\"widget\" data-widget_type=\"text-editor.default\">\n\t\t\t\t<div class=\"elementor-widget-container\">\n\t\t\t<style>.elementor-element-f547362{display:none !important}<\/style>\t\t<\/div>\n\t\t\t\t<\/div>\n\t\t\t\t\t<\/div>\n\t\t<\/div>\n\t\t\t\t\t\t\t<\/div>\n\t\t<\/section>\n\t\t\t\t\t<\/div>\n\t\t<\/div>\n\t\t\t\t\t\t\t<\/div>\n\t\t<\/section>\n\t\t\t\t\t\t\t<\/div>\n\t\t","protected":false},"excerpt":{"rendered":"<p>At\u00f6lyeler! At\u00f6lyelerimizi kimi zaman online, kimi zaman y\u00fcz y\u00fcze yap\u0131yoruz. At\u00f6lyenin online m\u0131 y\u00fcz y\u00fcze mi olaca\u011f\u0131 kat\u0131l\u0131mc\u0131lar\u0131n taleplerine g\u00f6re belirlenirken, i\u00e7erik de kat\u0131l\u0131mc\u0131lar\u0131n ihtiya\u00e7lar\u0131na paralel bi\u00e7imde son halini al\u0131yor. At\u00f6lyelerimizde \u00f6ncelikli hedefimiz belirli bir \u00f6rg\u00fctlenme ile en az iki at\u00f6lye y\u00fcr\u00fctmek. Bulundu\u011funuz \u00f6rg\u00fctlenme i\u00e7in b\u00f6yle bir talebiniz olursa bize ula\u015fabilirsiniz. \u00d6te yandan, bazen online [&hellip;]<\/p>\n","protected":false},"author":3,"featured_media":0,"parent":0,"menu_order":0,"comment_status":"closed","ping_status":"closed","template":"page-templates\/fullwidth-content.php","meta":[],"aioseo_notices":[],"_links":{"self":[{"href":"https:\/\/politikadaiyilikhali.org\/tr_tr\/wp-json\/wp\/v2\/pages\/10769"}],"collection":[{"href":"https:\/\/politikadaiyilikhali.org\/tr_tr\/wp-json\/wp\/v2\/pages"}],"about":[{"href":"https:\/\/politikadaiyilikhali.org\/tr_tr\/wp-json\/wp\/v2\/types\/page"}],"author":[{"embeddable":true,"href":"https:\/\/politikadaiyilikhali.org\/tr_tr\/wp-json\/wp\/v2\/users\/3"}],"replies":[{"embeddable":true,"href":"https:\/\/politikadaiyilikhali.org\/tr_tr\/wp-json\/wp\/v2\/comments?post=10769"}],"version-history":[{"count":34,"href":"https:\/\/politikadaiyilikhali.org\/tr_tr\/wp-json\/wp\/v2\/pages\/10769\/revisions"}],"predecessor-version":[{"id":11839,"href":"https:\/\/politikadaiyilikhali.org\/tr_tr\/wp-json\/wp\/v2\/pages\/10769\/revisions\/11839"}],"wp:attachment":[{"href":"https:\/\/politikadaiyilikhali.org\/tr_tr\/wp-json\/wp\/v2\/media?parent=10769"}],"curies":[{"name":"wp","href":"https:\/\/api.w.org\/{rel}","templated":true}]}}