{"id":10872,"date":"2022-11-27T14:01:14","date_gmt":"2022-11-27T11:01:14","guid":{"rendered":"https:\/\/politikadaiyilikhali.org\/?page_id=10872"},"modified":"2023-08-24T00:42:45","modified_gmt":"2023-08-23T21:42:45","slug":"basari-ve-cuvallama-hikayeleri","status":"publish","type":"page","link":"https:\/\/politikadaiyilikhali.org\/tr_tr\/basari-ve-cuvallama-hikayeleri\/","title":{"rendered":"Ba\u015far\u0131 ve \u00c7uvallama Hikayeleri"},"content":{"rendered":"\t\t<div data-elementor-type=\"wp-page\" data-elementor-id=\"10872\" class=\"elementor elementor-10872\">\n\t\t\t\t\t\t\t\t\t<section class=\"elementor-section elementor-top-section elementor-element elementor-element-d9381fd elementor-section-boxed elementor-section-height-default elementor-section-height-default\" data-id=\"d9381fd\" data-element_type=\"section\" data-settings=\"{&quot;jet_parallax_layout_list&quot;:[],&quot;background_background&quot;:&quot;classic&quot;}\">\n\t\t\t\t\t\t<div class=\"elementor-container elementor-column-gap-default\">\n\t\t\t\t\t<div class=\"elementor-column elementor-col-100 elementor-top-column elementor-element elementor-element-13bd8a0\" data-id=\"13bd8a0\" data-element_type=\"column\">\n\t\t\t<div class=\"elementor-widget-wrap elementor-element-populated\">\n\t\t\t\t\t\t\t\t<div class=\"elementor-element elementor-element-59ca07e elementor-widget elementor-widget-heading\" data-id=\"59ca07e\" data-element_type=\"widget\" data-widget_type=\"heading.default\">\n\t\t\t\t<div class=\"elementor-widget-container\">\n\t\t\t<style>\/*! elementor - v3.6.5 - 27-04-2022 *\/\n.elementor-heading-title{padding:0;margin:0;line-height:1}.elementor-widget-heading .elementor-heading-title[class*=elementor-size-]>a{color:inherit;font-size:inherit;line-height:inherit}.elementor-widget-heading .elementor-heading-title.elementor-size-small{font-size:15px}.elementor-widget-heading .elementor-heading-title.elementor-size-medium{font-size:19px}.elementor-widget-heading .elementor-heading-title.elementor-size-large{font-size:29px}.elementor-widget-heading .elementor-heading-title.elementor-size-xl{font-size:39px}.elementor-widget-heading .elementor-heading-title.elementor-size-xxl{font-size:59px}<\/style><style>.elementor-element-59ca07e{display:none !important}<\/style>\t\t<\/div>\n\t\t\t\t<\/div>\n\t\t\t\t\t<\/div>\n\t\t<\/div>\n\t\t\t\t\t\t\t<\/div>\n\t\t<\/section>\n\t\t\t\t<section class=\"elementor-section elementor-top-section elementor-element elementor-element-3984baa elementor-section-boxed elementor-section-height-default elementor-section-height-default\" data-id=\"3984baa\" data-element_type=\"section\" data-settings=\"{&quot;jet_parallax_layout_list&quot;:[],&quot;background_background&quot;:&quot;classic&quot;}\">\n\t\t\t\t\t\t<div class=\"elementor-container elementor-column-gap-default\">\n\t\t\t\t\t<div class=\"elementor-column elementor-col-100 elementor-top-column elementor-element elementor-element-3e9c721\" data-id=\"3e9c721\" data-element_type=\"column\">\n\t\t\t<div class=\"elementor-widget-wrap elementor-element-populated\">\n\t\t\t\t\t\t\t\t<div class=\"elementor-element elementor-element-633772c elementor-widget elementor-widget-heading\" data-id=\"633772c\" data-element_type=\"widget\" data-widget_type=\"heading.default\">\n\t\t\t\t<div class=\"elementor-widget-container\">\n\t\t\t<h2 class=\"elementor-heading-title elementor-size-default\"><br>Ba\u015far\u0131 ve \u00c7uvallama Hikayeleri <br><\/h2>\t\t<\/div>\n\t\t\t\t<\/div>\n\t\t\t\t\t<\/div>\n\t\t<\/div>\n\t\t\t\t\t\t\t<\/div>\n\t\t<\/section>\n\t\t\t\t<section class=\"elementor-section elementor-top-section elementor-element elementor-element-4ce0ec9 elementor-section-boxed elementor-section-height-default elementor-section-height-default\" data-id=\"4ce0ec9\" data-element_type=\"section\" data-settings=\"{&quot;jet_parallax_layout_list&quot;:[],&quot;background_background&quot;:&quot;classic&quot;}\">\n\t\t\t\t\t\t<div class=\"elementor-container elementor-column-gap-default\">\n\t\t\t\t\t<div class=\"elementor-column elementor-col-100 elementor-top-column elementor-element elementor-element-f1ecaef\" data-id=\"f1ecaef\" data-element_type=\"column\">\n\t\t\t<div class=\"elementor-widget-wrap elementor-element-populated\">\n\t\t\t\t\t\t\t\t<div class=\"elementor-element elementor-element-c010cd7 elementor-widget elementor-widget-spacer\" data-id=\"c010cd7\" data-element_type=\"widget\" data-widget_type=\"spacer.default\">\n\t\t\t\t<div class=\"elementor-widget-container\">\n\t\t\t<style>\/*! elementor - v3.6.5 - 27-04-2022 *\/\n.e-container.e-container--row .elementor-spacer-inner{width:var(--spacer-size)}.e-container.e-container--column .elementor-spacer-inner,.elementor-column .elementor-spacer-inner{height:var(--spacer-size)}<\/style>\t\t<div class=\"elementor-spacer\">\n\t\t\t<div class=\"elementor-spacer-inner\"><\/div>\n\t\t<\/div>\n\t\t\t\t<\/div>\n\t\t\t\t<\/div>\n\t\t\t\t\t<\/div>\n\t\t<\/div>\n\t\t\t\t\t\t\t<\/div>\n\t\t<\/section>\n\t\t\t\t<section class=\"elementor-section elementor-top-section elementor-element elementor-element-ef0ce30 elementor-section-boxed elementor-section-height-default elementor-section-height-default\" data-id=\"ef0ce30\" data-element_type=\"section\" data-settings=\"{&quot;jet_parallax_layout_list&quot;:[],&quot;background_background&quot;:&quot;gradient&quot;}\">\n\t\t\t\t\t\t<div class=\"elementor-container elementor-column-gap-default\">\n\t\t\t\t\t<div class=\"elementor-column elementor-col-100 elementor-top-column elementor-element elementor-element-57fb976\" data-id=\"57fb976\" data-element_type=\"column\">\n\t\t\t<div class=\"elementor-widget-wrap elementor-element-populated\">\n\t\t\t\t\t\t\t\t<div class=\"elementor-element elementor-element-abbfc42 elementor-widget elementor-widget-text-editor\" data-id=\"abbfc42\" data-element_type=\"widget\" data-widget_type=\"text-editor.default\">\n\t\t\t\t<div class=\"elementor-widget-container\">\n\t\t\t<style>\/*! elementor - v3.6.5 - 27-04-2022 *\/\n.elementor-widget-text-editor.elementor-drop-cap-view-stacked .elementor-drop-cap{background-color:#818a91;color:#fff}.elementor-widget-text-editor.elementor-drop-cap-view-framed .elementor-drop-cap{color:#818a91;border:3px solid;background-color:transparent}.elementor-widget-text-editor:not(.elementor-drop-cap-view-default) .elementor-drop-cap{margin-top:8px}.elementor-widget-text-editor:not(.elementor-drop-cap-view-default) .elementor-drop-cap-letter{width:1em;height:1em}.elementor-widget-text-editor .elementor-drop-cap{float:left;text-align:center;line-height:1;font-size:50px}.elementor-widget-text-editor .elementor-drop-cap-letter{display:inline-block}<\/style>\t\t\t\t<div class=\"x11i5rnm xat24cr x1mh8g0r x1vvkbs xdj266r x126k92a\">\n<div dir=\"auto\"><br><\/div>\n<div dir=\"auto\">Siyasal m\u00fccadeleleri sonu\u00e7lar\u0131 ile \u00f6zetliyoruz oysa s\u00fcre\u00e7lerin kendisinden yolda\u015fl\u0131\u011fa, hayata, politikaya dair say\u0131s\u0131z \u015fey \u00f6\u011freniyoruz.Toplumsal m\u00fccadeleleri m\u00fcmk\u00fcn k\u0131lan, ilk anda akla gelmeyen arka plan\u0131 sizin i\u00e7in derliyoruz.<\/div>\n<div dir=\"auto\"><br><\/div><\/div><div class=\"x11i5rnm xat24cr x1mh8g0r x1vvkbs xtlvy1s x126k92a\">\n<\/div>\t\t\t\t\t\t<\/div>\n\t\t\t\t<\/div>\n\t\t\t\t\t<\/div>\n\t\t<\/div>\n\t\t\t\t\t\t\t<\/div>\n\t\t<\/section>\n\t\t\t\t<section class=\"elementor-section elementor-top-section elementor-element elementor-element-1a2a6fc elementor-section-boxed elementor-section-height-default elementor-section-height-default\" data-id=\"1a2a6fc\" data-element_type=\"section\" data-settings=\"{&quot;jet_parallax_layout_list&quot;:[],&quot;background_background&quot;:&quot;classic&quot;}\">\n\t\t\t\t\t\t<div class=\"elementor-container elementor-column-gap-default\">\n\t\t\t\t\t<div class=\"elementor-column elementor-col-100 elementor-top-column elementor-element elementor-element-4d99d9f\" data-id=\"4d99d9f\" data-element_type=\"column\">\n\t\t\t<div class=\"elementor-widget-wrap elementor-element-populated\">\n\t\t\t\t\t\t\t\t<div class=\"elementor-element elementor-element-78bf547 elementor-align-center elementor-widget elementor-widget-button\" data-id=\"78bf547\" data-element_type=\"widget\" data-widget_type=\"button.default\">\n\t\t\t\t<div class=\"elementor-widget-container\">\n\t\t\t\t\t<div class=\"elementor-button-wrapper\">\n\t\t\t<a href=\"https:\/\/politikadaiyilikhali.org\/wp-content\/uploads\/2022\/12\/ecehan-balta.pdf\" class=\"elementor-button-link elementor-button elementor-size-lg\" role=\"button\">\n\t\t\t\t\t\t<span class=\"elementor-button-content-wrapper\">\n\t\t\t\t\t\t<span class=\"elementor-button-text\">biraz andaval m\u0131y\u0131z? - Ecehan Balta <\/span>\n\t\t<\/span>\n\t\t\t\t\t<\/a>\n\t\t<\/div>\n\t\t\t\t<\/div>\n\t\t\t\t<\/div>\n\t\t\t\t<div class=\"elementor-element elementor-element-d4fa91c elementor-align-center elementor-widget elementor-widget-button\" data-id=\"d4fa91c\" data-element_type=\"widget\" data-widget_type=\"button.default\">\n\t\t\t\t<div class=\"elementor-widget-container\">\n\t\t\t\t\t<div class=\"elementor-button-wrapper\">\n\t\t\t<a href=\"https:\/\/politikadaiyilikhali.org\/wp-content\/uploads\/2021\/11\/gulizar_ipek.pdf\" class=\"elementor-button-link elementor-button elementor-size-lg\" role=\"button\">\n\t\t\t\t\t\t<span class=\"elementor-button-content-wrapper\">\n\t\t\t\t\t\t<span class=\"elementor-button-text\">Mersin \u015eahmaran Kad\u0131n Platformu Kurulu\u015f Hikayesi - G\u00fclizar \u0130pek <\/span>\n\t\t<\/span>\n\t\t\t\t\t<\/a>\n\t\t<\/div>\n\t\t\t\t<\/div>\n\t\t\t\t<\/div>\n\t\t\t\t<div class=\"elementor-element elementor-element-a966d00 elementor-widget elementor-widget-spacer\" data-id=\"a966d00\" data-element_type=\"widget\" data-widget_type=\"spacer.default\">\n\t\t\t\t<div class=\"elementor-widget-container\">\n\t\t\t\t\t<div class=\"elementor-spacer\">\n\t\t\t<div class=\"elementor-spacer-inner\"><\/div>\n\t\t<\/div>\n\t\t\t\t<\/div>\n\t\t\t\t<\/div>\n\t\t\t\t\t<\/div>\n\t\t<\/div>\n\t\t\t\t\t\t\t<\/div>\n\t\t<\/section>\n\t\t\t\t<section class=\"elementor-section elementor-top-section elementor-element elementor-element-8683c23 elementor-section-boxed elementor-section-height-default elementor-section-height-default\" data-id=\"8683c23\" data-element_type=\"section\" data-settings=\"{&quot;jet_parallax_layout_list&quot;:[],&quot;background_background&quot;:&quot;classic&quot;}\">\n\t\t\t\t\t\t<div class=\"elementor-container elementor-column-gap-default\">\n\t\t\t\t\t<div class=\"elementor-column elementor-col-100 elementor-top-column elementor-element elementor-element-174ca11\" data-id=\"174ca11\" data-element_type=\"column\">\n\t\t\t<div class=\"elementor-widget-wrap elementor-element-populated\">\n\t\t\t\t\t\t\t\t<div class=\"elementor-element elementor-element-7b7ae9d elementor-widget elementor-widget-spacer\" data-id=\"7b7ae9d\" data-element_type=\"widget\" data-widget_type=\"spacer.default\">\n\t\t\t\t<div class=\"elementor-widget-container\">\n\t\t\t\t\t<div class=\"elementor-spacer\">\n\t\t\t<div class=\"elementor-spacer-inner\"><\/div>\n\t\t<\/div>\n\t\t\t\t<\/div>\n\t\t\t\t<\/div>\n\t\t\t\t\t<\/div>\n\t\t<\/div>\n\t\t\t\t\t\t\t<\/div>\n\t\t<\/section>\n\t\t\t\t\t\t\t<\/div>\n\t\t","protected":false},"excerpt":{"rendered":"<p>Ba\u015far\u0131 ve \u00c7uvallama Hikayeleri Siyasal m\u00fccadeleleri sonu\u00e7lar\u0131 ile \u00f6zetliyoruz oysa s\u00fcre\u00e7lerin kendisinden yolda\u015fl\u0131\u011fa, hayata, politikaya dair say\u0131s\u0131z \u015fey \u00f6\u011freniyoruz.Toplumsal m\u00fccadeleleri m\u00fcmk\u00fcn k\u0131lan, ilk anda akla gelmeyen arka plan\u0131 sizin i\u00e7in derliyoruz. biraz andaval m\u0131y\u0131z? &#8211; Ecehan Balta Mersin \u015eahmaran Kad\u0131n Platformu Kurulu\u015f Hikayesi &#8211; G\u00fclizar \u0130pek<\/p>\n","protected":false},"author":3,"featured_media":0,"parent":0,"menu_order":0,"comment_status":"closed","ping_status":"closed","template":"page-templates\/fullwidth-content.php","meta":[],"aioseo_notices":[],"_links":{"self":[{"href":"https:\/\/politikadaiyilikhali.org\/tr_tr\/wp-json\/wp\/v2\/pages\/10872"}],"collection":[{"href":"https:\/\/politikadaiyilikhali.org\/tr_tr\/wp-json\/wp\/v2\/pages"}],"about":[{"href":"https:\/\/politikadaiyilikhali.org\/tr_tr\/wp-json\/wp\/v2\/types\/page"}],"author":[{"embeddable":true,"href":"https:\/\/politikadaiyilikhali.org\/tr_tr\/wp-json\/wp\/v2\/users\/3"}],"replies":[{"embeddable":true,"href":"https:\/\/politikadaiyilikhali.org\/tr_tr\/wp-json\/wp\/v2\/comments?post=10872"}],"version-history":[{"count":77,"href":"https:\/\/politikadaiyilikhali.org\/tr_tr\/wp-json\/wp\/v2\/pages\/10872\/revisions"}],"predecessor-version":[{"id":11295,"href":"https:\/\/politikadaiyilikhali.org\/tr_tr\/wp-json\/wp\/v2\/pages\/10872\/revisions\/11295"}],"wp:attachment":[{"href":"https:\/\/politikadaiyilikhali.org\/tr_tr\/wp-json\/wp\/v2\/media?parent=10872"}],"curies":[{"name":"wp","href":"https:\/\/api.w.org\/{rel}","templated":true}]}}