{"id":11035,"date":"2022-12-25T19:56:33","date_gmt":"2022-12-25T16:56:33","guid":{"rendered":"https:\/\/politikadaiyilikhali.org\/?page_id=11035"},"modified":"2024-01-05T20:25:05","modified_gmt":"2024-01-05T17:25:05","slug":"politikada-iyilik-hali-platformu","status":"publish","type":"page","link":"https:\/\/politikadaiyilikhali.org\/tr_tr\/politikada-iyilik-hali-platformu\/","title":{"rendered":"Politikada \u0130yilik Hali Platformu"},"content":{"rendered":"\t\t<div data-elementor-type=\"wp-page\" data-elementor-id=\"11035\" class=\"elementor elementor-11035\">\n\t\t\t\t\t\t\t\t\t<section class=\"elementor-section elementor-top-section elementor-element elementor-element-629ec15 elementor-section-boxed elementor-section-height-default elementor-section-height-default\" data-id=\"629ec15\" data-element_type=\"section\" data-settings=\"{&quot;jet_parallax_layout_list&quot;:[],&quot;background_background&quot;:&quot;gradient&quot;}\">\n\t\t\t\t\t\t<div class=\"elementor-container elementor-column-gap-default\">\n\t\t\t\t\t<div class=\"elementor-column elementor-col-100 elementor-top-column elementor-element elementor-element-2c4aecc\" data-id=\"2c4aecc\" data-element_type=\"column\">\n\t\t\t<div class=\"elementor-widget-wrap elementor-element-populated\">\n\t\t\t\t\t\t\t\t<div class=\"elementor-element elementor-element-a7ddc91 elementor-widget elementor-widget-spacer\" data-id=\"a7ddc91\" data-element_type=\"widget\" data-widget_type=\"spacer.default\">\n\t\t\t\t<div class=\"elementor-widget-container\">\n\t\t\t<style>\/*! elementor - v3.6.5 - 27-04-2022 *\/\n.e-container.e-container--row .elementor-spacer-inner{width:var(--spacer-size)}.e-container.e-container--column .elementor-spacer-inner,.elementor-column .elementor-spacer-inner{height:var(--spacer-size)}<\/style>\t\t<div class=\"elementor-spacer\">\n\t\t\t<div class=\"elementor-spacer-inner\"><\/div>\n\t\t<\/div>\n\t\t\t\t<\/div>\n\t\t\t\t<\/div>\n\t\t\t\t<div class=\"elementor-element elementor-element-c0033d2 elementor-widget elementor-widget-heading\" data-id=\"c0033d2\" data-element_type=\"widget\" data-widget_type=\"heading.default\">\n\t\t\t\t<div class=\"elementor-widget-container\">\n\t\t\t<style>\/*! elementor - v3.6.5 - 27-04-2022 *\/\n.elementor-heading-title{padding:0;margin:0;line-height:1}.elementor-widget-heading .elementor-heading-title[class*=elementor-size-]>a{color:inherit;font-size:inherit;line-height:inherit}.elementor-widget-heading .elementor-heading-title.elementor-size-small{font-size:15px}.elementor-widget-heading .elementor-heading-title.elementor-size-medium{font-size:19px}.elementor-widget-heading .elementor-heading-title.elementor-size-large{font-size:29px}.elementor-widget-heading .elementor-heading-title.elementor-size-xl{font-size:39px}.elementor-widget-heading .elementor-heading-title.elementor-size-xxl{font-size:59px}<\/style><h2 class=\"elementor-heading-title elementor-size-default\">Politikada \u0130yilik Hali Platformu Olarak Ne Yap\u0131yoruz?<\/h2>\t\t<\/div>\n\t\t\t\t<\/div>\n\t\t\t\t<div class=\"elementor-element elementor-element-5a587e4 elementor-widget elementor-widget-text-editor\" data-id=\"5a587e4\" data-element_type=\"widget\" data-widget_type=\"text-editor.default\">\n\t\t\t\t<div class=\"elementor-widget-container\">\n\t\t\t<style>\/*! elementor - v3.6.5 - 27-04-2022 *\/\n.elementor-widget-text-editor.elementor-drop-cap-view-stacked .elementor-drop-cap{background-color:#818a91;color:#fff}.elementor-widget-text-editor.elementor-drop-cap-view-framed .elementor-drop-cap{color:#818a91;border:3px solid;background-color:transparent}.elementor-widget-text-editor:not(.elementor-drop-cap-view-default) .elementor-drop-cap{margin-top:8px}.elementor-widget-text-editor:not(.elementor-drop-cap-view-default) .elementor-drop-cap-letter{width:1em;height:1em}.elementor-widget-text-editor .elementor-drop-cap{float:left;text-align:center;line-height:1;font-size:50px}.elementor-widget-text-editor .elementor-drop-cap-letter{display:inline-block}<\/style>\t\t\t\t<p style=\"text-align: left;\"><span style=\"font-weight: 400; background-color: transparent; letter-spacing: 0px;\"><br><\/span><\/p><p style=\"text-align: left;\"><span style=\"font-weight: 400; background-color: transparent; letter-spacing: 0px;\">Politika anlay\u0131\u015f\u0131n\u0131n d\u00f6n\u00fc\u015ft\u00fcr\u00fclmesi, m\u00fccadelenin ve \u00f6rg\u00fctlenmelerin iyilik hali ve dayan\u0131kl\u0131l\u0131k temelinde g\u00fc\u00e7lendirilmesini dert edinen politika emek\u00e7ileriyle bir araya gelerek Politikada \u0130yilik Hali Platformu\u2019nu kurduk.&nbsp;<\/span><br><\/p>\n<p style=\"text-align: left;\">\n<\/p><p style=\"text-align: left;\"><span style=\"font-weight: 400;\">\u00d6rg\u00fctlenmelerde sorun olu\u015fturan ancak politik olarak ve sistematik bi\u00e7imde ele al\u0131nmayan konu ba\u015fl\u0131klar\u0131nda, yolda\u015f\u00e7a ele\u015ftiriyi te\u015fvik ederek, her ay bir araya geliyor ve somut \u00e7\u0131kt\u0131lar \u00fcreterek T\u00fcrkiye\u2019de demokratik m\u00fccadeleye katk\u0131 sunuyoruz.<\/span><\/p>\n<p style=\"text-align: left;\">\n<\/p><p style=\"text-align: left;\"><span style=\"font-weight: 400;\">Platform toplant\u0131lar\u0131nda \u015fimdiye dek:<\/span><\/p>\n<p style=\"text-align: left;\"><span style=\"font-weight: 400;\">Politik g\u00fc\u00e7lenme, yolda\u015f\u00e7a ele\u015ftiri, sosyal medyada iyilik hali, ittifaklar ve ortakl\u0131klar, eylemde iyilik hali, yap\u0131sal \u015fiddete kar\u015f\u0131 uzun erimli politik m\u00fccadele, se\u00e7imlerde iyilik hali konular\u0131n\u0131 ele ald\u0131k.<\/span><\/p>\n<p style=\"text-align: left;\"><span style=\"font-weight: 400;\">Platform toplant\u0131lar\u0131ndan \u00fcretilen \u00e7\u0131kt\u0131 ve rehberlere \u201cPratik Bilgiler\u201d ba\u015fl\u0131kl\u0131 b\u00f6l\u00fcmden ve \u00f6zet payla\u015f\u0131mlara sosyal medya hesaplar\u0131m\u0131zdan ula\u015fabilirsiniz.<\/span><\/p>\t\t\t\t\t\t<\/div>\n\t\t\t\t<\/div>\n\t\t\t\t<div class=\"elementor-element elementor-element-1664037 elementor-widget elementor-widget-heading\" data-id=\"1664037\" data-element_type=\"widget\" data-widget_type=\"heading.default\">\n\t\t\t\t<div class=\"elementor-widget-container\">\n\t\t\t<style>.elementor-element-1664037{display:none !important}<\/style>\t\t<\/div>\n\t\t\t\t<\/div>\n\t\t\t\t<div class=\"elementor-element elementor-element-7bcd932 elementor-widget elementor-widget-text-editor\" data-id=\"7bcd932\" data-element_type=\"widget\" data-widget_type=\"text-editor.default\">\n\t\t\t\t<div class=\"elementor-widget-container\">\n\t\t\t<style>.elementor-element-7bcd932{display:none !important}<\/style>\t\t<\/div>\n\t\t\t\t<\/div>\n\t\t\t\t<div class=\"elementor-element elementor-element-991e619 elementor-widget elementor-widget-text-editor\" data-id=\"991e619\" data-element_type=\"widget\" data-widget_type=\"text-editor.default\">\n\t\t\t\t<div class=\"elementor-widget-container\">\n\t\t\t\t\t\t\t\t\t\t\t\t\t<\/div>\n\t\t\t\t<\/div>\n\t\t\t\t\t<\/div>\n\t\t<\/div>\n\t\t\t\t\t\t\t<\/div>\n\t\t<\/section>\n\t\t\t\t<section class=\"elementor-section elementor-top-section elementor-element elementor-element-cd3fade elementor-section-boxed elementor-section-height-default elementor-section-height-default\" data-id=\"cd3fade\" data-element_type=\"section\" data-settings=\"{&quot;jet_parallax_layout_list&quot;:[],&quot;background_background&quot;:&quot;gradient&quot;}\">\n\t\t\t\t\t\t<div class=\"elementor-container elementor-column-gap-default\">\n\t\t\t\t\t<div class=\"elementor-column elementor-col-50 elementor-top-column elementor-element elementor-element-00023db\" data-id=\"00023db\" data-element_type=\"column\">\n\t\t\t<div class=\"elementor-widget-wrap elementor-element-populated\">\n\t\t\t\t\t\t\t\t<div class=\"elementor-element elementor-element-2ab3b88 elementor-widget elementor-widget-toggle\" data-id=\"2ab3b88\" data-element_type=\"widget\" data-widget_type=\"toggle.default\">\n\t\t\t\t<div class=\"elementor-widget-container\">\n\t\t\t<style>\/*! elementor - v3.6.5 - 27-04-2022 *\/\n.elementor-toggle{text-align:left}.elementor-toggle .elementor-tab-title{font-weight:700;line-height:1;margin:0;padding:15px;border-bottom:1px solid #d4d4d4;cursor:pointer;outline:none}.elementor-toggle .elementor-tab-title .elementor-toggle-icon{display:inline-block;width:1em}.elementor-toggle .elementor-tab-title .elementor-toggle-icon svg{-webkit-margin-start:-5px;margin-inline-start:-5px;width:1em;height:1em}.elementor-toggle .elementor-tab-title .elementor-toggle-icon.elementor-toggle-icon-right{float:right;text-align:right}.elementor-toggle .elementor-tab-title .elementor-toggle-icon.elementor-toggle-icon-left{float:left;text-align:left}.elementor-toggle .elementor-tab-title .elementor-toggle-icon .elementor-toggle-icon-closed{display:block}.elementor-toggle .elementor-tab-title .elementor-toggle-icon .elementor-toggle-icon-opened{display:none}.elementor-toggle .elementor-tab-title.elementor-active{border-bottom:none}.elementor-toggle .elementor-tab-title.elementor-active .elementor-toggle-icon-closed{display:none}.elementor-toggle .elementor-tab-title.elementor-active .elementor-toggle-icon-opened{display:block}.elementor-toggle .elementor-tab-content{padding:15px;border-bottom:1px solid #d4d4d4;display:none}@media (max-width:767px){.elementor-toggle .elementor-tab-title{padding:12px}.elementor-toggle .elementor-tab-content{padding:12px 10px}}<\/style><style>.elementor-element-2ab3b88{display:none !important}<\/style>\t\t<\/div>\n\t\t\t\t<\/div>\n\t\t\t\t<div class=\"elementor-element elementor-element-58452f1 elementor-widget elementor-widget-image\" data-id=\"58452f1\" data-element_type=\"widget\" data-widget_type=\"image.default\">\n\t\t\t\t<div class=\"elementor-widget-container\">\n\t\t\t<style>\/*! elementor - v3.6.5 - 27-04-2022 *\/\n.elementor-widget-image{text-align:center}.elementor-widget-image a{display:inline-block}.elementor-widget-image a img[src$=\".svg\"]{width:48px}.elementor-widget-image img{vertical-align:middle;display:inline-block}<\/style>\t\t\t\t\t\t\t\t\t\t\t\t<img width=\"400\" height=\"400\" src=\"https:\/\/politikadaiyilikhali.org\/wp-content\/uploads\/2023\/05\/Ekran-Resmi-2023-05-26-13.30.39-400x400.png\" class=\"attachment-monstroid2-thumb-m size-monstroid2-thumb-m\" alt=\"\" loading=\"lazy\" srcset=\"https:\/\/politikadaiyilikhali.org\/wp-content\/uploads\/2023\/05\/Ekran-Resmi-2023-05-26-13.30.39-400x400.png 400w, https:\/\/politikadaiyilikhali.org\/wp-content\/uploads\/2023\/05\/Ekran-Resmi-2023-05-26-13.30.39-150x150.png 150w, https:\/\/politikadaiyilikhali.org\/wp-content\/uploads\/2023\/05\/Ekran-Resmi-2023-05-26-13.30.39-12x12.png 12w, https:\/\/politikadaiyilikhali.org\/wp-content\/uploads\/2023\/05\/Ekran-Resmi-2023-05-26-13.30.39-230x230.png 230w, https:\/\/politikadaiyilikhali.org\/wp-content\/uploads\/2023\/05\/Ekran-Resmi-2023-05-26-13.30.39-640x640.png 640w\" sizes=\"(max-width: 400px) 100vw, 400px\" \/>\t\t\t\t\t\t\t\t\t\t\t\t\t\t\t<\/div>\n\t\t\t\t<\/div>\n\t\t\t\t<div class=\"elementor-element elementor-element-55ad367 elementor-align-center elementor-widget elementor-widget-button\" data-id=\"55ad367\" data-element_type=\"widget\" data-widget_type=\"button.default\">\n\t\t\t\t<div class=\"elementor-widget-container\">\n\t\t\t\t\t<div class=\"elementor-button-wrapper\">\n\t\t\t<a href=\"https:\/\/politikadaiyilikhali.org\/wp-content\/uploads\/2023\/09\/yoldasca-elestiri-sozlugu-1.pdf\" class=\"elementor-button-link elementor-button elementor-size-lg\" role=\"button\">\n\t\t\t\t\t\t<span class=\"elementor-button-content-wrapper\">\n\t\t\t\t\t\t<span class=\"elementor-button-text\">Yolda\u015f\u00e7a Ele\u015ftiri S\u00f6zl\u00fc\u011f\u00fc - Politikada \u0130yilik Hali Platformu<\/span>\n\t\t<\/span>\n\t\t\t\t\t<\/a>\n\t\t<\/div>\n\t\t\t\t<\/div>\n\t\t\t\t<\/div>\n\t\t\t\t\t<\/div>\n\t\t<\/div>\n\t\t\t\t<div class=\"elementor-column elementor-col-50 elementor-top-column elementor-element elementor-element-c2e5741\" data-id=\"c2e5741\" data-element_type=\"column\">\n\t\t\t<div class=\"elementor-widget-wrap elementor-element-populated\">\n\t\t\t\t\t\t\t\t<div class=\"elementor-element elementor-element-5d4abaa elementor-widget elementor-widget-toggle\" data-id=\"5d4abaa\" data-element_type=\"widget\" data-widget_type=\"toggle.default\">\n\t\t\t\t<div class=\"elementor-widget-container\">\n\t\t\t<style>.elementor-element-5d4abaa{display:none !important}<\/style>\t\t<\/div>\n\t\t\t\t<\/div>\n\t\t\t\t<div class=\"elementor-element elementor-element-8c31196 elementor-widget elementor-widget-image\" data-id=\"8c31196\" data-element_type=\"widget\" data-widget_type=\"image.default\">\n\t\t\t\t<div class=\"elementor-widget-container\">\n\t\t\t\t\t\t\t\t\t\t\t\t\t\t\t<img width=\"400\" height=\"400\" src=\"https:\/\/politikadaiyilikhali.org\/wp-content\/uploads\/2023\/05\/Ekran-Resmi-2023-05-03-12.53.23-400x400.png\" class=\"attachment-monstroid2-thumb-m size-monstroid2-thumb-m\" alt=\"\" loading=\"lazy\" srcset=\"https:\/\/politikadaiyilikhali.org\/wp-content\/uploads\/2023\/05\/Ekran-Resmi-2023-05-03-12.53.23-400x400.png 400w, https:\/\/politikadaiyilikhali.org\/wp-content\/uploads\/2023\/05\/Ekran-Resmi-2023-05-03-12.53.23-300x300.png 300w, https:\/\/politikadaiyilikhali.org\/wp-content\/uploads\/2023\/05\/Ekran-Resmi-2023-05-03-12.53.23-1024x1024.png 1024w, https:\/\/politikadaiyilikhali.org\/wp-content\/uploads\/2023\/05\/Ekran-Resmi-2023-05-03-12.53.23-150x150.png 150w, https:\/\/politikadaiyilikhali.org\/wp-content\/uploads\/2023\/05\/Ekran-Resmi-2023-05-03-12.53.23-768x769.png 768w, https:\/\/politikadaiyilikhali.org\/wp-content\/uploads\/2023\/05\/Ekran-Resmi-2023-05-03-12.53.23-12x12.png 12w, https:\/\/politikadaiyilikhali.org\/wp-content\/uploads\/2023\/05\/Ekran-Resmi-2023-05-03-12.53.23-230x230.png 230w, https:\/\/politikadaiyilikhali.org\/wp-content\/uploads\/2023\/05\/Ekran-Resmi-2023-05-03-12.53.23-600x601.png 600w, https:\/\/politikadaiyilikhali.org\/wp-content\/uploads\/2023\/05\/Ekran-Resmi-2023-05-03-12.53.23-640x640.png 640w, https:\/\/politikadaiyilikhali.org\/wp-content\/uploads\/2023\/05\/Ekran-Resmi-2023-05-03-12.53.23.png 1432w\" sizes=\"(max-width: 400px) 100vw, 400px\" \/>\t\t\t\t\t\t\t\t\t\t\t\t\t\t\t<\/div>\n\t\t\t\t<\/div>\n\t\t\t\t<div class=\"elementor-element elementor-element-c8b8c5c elementor-align-center elementor-widget elementor-widget-button\" data-id=\"c8b8c5c\" data-element_type=\"widget\" data-widget_type=\"button.default\">\n\t\t\t\t<div class=\"elementor-widget-container\">\n\t\t\t\t\t<div class=\"elementor-button-wrapper\">\n\t\t\t<a href=\"https:\/\/politikadaiyilikhali.org\/wp-content\/uploads\/2023\/05\/Sec\u0327imde-I\u0307yilik-Hali_ilk-hali.pdf\" class=\"elementor-button-link elementor-button elementor-size-lg\" role=\"button\">\n\t\t\t\t\t\t<span class=\"elementor-button-content-wrapper\">\n\t\t\t\t\t\t<span class=\"elementor-button-text\">Se\u00e7imde \u0130yilik Hali - Politikada \u0130yilik Hali Platformu <\/span>\n\t\t<\/span>\n\t\t\t\t\t<\/a>\n\t\t<\/div>\n\t\t\t\t<\/div>\n\t\t\t\t<\/div>\n\t\t\t\t\t<\/div>\n\t\t<\/div>\n\t\t\t\t\t\t\t<\/div>\n\t\t<\/section>\n\t\t\t\t<section class=\"elementor-section elementor-top-section elementor-element elementor-element-5f640c3 elementor-section-boxed elementor-section-height-default elementor-section-height-default\" data-id=\"5f640c3\" data-element_type=\"section\" data-settings=\"{&quot;jet_parallax_layout_list&quot;:[],&quot;background_background&quot;:&quot;gradient&quot;}\">\n\t\t\t\t\t\t<div class=\"elementor-container elementor-column-gap-default\">\n\t\t\t\t\t<div class=\"elementor-column elementor-col-50 elementor-top-column elementor-element elementor-element-7990550\" data-id=\"7990550\" data-element_type=\"column\">\n\t\t\t<div class=\"elementor-widget-wrap elementor-element-populated\">\n\t\t\t\t\t\t\t\t<div class=\"elementor-element elementor-element-74fdb29 elementor-widget elementor-widget-toggle\" data-id=\"74fdb29\" data-element_type=\"widget\" data-widget_type=\"toggle.default\">\n\t\t\t\t<div class=\"elementor-widget-container\">\n\t\t\t<style>.elementor-element-74fdb29{display:none !important}<\/style>\t\t<\/div>\n\t\t\t\t<\/div>\n\t\t\t\t<div class=\"elementor-element elementor-element-b29bc47 elementor-widget elementor-widget-image\" data-id=\"b29bc47\" data-element_type=\"widget\" data-widget_type=\"image.default\">\n\t\t\t\t<div class=\"elementor-widget-container\">\n\t\t\t\t\t\t\t\t\t\t\t\t\t\t\t<img width=\"400\" height=\"400\" src=\"https:\/\/politikadaiyilikhali.org\/wp-content\/uploads\/2023\/09\/ittifak-ortaklasma-1-400x400.jpg\" class=\"attachment-monstroid2-thumb-m size-monstroid2-thumb-m\" alt=\"\" loading=\"lazy\" srcset=\"https:\/\/politikadaiyilikhali.org\/wp-content\/uploads\/2023\/09\/ittifak-ortaklasma-1-400x400.jpg 400w, https:\/\/politikadaiyilikhali.org\/wp-content\/uploads\/2023\/09\/ittifak-ortaklasma-1-300x300.jpg 300w, https:\/\/politikadaiyilikhali.org\/wp-content\/uploads\/2023\/09\/ittifak-ortaklasma-1-1024x1024.jpg 1024w, https:\/\/politikadaiyilikhali.org\/wp-content\/uploads\/2023\/09\/ittifak-ortaklasma-1-150x150.jpg 150w, https:\/\/politikadaiyilikhali.org\/wp-content\/uploads\/2023\/09\/ittifak-ortaklasma-1-768x768.jpg 768w, https:\/\/politikadaiyilikhali.org\/wp-content\/uploads\/2023\/09\/ittifak-ortaklasma-1-12x12.jpg 12w, https:\/\/politikadaiyilikhali.org\/wp-content\/uploads\/2023\/09\/ittifak-ortaklasma-1-230x230.jpg 230w, https:\/\/politikadaiyilikhali.org\/wp-content\/uploads\/2023\/09\/ittifak-ortaklasma-1-600x600.jpg 600w, https:\/\/politikadaiyilikhali.org\/wp-content\/uploads\/2023\/09\/ittifak-ortaklasma-1-640x640.jpg 640w, https:\/\/politikadaiyilikhali.org\/wp-content\/uploads\/2023\/09\/ittifak-ortaklasma-1.jpg 1080w\" sizes=\"(max-width: 400px) 100vw, 400px\" \/>\t\t\t\t\t\t\t\t\t\t\t\t\t\t\t<\/div>\n\t\t\t\t<\/div>\n\t\t\t\t<div class=\"elementor-element elementor-element-50dd515 elementor-align-center elementor-widget elementor-widget-button\" data-id=\"50dd515\" data-element_type=\"widget\" data-widget_type=\"button.default\">\n\t\t\t\t<div class=\"elementor-widget-container\">\n\t\t\t\t\t<div class=\"elementor-button-wrapper\">\n\t\t\t<a href=\"https:\/\/politikadaiyilikhali.org\/wp-content\/uploads\/2022\/12\/ittifaklar-ve-ortaklasmak-1920-\u00d7-1080-piksel-Instagram-Gonderisi-Kare.pdf\" class=\"elementor-button-link elementor-button elementor-size-lg\" role=\"button\">\n\t\t\t\t\t\t<span class=\"elementor-button-content-wrapper\">\n\t\t\t\t\t\t<span class=\"elementor-button-text\">\u0130ttifaklar ve Ortakla\u015fma - Politikada iyilik Hali Platformu  <\/span>\n\t\t<\/span>\n\t\t\t\t\t<\/a>\n\t\t<\/div>\n\t\t\t\t<\/div>\n\t\t\t\t<\/div>\n\t\t\t\t\t<\/div>\n\t\t<\/div>\n\t\t\t\t<div class=\"elementor-column elementor-col-50 elementor-top-column elementor-element elementor-element-415c96c\" data-id=\"415c96c\" data-element_type=\"column\">\n\t\t\t<div class=\"elementor-widget-wrap elementor-element-populated\">\n\t\t\t\t\t\t\t\t<div class=\"elementor-element elementor-element-8b754d2 elementor-widget elementor-widget-toggle\" data-id=\"8b754d2\" data-element_type=\"widget\" data-widget_type=\"toggle.default\">\n\t\t\t\t<div class=\"elementor-widget-container\">\n\t\t\t<style>.elementor-element-8b754d2{display:none !important}<\/style>\t\t<\/div>\n\t\t\t\t<\/div>\n\t\t\t\t<div class=\"elementor-element elementor-element-1cf9a39 elementor-widget elementor-widget-image\" data-id=\"1cf9a39\" data-element_type=\"widget\" data-widget_type=\"image.default\">\n\t\t\t\t<div class=\"elementor-widget-container\">\n\t\t\t\t\t\t\t\t\t\t\t\t\t\t\t<img width=\"400\" height=\"400\" src=\"https:\/\/politikadaiyilikhali.org\/wp-content\/uploads\/2022\/12\/1-400x400.png\" class=\"attachment-monstroid2-thumb-m size-monstroid2-thumb-m\" alt=\"\" loading=\"lazy\" srcset=\"https:\/\/politikadaiyilikhali.org\/wp-content\/uploads\/2022\/12\/1-400x400.png 400w, https:\/\/politikadaiyilikhali.org\/wp-content\/uploads\/2022\/12\/1-300x300.png 300w, https:\/\/politikadaiyilikhali.org\/wp-content\/uploads\/2022\/12\/1-1024x1024.png 1024w, https:\/\/politikadaiyilikhali.org\/wp-content\/uploads\/2022\/12\/1-150x150.png 150w, https:\/\/politikadaiyilikhali.org\/wp-content\/uploads\/2022\/12\/1-768x768.png 768w, https:\/\/politikadaiyilikhali.org\/wp-content\/uploads\/2022\/12\/1-12x12.png 12w, https:\/\/politikadaiyilikhali.org\/wp-content\/uploads\/2022\/12\/1-230x230.png 230w, https:\/\/politikadaiyilikhali.org\/wp-content\/uploads\/2022\/12\/1-600x600.png 600w, https:\/\/politikadaiyilikhali.org\/wp-content\/uploads\/2022\/12\/1-640x640.png 640w, https:\/\/politikadaiyilikhali.org\/wp-content\/uploads\/2022\/12\/1.png 1080w\" sizes=\"(max-width: 400px) 100vw, 400px\" \/>\t\t\t\t\t\t\t\t\t\t\t\t\t\t\t<\/div>\n\t\t\t\t<\/div>\n\t\t\t\t<div class=\"elementor-element elementor-element-068eeff elementor-align-center elementor-widget elementor-widget-button\" data-id=\"068eeff\" data-element_type=\"widget\" data-widget_type=\"button.default\">\n\t\t\t\t<div class=\"elementor-widget-container\">\n\t\t\t\t\t<div class=\"elementor-button-wrapper\">\n\t\t\t<a href=\"https:\/\/politikadaiyilikhali.org\/wp-content\/uploads\/2022\/12\/eylemde-iyilik-hali.pdf\" class=\"elementor-button-link elementor-button elementor-size-lg\" role=\"button\">\n\t\t\t\t\t\t<span class=\"elementor-button-content-wrapper\">\n\t\t\t\t\t\t<span class=\"elementor-button-text\">Eylemde \u0130yilik Hali - Politikada \u0130yilik Hali Platformu <\/span>\n\t\t<\/span>\n\t\t\t\t\t<\/a>\n\t\t<\/div>\n\t\t\t\t<\/div>\n\t\t\t\t<\/div>\n\t\t\t\t\t<\/div>\n\t\t<\/div>\n\t\t\t\t\t\t\t<\/div>\n\t\t<\/section>\n\t\t\t\t<section class=\"elementor-section elementor-top-section elementor-element elementor-element-be7cb05 elementor-section-boxed elementor-section-height-default elementor-section-height-default\" data-id=\"be7cb05\" data-element_type=\"section\" data-settings=\"{&quot;jet_parallax_layout_list&quot;:[],&quot;background_background&quot;:&quot;gradient&quot;}\">\n\t\t\t\t\t\t<div class=\"elementor-container elementor-column-gap-default\">\n\t\t\t\t\t<div class=\"elementor-column elementor-col-50 elementor-top-column elementor-element elementor-element-6831be7\" data-id=\"6831be7\" data-element_type=\"column\">\n\t\t\t<div class=\"elementor-widget-wrap elementor-element-populated\">\n\t\t\t\t\t\t\t\t<div class=\"elementor-element elementor-element-8d7eaf7 elementor-widget elementor-widget-toggle\" data-id=\"8d7eaf7\" data-element_type=\"widget\" data-widget_type=\"toggle.default\">\n\t\t\t\t<div class=\"elementor-widget-container\">\n\t\t\t<style>.elementor-element-8d7eaf7{display:none !important}<\/style>\t\t<\/div>\n\t\t\t\t<\/div>\n\t\t\t\t<div class=\"elementor-element elementor-element-b9193fe elementor-widget elementor-widget-image\" data-id=\"b9193fe\" data-element_type=\"widget\" data-widget_type=\"image.default\">\n\t\t\t\t<div class=\"elementor-widget-container\">\n\t\t\t\t\t\t\t\t\t\t\t\t\t\t\t<img width=\"570\" height=\"450\" src=\"https:\/\/politikadaiyilikhali.org\/wp-content\/uploads\/2022\/12\/2-2-570x450.png\" class=\"attachment-monstroid2-thumb-m-2 size-monstroid2-thumb-m-2\" alt=\"\" loading=\"lazy\" \/>\t\t\t\t\t\t\t\t\t\t\t\t\t\t\t<\/div>\n\t\t\t\t<\/div>\n\t\t\t\t<div class=\"elementor-element elementor-element-8f82a2f elementor-align-center elementor-widget elementor-widget-button\" data-id=\"8f82a2f\" data-element_type=\"widget\" data-widget_type=\"button.default\">\n\t\t\t\t<div class=\"elementor-widget-container\">\n\t\t\t\t\t<div class=\"elementor-button-wrapper\">\n\t\t\t<a href=\"https:\/\/politikadaiyilikhali.org\/wp-content\/uploads\/2022\/12\/guclenme-ve-gucten-dusme.pdf\" class=\"elementor-button-link elementor-button elementor-size-lg\" role=\"button\">\n\t\t\t\t\t\t<span class=\"elementor-button-content-wrapper\">\n\t\t\t\t\t\t<span class=\"elementor-button-text\">G\u00fc\u00e7lenme ve G\u00fc\u00e7ten D\u00fc\u015fme - Politikada \u0130yilik Hali Platformu <\/span>\n\t\t<\/span>\n\t\t\t\t\t<\/a>\n\t\t<\/div>\n\t\t\t\t<\/div>\n\t\t\t\t<\/div>\n\t\t\t\t\t<\/div>\n\t\t<\/div>\n\t\t\t\t<div class=\"elementor-column elementor-col-50 elementor-top-column elementor-element elementor-element-f3f04c4\" data-id=\"f3f04c4\" data-element_type=\"column\">\n\t\t\t<div class=\"elementor-widget-wrap\">\n\t\t\t\t\t\t\t\t\t<\/div>\n\t\t<\/div>\n\t\t\t\t\t\t\t<\/div>\n\t\t<\/section>\n\t\t\t\t<section class=\"elementor-section elementor-top-section elementor-element elementor-element-29ed565 elementor-section-boxed elementor-section-height-default elementor-section-height-default\" data-id=\"29ed565\" data-element_type=\"section\" data-settings=\"{&quot;jet_parallax_layout_list&quot;:[],&quot;background_background&quot;:&quot;gradient&quot;}\">\n\t\t\t\t\t\t<div class=\"elementor-container elementor-column-gap-default\">\n\t\t\t\t\t<div class=\"elementor-column elementor-col-100 elementor-top-column elementor-element elementor-element-d01f750\" data-id=\"d01f750\" data-element_type=\"column\">\n\t\t\t<div class=\"elementor-widget-wrap elementor-element-populated\">\n\t\t\t\t\t\t\t\t<div class=\"elementor-element elementor-element-b355d85 elementor-widget elementor-widget-spacer\" data-id=\"b355d85\" data-element_type=\"widget\" data-widget_type=\"spacer.default\">\n\t\t\t\t<div class=\"elementor-widget-container\">\n\t\t\t\t\t<div class=\"elementor-spacer\">\n\t\t\t<div class=\"elementor-spacer-inner\"><\/div>\n\t\t<\/div>\n\t\t\t\t<\/div>\n\t\t\t\t<\/div>\n\t\t\t\t\t<\/div>\n\t\t<\/div>\n\t\t\t\t\t\t\t<\/div>\n\t\t<\/section>\n\t\t\t\t\t\t\t<\/div>\n\t\t","protected":false},"excerpt":{"rendered":"<p>Politikada \u0130yilik Hali Platformu Olarak Ne Yap\u0131yoruz? Politika anlay\u0131\u015f\u0131n\u0131n d\u00f6n\u00fc\u015ft\u00fcr\u00fclmesi, m\u00fccadelenin ve \u00f6rg\u00fctlenmelerin iyilik hali ve dayan\u0131kl\u0131l\u0131k temelinde g\u00fc\u00e7lendirilmesini dert edinen politika emek\u00e7ileriyle bir araya gelerek Politikada \u0130yilik Hali Platformu\u2019nu kurduk.&nbsp; \u00d6rg\u00fctlenmelerde sorun olu\u015fturan ancak politik olarak ve sistematik bi\u00e7imde ele al\u0131nmayan konu ba\u015fl\u0131klar\u0131nda, yolda\u015f\u00e7a ele\u015ftiriyi te\u015fvik ederek, her ay bir araya geliyor ve somut [&hellip;]<\/p>\n","protected":false},"author":3,"featured_media":0,"parent":0,"menu_order":0,"comment_status":"closed","ping_status":"closed","template":"page-templates\/fullwidth-content.php","meta":[],"aioseo_notices":[],"_links":{"self":[{"href":"https:\/\/politikadaiyilikhali.org\/tr_tr\/wp-json\/wp\/v2\/pages\/11035"}],"collection":[{"href":"https:\/\/politikadaiyilikhali.org\/tr_tr\/wp-json\/wp\/v2\/pages"}],"about":[{"href":"https:\/\/politikadaiyilikhali.org\/tr_tr\/wp-json\/wp\/v2\/types\/page"}],"author":[{"embeddable":true,"href":"https:\/\/politikadaiyilikhali.org\/tr_tr\/wp-json\/wp\/v2\/users\/3"}],"replies":[{"embeddable":true,"href":"https:\/\/politikadaiyilikhali.org\/tr_tr\/wp-json\/wp\/v2\/comments?post=11035"}],"version-history":[{"count":100,"href":"https:\/\/politikadaiyilikhali.org\/tr_tr\/wp-json\/wp\/v2\/pages\/11035\/revisions"}],"predecessor-version":[{"id":11833,"href":"https:\/\/politikadaiyilikhali.org\/tr_tr\/wp-json\/wp\/v2\/pages\/11035\/revisions\/11833"}],"wp:attachment":[{"href":"https:\/\/politikadaiyilikhali.org\/tr_tr\/wp-json\/wp\/v2\/media?parent=11035"}],"curies":[{"name":"wp","href":"https:\/\/api.w.org\/{rel}","templated":true}]}}