{"id":9254,"date":"2022-05-25T11:33:15","date_gmt":"2022-05-25T08:33:15","guid":{"rendered":"https:\/\/politikadaiyilikhali.org\/?page_id=9254"},"modified":"2024-01-05T18:19:19","modified_gmt":"2024-01-05T15:19:19","slug":"hikayemiz-2","status":"publish","type":"page","link":"https:\/\/politikadaiyilikhali.org\/tr_tr\/hikayemiz-2\/","title":{"rendered":"Hikayemiz"},"content":{"rendered":"\t\t<div data-elementor-type=\"wp-page\" data-elementor-id=\"9254\" class=\"elementor elementor-9254\">\n\t\t\t\t\t\t\t\t\t<section class=\"elementor-section elementor-top-section elementor-element elementor-element-cbe0efd elementor-section-boxed elementor-section-height-default elementor-section-height-default\" data-id=\"cbe0efd\" data-element_type=\"section\" data-settings=\"{&quot;jet_parallax_layout_list&quot;:[]}\">\n\t\t\t\t\t\t<div class=\"elementor-container elementor-column-gap-default\">\n\t\t\t\t\t<div class=\"elementor-column elementor-col-100 elementor-top-column elementor-element elementor-element-60d0bfc\" data-id=\"60d0bfc\" data-element_type=\"column\">\n\t\t\t<div class=\"elementor-widget-wrap elementor-element-populated\">\n\t\t\t\t\t\t\t\t<div class=\"elementor-element elementor-element-8fbaec2 elementor-widget elementor-widget-image\" data-id=\"8fbaec2\" data-element_type=\"widget\" data-widget_type=\"image.default\">\n\t\t\t\t<div class=\"elementor-widget-container\">\n\t\t\t<style>\/*! elementor - v3.6.5 - 27-04-2022 *\/\n.elementor-widget-image{text-align:center}.elementor-widget-image a{display:inline-block}.elementor-widget-image a img[src$=\".svg\"]{width:48px}.elementor-widget-image img{vertical-align:middle;display:inline-block}<\/style>\t\t\t\t\t\t\t\t\t\t\t\t<img width=\"1024\" height=\"226\" src=\"https:\/\/politikadaiyilikhali.org\/wp-content\/uploads\/2022\/05\/Sliderler-Hikayemiz-1024x226.jpg\" class=\"attachment-large size-large\" alt=\"\" loading=\"lazy\" srcset=\"https:\/\/politikadaiyilikhali.org\/wp-content\/uploads\/2022\/05\/Sliderler-Hikayemiz-1024x226.jpg 1024w, https:\/\/politikadaiyilikhali.org\/wp-content\/uploads\/2022\/05\/Sliderler-Hikayemiz-300x66.jpg 300w, https:\/\/politikadaiyilikhali.org\/wp-content\/uploads\/2022\/05\/Sliderler-Hikayemiz-768x170.jpg 768w, https:\/\/politikadaiyilikhali.org\/wp-content\/uploads\/2022\/05\/Sliderler-Hikayemiz-1536x339.jpg 1536w, https:\/\/politikadaiyilikhali.org\/wp-content\/uploads\/2022\/05\/Sliderler-Hikayemiz-600x133.jpg 600w, https:\/\/politikadaiyilikhali.org\/wp-content\/uploads\/2022\/05\/Sliderler-Hikayemiz.jpg 1920w\" sizes=\"(max-width: 1024px) 100vw, 1024px\" \/>\t\t\t\t\t\t\t\t\t\t\t\t\t\t\t<\/div>\n\t\t\t\t<\/div>\n\t\t\t\t\t<\/div>\n\t\t<\/div>\n\t\t\t\t\t\t\t<\/div>\n\t\t<\/section>\n\t\t\t\t<section class=\"elementor-section elementor-top-section elementor-element elementor-element-eede57d elementor-section-full_width elementor-section-stretched elementor-section-height-default elementor-section-height-default\" data-id=\"eede57d\" data-element_type=\"section\" data-settings=\"{&quot;stretch_section&quot;:&quot;section-stretched&quot;,&quot;jet_parallax_layout_list&quot;:[]}\">\n\t\t\t\t\t\t<div class=\"elementor-container elementor-column-gap-default\">\n\t\t\t\t\t<div class=\"elementor-column elementor-col-100 elementor-top-column elementor-element elementor-element-2a2b49b\" data-id=\"2a2b49b\" data-element_type=\"column\" data-settings=\"{&quot;background_background&quot;:&quot;classic&quot;}\">\n\t\t\t<div class=\"elementor-widget-wrap elementor-element-populated\">\n\t\t\t\t\t\t\t\t<div class=\"elementor-element elementor-element-298ee6e elementor-widget elementor-widget-heading\" data-id=\"298ee6e\" data-element_type=\"widget\" data-widget_type=\"heading.default\">\n\t\t\t\t<div class=\"elementor-widget-container\">\n\t\t\t<style>\/*! elementor - v3.6.5 - 27-04-2022 *\/\n.elementor-heading-title{padding:0;margin:0;line-height:1}.elementor-widget-heading .elementor-heading-title[class*=elementor-size-]>a{color:inherit;font-size:inherit;line-height:inherit}.elementor-widget-heading .elementor-heading-title.elementor-size-small{font-size:15px}.elementor-widget-heading .elementor-heading-title.elementor-size-medium{font-size:19px}.elementor-widget-heading .elementor-heading-title.elementor-size-large{font-size:29px}.elementor-widget-heading .elementor-heading-title.elementor-size-xl{font-size:39px}.elementor-widget-heading .elementor-heading-title.elementor-size-xxl{font-size:59px}<\/style><h2 class=\"elementor-heading-title elementor-size-default\">H\u0130KAYEM\u0130Z<\/h2>\t\t<\/div>\n\t\t\t\t<\/div>\n\t\t\t\t\t<\/div>\n\t\t<\/div>\n\t\t\t\t\t\t\t<\/div>\n\t\t<\/section>\n\t\t\t\t<section class=\"elementor-section elementor-top-section elementor-element elementor-element-fd170c4 elementor-section-height-min-height elementor-section-boxed elementor-section-height-default elementor-section-items-middle\" data-id=\"fd170c4\" data-element_type=\"section\" data-settings=\"{&quot;jet_parallax_layout_list&quot;:[],&quot;background_background&quot;:&quot;classic&quot;}\">\n\t\t\t\t\t\t<div class=\"elementor-container elementor-column-gap-default\">\n\t\t\t\t\t<div class=\"elementor-column elementor-col-100 elementor-top-column elementor-element elementor-element-722e6e7\" data-id=\"722e6e7\" data-element_type=\"column\">\n\t\t\t<div class=\"elementor-widget-wrap elementor-element-populated\">\n\t\t\t\t\t\t\t\t<div class=\"elementor-element elementor-element-839464a elementor-widget elementor-widget-text-editor\" data-id=\"839464a\" data-element_type=\"widget\" data-widget_type=\"text-editor.default\">\n\t\t\t\t<div class=\"elementor-widget-container\">\n\t\t\t<style>\/*! elementor - v3.6.5 - 27-04-2022 *\/\n.elementor-widget-text-editor.elementor-drop-cap-view-stacked .elementor-drop-cap{background-color:#818a91;color:#fff}.elementor-widget-text-editor.elementor-drop-cap-view-framed .elementor-drop-cap{color:#818a91;border:3px solid;background-color:transparent}.elementor-widget-text-editor:not(.elementor-drop-cap-view-default) .elementor-drop-cap{margin-top:8px}.elementor-widget-text-editor:not(.elementor-drop-cap-view-default) .elementor-drop-cap-letter{width:1em;height:1em}.elementor-widget-text-editor .elementor-drop-cap{float:left;text-align:center;line-height:1;font-size:50px}.elementor-widget-text-editor .elementor-drop-cap-letter{display:inline-block}<\/style>\t\t\t\t<p style=\"text-align: center;\">Politikada \u0130yilik Hali \u00c7al\u0131\u015fmas\u0131, uzun s\u00fcreli sohbetlerin ve fikir al\u0131\u015fveri\u015flerinin ard\u0131ndan Temmuz 2021\u2019de bedene kavu\u015ftu. Yola \u00e7\u0131k\u0131\u015f\u0131m\u0131z\u0131n \u00fc\u00e7 temel motivasyonu vard\u0131:<\/p><p style=\"text-align: center;\">1- Otoriterli\u011fin politik aktivistler \u00fczerindeki \u00f6zg\u00fcl etkilerini anlamak ve buna kar\u015f\u0131 bir yol haritas\u0131 geli\u015ftirmek,<\/p><p style=\"text-align: center;\">2- \u00d6rg\u00fctlenmelerde sistematik olarak ya\u015fanan sorunlar\u0131 kendimizi ele\u015ftirinin d\u0131\u015f\u0131na \u00e7\u0131karmadan ve \u00e7\u00f6z\u00fcm \u00f6nerileri geli\u015ftirerek ele alabilmek<\/p><p style=\"text-align: center;\">3-Politik m\u00fccadele y\u00fcr\u00fctenleri fiziksel, bedensel, zihinsel ve \u00f6rg\u00fctsel olarak g\u00fc\u00e7lendirebilmek<\/p><p style=\"text-align: center;\">B\u00f6ylelikle Temmuz-Aral\u0131k 2021 d\u00f6neminde, ilk at\u00f6lyelerimize ba\u015flad\u0131k ve muazzam bir ilgi ile kar\u015f\u0131la\u015ft\u0131k.<\/p><p style=\"text-align: center;\">Sonra \u201cOtoriter Rejimlerde \u0130yi Hissetme ve Kolektif \u0130yile\u015fme\u201d\u00a0 , ikincisi \u201cYeniden Ortak Ya\u015fam\u0131 Kurmak\u201d\u00a0 ba\u015fl\u0131kl\u0131 iki online panel ger\u00e7ekle\u015ftirdik.<\/p><p style=\"text-align: center;\">Bu k\u0131sac\u0131k zamanda \u00e7al\u0131\u015fmalar\u0131m\u0131za gelen ilgi, bu alandaki ihtiyac\u0131 ortaya koydu ve bu \u00e7al\u0131\u015fmaya devam edebilmemiz i\u00e7in bizi harekete ge\u00e7irdi.<\/p><p style=\"text-align: center;\">Hikayemizin ikinci b\u00f6l\u00fcm\u00fcne ise Nisan 2022\u2019de ba\u015flad\u0131k. Bu sefer daha uzun s\u00fcreli ve daha kapsaml\u0131 bir \u00e7al\u0131\u015fma planlad\u0131k. Hedefimizi \u00f6nce \u201cPolitikada \u0130yilik Hali\u201d ve bak\u0131m-temelli \u00f6rg\u00fctl\u00fcl\u00fck yakla\u015f\u0131mlar\u0131n\u0131 netle\u015ftirip yayg\u0131nla\u015ft\u0131rmak, sonra da vatanda\u015flar a\u00e7\u0131s\u0131ndan ekonomik demokrasiyi \u00f6ne \u00e7\u0131kartan bir iyilik halini, aktivistler a\u00e7\u0131s\u0131ndan ise bireysel ve \u00f6rg\u00fctsel g\u00fc\u00e7lenmeyi birlikte alan queer feminist bak\u0131m temelli \u00f6rg\u00fctlenmeyi yayg\u0131nla\u015ft\u0131rmak olarak belirledik.<\/p><p style=\"text-align: center;\">Toplumsal ve politik m\u00fccadelenin farkl\u0131 kanallar\u0131ndan kat\u0131l\u0131mc\u0131larla, hen\u00fcz bir m\u00fccadele ve\/ya \u00f6rg\u00fctlenme ile ili\u015fkilenmemi\u015f ama bu konuda istekli olanlarla \u00e7e\u015fitli aktiviteler \u00fczerinden bulu\u015farak bu e\u015fsiz yolculu\u011fa devam ediyoruz. Politikan\u0131n mevcut haliyle getirdi\u011fi tek boyutlulu\u011fu, erilli\u011fi ve rekabeti, farkl\u0131 y\u00f6ntem ve perspektifleri hayata ge\u00e7irerek a\u015fmaya \u00e7al\u0131\u015f\u0131yoruz.<\/p><p style=\"text-align: center;\">Politikada \u0130yilik Hali \u00e7al\u0131\u015fmas\u0131 bu anlamda sadece T\u00fcrkiye\u2019de de\u011fil, d\u00fcnyada da ilk \u00f6rnek olmaya devam ediyor.<\/p>\t\t\t\t\t\t<\/div>\n\t\t\t\t<\/div>\n\t\t\t\t\t<\/div>\n\t\t<\/div>\n\t\t\t\t\t\t\t<\/div>\n\t\t<\/section>\n\t\t\t\t<section class=\"elementor-section elementor-top-section elementor-element elementor-element-feb7a6c elementor-section-boxed elementor-section-height-default elementor-section-height-default\" data-id=\"feb7a6c\" data-element_type=\"section\" data-settings=\"{&quot;jet_parallax_layout_list&quot;:[]}\">\n\t\t\t\t\t\t<div class=\"elementor-container elementor-column-gap-default\">\n\t\t\t\t\t<div class=\"elementor-column elementor-col-100 elementor-top-column elementor-element elementor-element-bf9dd76\" data-id=\"bf9dd76\" data-element_type=\"column\">\n\t\t\t<div class=\"elementor-widget-wrap elementor-element-populated\">\n\t\t\t\t\t\t\t\t<div class=\"elementor-element elementor-element-0a1a253 elementor-widget elementor-widget-heading\" data-id=\"0a1a253\" data-element_type=\"widget\" data-widget_type=\"heading.default\">\n\t\t\t\t<div class=\"elementor-widget-container\">\n\t\t\t<style>.elementor-element-0a1a253{display:none !important}<\/style>\t\t<\/div>\n\t\t\t\t<\/div>\n\t\t\t\t\t<\/div>\n\t\t<\/div>\n\t\t\t\t\t\t\t<\/div>\n\t\t<\/section>\n\t\t\t\t<section class=\"elementor-section elementor-top-section elementor-element elementor-element-8ea3a10 elementor-section-height-min-height elementor-section-boxed elementor-section-height-default elementor-section-items-middle\" data-id=\"8ea3a10\" data-element_type=\"section\" data-settings=\"{&quot;jet_parallax_layout_list&quot;:[],&quot;background_background&quot;:&quot;classic&quot;}\">\n\t\t\t\t\t\t<div class=\"elementor-container elementor-column-gap-default\">\n\t\t\t\t\t<div class=\"elementor-column elementor-col-100 elementor-top-column elementor-element elementor-element-c27d1c9\" data-id=\"c27d1c9\" data-element_type=\"column\">\n\t\t\t<div class=\"elementor-widget-wrap elementor-element-populated\">\n\t\t\t\t\t\t\t\t<div class=\"elementor-element elementor-element-f684f6b elementor-widget elementor-widget-text-editor\" data-id=\"f684f6b\" data-element_type=\"widget\" data-widget_type=\"text-editor.default\">\n\t\t\t\t<div class=\"elementor-widget-container\">\n\t\t\t<style>.elementor-element-f684f6b{display:none !important}<\/style>\t\t<\/div>\n\t\t\t\t<\/div>\n\t\t\t\t\t<\/div>\n\t\t<\/div>\n\t\t\t\t\t\t\t<\/div>\n\t\t<\/section>\n\t\t\t\t<section class=\"elementor-section elementor-top-section elementor-element elementor-element-7e95060 elementor-section-boxed elementor-section-height-default elementor-section-height-default\" data-id=\"7e95060\" data-element_type=\"section\" data-settings=\"{&quot;jet_parallax_layout_list&quot;:[]}\">\n\t\t\t\t\t\t<div class=\"elementor-container elementor-column-gap-default\">\n\t\t\t\t\t<div class=\"elementor-column elementor-col-100 elementor-top-column elementor-element elementor-element-42c1d89\" data-id=\"42c1d89\" data-element_type=\"column\">\n\t\t\t<div class=\"elementor-widget-wrap\">\n\t\t\t\t\t\t\t\t\t<\/div>\n\t\t<\/div>\n\t\t\t\t\t\t\t<\/div>\n\t\t<\/section>\n\t\t\t\t\t\t\t<\/div>\n\t\t","protected":false},"excerpt":{"rendered":"<p>H\u0130KAYEM\u0130Z Politikada \u0130yilik Hali \u00c7al\u0131\u015fmas\u0131, uzun s\u00fcreli sohbetlerin ve fikir al\u0131\u015fveri\u015flerinin ard\u0131ndan Temmuz 2021\u2019de bedene kavu\u015ftu. Yola \u00e7\u0131k\u0131\u015f\u0131m\u0131z\u0131n \u00fc\u00e7 temel motivasyonu vard\u0131: 1- Otoriterli\u011fin politik aktivistler \u00fczerindeki \u00f6zg\u00fcl etkilerini anlamak ve buna kar\u015f\u0131 bir yol haritas\u0131 geli\u015ftirmek, 2- \u00d6rg\u00fctlenmelerde sistematik olarak ya\u015fanan sorunlar\u0131 kendimizi ele\u015ftirinin d\u0131\u015f\u0131na \u00e7\u0131karmadan ve \u00e7\u00f6z\u00fcm \u00f6nerileri geli\u015ftirerek ele alabilmek 3-Politik m\u00fccadele [&hellip;]<\/p>\n","protected":false},"author":1,"featured_media":0,"parent":0,"menu_order":0,"comment_status":"closed","ping_status":"closed","template":"page-templates\/fullwidth-content.php","meta":[],"aioseo_notices":[],"_links":{"self":[{"href":"https:\/\/politikadaiyilikhali.org\/tr_tr\/wp-json\/wp\/v2\/pages\/9254"}],"collection":[{"href":"https:\/\/politikadaiyilikhali.org\/tr_tr\/wp-json\/wp\/v2\/pages"}],"about":[{"href":"https:\/\/politikadaiyilikhali.org\/tr_tr\/wp-json\/wp\/v2\/types\/page"}],"author":[{"embeddable":true,"href":"https:\/\/politikadaiyilikhali.org\/tr_tr\/wp-json\/wp\/v2\/users\/1"}],"replies":[{"embeddable":true,"href":"https:\/\/politikadaiyilikhali.org\/tr_tr\/wp-json\/wp\/v2\/comments?post=9254"}],"version-history":[{"count":33,"href":"https:\/\/politikadaiyilikhali.org\/tr_tr\/wp-json\/wp\/v2\/pages\/9254\/revisions"}],"predecessor-version":[{"id":11793,"href":"https:\/\/politikadaiyilikhali.org\/tr_tr\/wp-json\/wp\/v2\/pages\/9254\/revisions\/11793"}],"wp:attachment":[{"href":"https:\/\/politikadaiyilikhali.org\/tr_tr\/wp-json\/wp\/v2\/media?parent=9254"}],"curies":[{"name":"wp","href":"https:\/\/api.w.org\/{rel}","templated":true}]}}