{"id":9318,"date":"2022-05-25T12:45:22","date_gmt":"2022-05-25T09:45:22","guid":{"rendered":"https:\/\/politikadaiyilikhali.org\/?page_id=9318"},"modified":"2022-05-25T12:46:22","modified_gmt":"2022-05-25T09:46:22","slug":"siyasete-ilham-dayanisma-basari-ve-cuvallama-hikayleri","status":"publish","type":"page","link":"https:\/\/politikadaiyilikhali.org\/tr_tr\/siyasete-ilham-dayanisma-basari-ve-cuvallama-hikayleri\/","title":{"rendered":"Siyasete \u0130lham Dayan\u0131\u015fma, Ba\u015far\u0131 ve \u00c7uvallama Hikayleri"},"content":{"rendered":"\t\t<div data-elementor-type=\"wp-page\" data-elementor-id=\"9318\" class=\"elementor elementor-9318\">\n\t\t\t\t\t\t\t\t\t<section class=\"elementor-section elementor-top-section elementor-element elementor-element-6bce05d elementor-section-boxed elementor-section-height-default elementor-section-height-default\" data-id=\"6bce05d\" data-element_type=\"section\" data-settings=\"{&quot;jet_parallax_layout_list&quot;:[]}\">\n\t\t\t\t\t\t<div class=\"elementor-container elementor-column-gap-default\">\n\t\t\t\t\t<div class=\"elementor-column elementor-col-100 elementor-top-column elementor-element elementor-element-c89cd26\" data-id=\"c89cd26\" data-element_type=\"column\">\n\t\t\t<div class=\"elementor-widget-wrap elementor-element-populated\">\n\t\t\t\t\t\t\t\t<div class=\"elementor-element elementor-element-cd11339 elementor-widget elementor-widget-image\" data-id=\"cd11339\" data-element_type=\"widget\" data-widget_type=\"image.default\">\n\t\t\t\t<div class=\"elementor-widget-container\">\n\t\t\t<style>\/*! elementor - v3.6.5 - 27-04-2022 *\/\n.elementor-widget-image{text-align:center}.elementor-widget-image a{display:inline-block}.elementor-widget-image a img[src$=\".svg\"]{width:48px}.elementor-widget-image img{vertical-align:middle;display:inline-block}<\/style>\t\t\t\t\t\t\t\t\t\t\t\t<img width=\"1024\" height=\"213\" src=\"https:\/\/politikadaiyilikhali.org\/wp-content\/uploads\/2022\/05\/01F827B1-6226-4F1A-B202-0001F719151C-1024x213.jpeg\" class=\"attachment-large size-large\" alt=\"\" loading=\"lazy\" srcset=\"https:\/\/politikadaiyilikhali.org\/wp-content\/uploads\/2022\/05\/01F827B1-6226-4F1A-B202-0001F719151C-1024x213.jpeg 1024w, https:\/\/politikadaiyilikhali.org\/wp-content\/uploads\/2022\/05\/01F827B1-6226-4F1A-B202-0001F719151C-300x63.jpeg 300w, https:\/\/politikadaiyilikhali.org\/wp-content\/uploads\/2022\/05\/01F827B1-6226-4F1A-B202-0001F719151C-768x160.jpeg 768w, https:\/\/politikadaiyilikhali.org\/wp-content\/uploads\/2022\/05\/01F827B1-6226-4F1A-B202-0001F719151C-1536x320.jpeg 1536w, https:\/\/politikadaiyilikhali.org\/wp-content\/uploads\/2022\/05\/01F827B1-6226-4F1A-B202-0001F719151C-600x125.jpeg 600w, https:\/\/politikadaiyilikhali.org\/wp-content\/uploads\/2022\/05\/01F827B1-6226-4F1A-B202-0001F719151C.jpeg 1920w\" sizes=\"(max-width: 1024px) 100vw, 1024px\" \/>\t\t\t\t\t\t\t\t\t\t\t\t\t\t\t<\/div>\n\t\t\t\t<\/div>\n\t\t\t\t\t<\/div>\n\t\t<\/div>\n\t\t\t\t\t\t\t<\/div>\n\t\t<\/section>\n\t\t\t\t<section class=\"elementor-section elementor-top-section elementor-element elementor-element-1a274c9 elementor-section-boxed elementor-section-height-default elementor-section-height-default\" data-id=\"1a274c9\" data-element_type=\"section\" data-settings=\"{&quot;jet_parallax_layout_list&quot;:[],&quot;background_background&quot;:&quot;classic&quot;}\">\n\t\t\t\t\t\t<div class=\"elementor-container elementor-column-gap-default\">\n\t\t\t\t\t<div class=\"elementor-column elementor-col-100 elementor-top-column elementor-element elementor-element-0155d1f\" data-id=\"0155d1f\" data-element_type=\"column\">\n\t\t\t<div class=\"elementor-widget-wrap elementor-element-populated\">\n\t\t\t\t\t\t\t\t<div class=\"elementor-element elementor-element-ff0ce5c elementor-widget elementor-widget-text-editor\" data-id=\"ff0ce5c\" data-element_type=\"widget\" data-widget_type=\"text-editor.default\">\n\t\t\t\t<div class=\"elementor-widget-container\">\n\t\t\t<style>\/*! elementor - v3.6.5 - 27-04-2022 *\/\n.elementor-widget-text-editor.elementor-drop-cap-view-stacked .elementor-drop-cap{background-color:#818a91;color:#fff}.elementor-widget-text-editor.elementor-drop-cap-view-framed .elementor-drop-cap{color:#818a91;border:3px solid;background-color:transparent}.elementor-widget-text-editor:not(.elementor-drop-cap-view-default) .elementor-drop-cap{margin-top:8px}.elementor-widget-text-editor:not(.elementor-drop-cap-view-default) .elementor-drop-cap-letter{width:1em;height:1em}.elementor-widget-text-editor .elementor-drop-cap{float:left;text-align:center;line-height:1;font-size:50px}.elementor-widget-text-editor .elementor-drop-cap-letter{display:inline-block}<\/style>\t\t\t\t<p style=\"caret-color: rgb(0, 0, 0); color: rgb(0, 0, 0);\">Bu etkinlikte temel ama\u00e7 hem iyi \u00f6rneklerin ki\u015fisal hikayeler \u00fczerinden g\u00f6r\u00fcn\u00fcr k\u0131l\u0131nmas\u0131, hem de birbirimize ilham olabildi\u011fimiz bir dayan\u0131\u015fmay\u0131 harekete ge\u00e7irmekti.<\/p><p style=\"caret-color: rgb(0, 0, 0); color: rgb(0, 0, 0);\">\u00c7\u00fcnk\u00fc otoriter siyasetlerin, T\u00fcrkiye deneyiminde otoriter neoliberalizmin siyaset bi\u00e7iminin en \u00f6nemli \u00f6zelliklerinden biri genel olarak k\u00f6t\u00fcn\u00fcn temsil g\u00fcc\u00fc kazanmas\u0131 ve iyinin g\u00f6r\u00fcnmezle\u015fmesi. Buna kar\u015f\u0131 k\u00fc\u00e7\u00fck bir hikaye olu\u015fturmak istedik.<\/p><p style=\"caret-color: rgb(0, 0, 0); color: rgb(0, 0, 0);\">Ayr\u0131ca, bu g\u00fc\u00e7lenme anlar\u0131nda \u00e7e\u015fitli sebeplerle edilememi\u015f te\u015fekk\u00fcrler kamusal bir dayan\u0131\u015fma hikayesi yoluyla payla\u015f\u0131lm\u0131\u015f olacakt\u0131.<\/p><p style=\"caret-color: rgb(0, 0, 0); color: rgb(0, 0, 0);\">Bu etkinlik, en \u00e7ok d\u00f6n\u00fc\u015f ald\u0131\u011f\u0131m\u0131z etkinliklerimizden biri oldu. \u00c7ok say\u0131da insan, \u00e7ok duyguland\u0131\u011f\u0131n\u0131, kendi hikayesini d\u00fc\u015f\u00fcnmek ve payla\u015fmak istiyoruz.<\/p>\t\t\t\t\t\t<\/div>\n\t\t\t\t<\/div>\n\t\t\t\t\t<\/div>\n\t\t<\/div>\n\t\t\t\t\t\t\t<\/div>\n\t\t<\/section>\n\t\t\t\t\t\t\t<\/div>\n\t\t","protected":false},"excerpt":{"rendered":"<p>Bu etkinlikte temel ama\u00e7 hem iyi \u00f6rneklerin ki\u015fisal hikayeler \u00fczerinden g\u00f6r\u00fcn\u00fcr k\u0131l\u0131nmas\u0131, hem de birbirimize ilham olabildi\u011fimiz bir dayan\u0131\u015fmay\u0131 harekete ge\u00e7irmekti. \u00c7\u00fcnk\u00fc otoriter siyasetlerin, T\u00fcrkiye deneyiminde otoriter neoliberalizmin siyaset bi\u00e7iminin en \u00f6nemli \u00f6zelliklerinden biri genel olarak k\u00f6t\u00fcn\u00fcn temsil g\u00fcc\u00fc kazanmas\u0131 ve iyinin g\u00f6r\u00fcnmezle\u015fmesi. Buna kar\u015f\u0131 k\u00fc\u00e7\u00fck bir hikaye olu\u015fturmak istedik. Ayr\u0131ca, bu g\u00fc\u00e7lenme anlar\u0131nda \u00e7e\u015fitli [&hellip;]<\/p>\n","protected":false},"author":1,"featured_media":0,"parent":0,"menu_order":0,"comment_status":"closed","ping_status":"closed","template":"page-templates\/fullwidth-content.php","meta":[],"aioseo_notices":[],"_links":{"self":[{"href":"https:\/\/politikadaiyilikhali.org\/tr_tr\/wp-json\/wp\/v2\/pages\/9318"}],"collection":[{"href":"https:\/\/politikadaiyilikhali.org\/tr_tr\/wp-json\/wp\/v2\/pages"}],"about":[{"href":"https:\/\/politikadaiyilikhali.org\/tr_tr\/wp-json\/wp\/v2\/types\/page"}],"author":[{"embeddable":true,"href":"https:\/\/politikadaiyilikhali.org\/tr_tr\/wp-json\/wp\/v2\/users\/1"}],"replies":[{"embeddable":true,"href":"https:\/\/politikadaiyilikhali.org\/tr_tr\/wp-json\/wp\/v2\/comments?post=9318"}],"version-history":[{"count":0,"href":"https:\/\/politikadaiyilikhali.org\/tr_tr\/wp-json\/wp\/v2\/pages\/9318\/revisions"}],"wp:attachment":[{"href":"https:\/\/politikadaiyilikhali.org\/tr_tr\/wp-json\/wp\/v2\/media?parent=9318"}],"curies":[{"name":"wp","href":"https:\/\/api.w.org\/{rel}","templated":true}]}}