{"id":9432,"date":"2022-05-25T14:29:52","date_gmt":"2022-05-25T11:29:52","guid":{"rendered":"https:\/\/politikadaiyilikhali.org\/?page_id=9432"},"modified":"2023-01-17T13:28:56","modified_gmt":"2023-01-17T10:28:56","slug":"cocuk-mektuplari","status":"publish","type":"page","link":"https:\/\/politikadaiyilikhali.org\/tr_tr\/cocuk-mektuplari\/","title":{"rendered":"\u00c7ocuk Mektuplar\u0131"},"content":{"rendered":"\t\t<div data-elementor-type=\"wp-page\" data-elementor-id=\"9432\" class=\"elementor elementor-9432\">\n\t\t\t\t\t\t\t\t\t<section class=\"elementor-section elementor-top-section elementor-element elementor-element-51426eb elementor-section-boxed elementor-section-height-default elementor-section-height-default\" data-id=\"51426eb\" data-element_type=\"section\" data-settings=\"{&quot;jet_parallax_layout_list&quot;:[]}\">\n\t\t\t\t\t\t<div class=\"elementor-container elementor-column-gap-default\">\n\t\t\t\t\t<div class=\"elementor-column elementor-col-100 elementor-top-column elementor-element elementor-element-cbaa328\" data-id=\"cbaa328\" data-element_type=\"column\">\n\t\t\t<div class=\"elementor-widget-wrap elementor-element-populated\">\n\t\t\t\t\t\t\t\t<div class=\"elementor-element elementor-element-cb05c4a elementor-widget elementor-widget-spacer\" data-id=\"cb05c4a\" data-element_type=\"widget\" data-widget_type=\"spacer.default\">\n\t\t\t\t<div class=\"elementor-widget-container\">\n\t\t\t<style>\/*! elementor - v3.6.5 - 27-04-2022 *\/\n.e-container.e-container--row .elementor-spacer-inner{width:var(--spacer-size)}.e-container.e-container--column .elementor-spacer-inner,.elementor-column .elementor-spacer-inner{height:var(--spacer-size)}<\/style>\t\t<div class=\"elementor-spacer\">\n\t\t\t<div class=\"elementor-spacer-inner\"><\/div>\n\t\t<\/div>\n\t\t\t\t<\/div>\n\t\t\t\t<\/div>\n\t\t\t\t\t<\/div>\n\t\t<\/div>\n\t\t\t\t\t\t\t<\/div>\n\t\t<\/section>\n\t\t\t\t<section class=\"elementor-section elementor-top-section elementor-element elementor-element-c93f222 elementor-section-boxed elementor-section-height-default elementor-section-height-default\" data-id=\"c93f222\" data-element_type=\"section\" data-settings=\"{&quot;jet_parallax_layout_list&quot;:[]}\">\n\t\t\t\t\t\t<div class=\"elementor-container elementor-column-gap-default\">\n\t\t\t\t\t<div class=\"elementor-column elementor-col-100 elementor-top-column elementor-element elementor-element-ca7665e\" data-id=\"ca7665e\" data-element_type=\"column\">\n\t\t\t<div class=\"elementor-widget-wrap elementor-element-populated\">\n\t\t\t\t\t\t\t\t<div class=\"elementor-element elementor-element-63eb440 elementor-widget elementor-widget-heading\" data-id=\"63eb440\" data-element_type=\"widget\" data-widget_type=\"heading.default\">\n\t\t\t\t<div class=\"elementor-widget-container\">\n\t\t\t<style>\/*! elementor - v3.6.5 - 27-04-2022 *\/\n.elementor-heading-title{padding:0;margin:0;line-height:1}.elementor-widget-heading .elementor-heading-title[class*=elementor-size-]>a{color:inherit;font-size:inherit;line-height:inherit}.elementor-widget-heading .elementor-heading-title.elementor-size-small{font-size:15px}.elementor-widget-heading .elementor-heading-title.elementor-size-medium{font-size:19px}.elementor-widget-heading .elementor-heading-title.elementor-size-large{font-size:29px}.elementor-widget-heading .elementor-heading-title.elementor-size-xl{font-size:39px}.elementor-widget-heading .elementor-heading-title.elementor-size-xxl{font-size:59px}<\/style><style>.elementor-element-63eb440{display:none !important}<\/style>\t\t<\/div>\n\t\t\t\t<\/div>\n\t\t\t\t\t<\/div>\n\t\t<\/div>\n\t\t\t\t\t\t\t<\/div>\n\t\t<\/section>\n\t\t\t\t<section class=\"elementor-section elementor-top-section elementor-element elementor-element-7d46dd5 elementor-section-boxed elementor-section-height-default elementor-section-height-default\" data-id=\"7d46dd5\" data-element_type=\"section\" data-settings=\"{&quot;jet_parallax_layout_list&quot;:[]}\">\n\t\t\t\t\t\t<div class=\"elementor-container elementor-column-gap-default\">\n\t\t\t\t\t<div class=\"elementor-column elementor-col-100 elementor-top-column elementor-element elementor-element-b8f87bd\" data-id=\"b8f87bd\" data-element_type=\"column\">\n\t\t\t<div class=\"elementor-widget-wrap elementor-element-populated\">\n\t\t\t\t\t\t\t\t<div class=\"elementor-element elementor-element-fa4c377 elementor-widget elementor-widget-heading\" data-id=\"fa4c377\" data-element_type=\"widget\" data-widget_type=\"heading.default\">\n\t\t\t\t<div class=\"elementor-widget-container\">\n\t\t\t<h2 class=\"elementor-heading-title elementor-size-large\">Siyasete \u0130lham \u00c7ocuklar Kitap\u00e7\u0131\u011f\u0131 i\u00e7in T\u0131kla!!!<\/h2>\t\t<\/div>\n\t\t\t\t<\/div>\n\t\t\t\t\t<\/div>\n\t\t<\/div>\n\t\t\t\t\t\t\t<\/div>\n\t\t<\/section>\n\t\t\t\t<section class=\"elementor-section elementor-top-section elementor-element elementor-element-3a0d442 elementor-section-boxed elementor-section-height-default elementor-section-height-default\" data-id=\"3a0d442\" data-element_type=\"section\" data-settings=\"{&quot;jet_parallax_layout_list&quot;:[]}\">\n\t\t\t\t\t\t<div class=\"elementor-container elementor-column-gap-default\">\n\t\t\t\t\t<div class=\"elementor-column elementor-col-100 elementor-top-column elementor-element elementor-element-1b62c90\" data-id=\"1b62c90\" data-element_type=\"column\">\n\t\t\t<div class=\"elementor-widget-wrap elementor-element-populated\">\n\t\t\t\t\t\t\t\t<div class=\"elementor-element elementor-element-97172d5 elementor-widget elementor-widget-text-editor\" data-id=\"97172d5\" data-element_type=\"widget\" data-widget_type=\"text-editor.default\">\n\t\t\t\t<div class=\"elementor-widget-container\">\n\t\t\t<style>\/*! elementor - v3.6.5 - 27-04-2022 *\/\n.elementor-widget-text-editor.elementor-drop-cap-view-stacked .elementor-drop-cap{background-color:#818a91;color:#fff}.elementor-widget-text-editor.elementor-drop-cap-view-framed .elementor-drop-cap{color:#818a91;border:3px solid;background-color:transparent}.elementor-widget-text-editor:not(.elementor-drop-cap-view-default) .elementor-drop-cap{margin-top:8px}.elementor-widget-text-editor:not(.elementor-drop-cap-view-default) .elementor-drop-cap-letter{width:1em;height:1em}.elementor-widget-text-editor .elementor-drop-cap{float:left;text-align:center;line-height:1;font-size:50px}.elementor-widget-text-editor .elementor-drop-cap-letter{display:inline-block}<\/style>\t\t\t\t<p>\u00c7ocuklar\u0131n \u0130yilik Hali ba\u015fl\u0131\u011f\u0131 alt\u0131nda yapt\u0131\u011f\u0131m\u0131z \u00e7al\u0131\u015fmalar\u0131 bir araya getirdik. Siyasete \u0130lham \u00c7ocuklar kitap\u00e7\u0131\u011f\u0131 \u201cBir Siyasi Parti Kursan Ne Partisi Kurard\u0131n\u201d ve sol siyasi liderlerine yazd\u0131klar\u0131 mektuplar\u0131 i\u00e7ermek ile, beraber, \u00e7ocuk ve politika ili\u015fkisi \u00fczerine s\u0131k\u00e7a sorulan sorular ile \u00e7ocuklar\u0131n iyilik hali, \u00e7ocuk ve politika rehberini de i\u00e7ermektedir.&nbsp;<\/p><p>A\u015fa\u011f\u0131daki butona t\u0131klayarak haz\u0131rlad\u0131\u011f\u0131m\u0131z kitap\u00e7\u0131\u011f\u0131m\u0131za eri\u015fim sa\u011flayabilirsiniz.<\/p>\n<p><\/p>\t\t\t\t\t\t<\/div>\n\t\t\t\t<\/div>\n\t\t\t\t\t<\/div>\n\t\t<\/div>\n\t\t\t\t\t\t\t<\/div>\n\t\t<\/section>\n\t\t\t\t<section class=\"elementor-section elementor-top-section elementor-element elementor-element-2859859 elementor-section-boxed elementor-section-height-default elementor-section-height-default\" data-id=\"2859859\" data-element_type=\"section\" data-settings=\"{&quot;jet_parallax_layout_list&quot;:[]}\">\n\t\t\t\t\t\t<div class=\"elementor-container elementor-column-gap-default\">\n\t\t\t\t\t<div class=\"elementor-column elementor-col-100 elementor-top-column elementor-element elementor-element-c317436\" data-id=\"c317436\" data-element_type=\"column\">\n\t\t\t<div class=\"elementor-widget-wrap elementor-element-populated\">\n\t\t\t\t\t\t\t\t<div class=\"elementor-element elementor-element-ae1a9ae elementor-align-center elementor-widget elementor-widget-button\" data-id=\"ae1a9ae\" data-element_type=\"widget\" data-widget_type=\"button.default\">\n\t\t\t\t<div class=\"elementor-widget-container\">\n\t\t\t\t\t<div class=\"elementor-button-wrapper\">\n\t\t\t<a href=\"https:\/\/politikadaiyilikhali.org\/wp-content\/uploads\/2022\/12\/Siyasete-I\u0307lham-C\u0327ocuklar-Kitapc\u0327ig\u0306i-.pdf\" class=\"elementor-button-link elementor-button elementor-size-lg\" role=\"button\">\n\t\t\t\t\t\t<span class=\"elementor-button-content-wrapper\">\n\t\t\t\t\t\t<span class=\"elementor-button-text\">Siyasete \u0130lham \u00c7ocuklar Kitap\u00e7\u0131\u011f\u0131 <\/span>\n\t\t<\/span>\n\t\t\t\t\t<\/a>\n\t\t<\/div>\n\t\t\t\t<\/div>\n\t\t\t\t<\/div>\n\t\t\t\t\t<\/div>\n\t\t<\/div>\n\t\t\t\t\t\t\t<\/div>\n\t\t<\/section>\n\t\t\t\t<section class=\"elementor-section elementor-top-section elementor-element elementor-element-0d8bb15 elementor-section-boxed elementor-section-height-default elementor-section-height-default\" data-id=\"0d8bb15\" data-element_type=\"section\" data-settings=\"{&quot;jet_parallax_layout_list&quot;:[]}\">\n\t\t\t\t\t\t<div class=\"elementor-container elementor-column-gap-default\">\n\t\t\t\t\t<div class=\"elementor-column elementor-col-100 elementor-top-column elementor-element elementor-element-0e3e3c8\" data-id=\"0e3e3c8\" data-element_type=\"column\">\n\t\t\t<div class=\"elementor-widget-wrap elementor-element-populated\">\n\t\t\t\t\t\t\t\t<div class=\"elementor-element elementor-element-4be8ec9 elementor-widget elementor-widget-spacer\" data-id=\"4be8ec9\" data-element_type=\"widget\" data-widget_type=\"spacer.default\">\n\t\t\t\t<div class=\"elementor-widget-container\">\n\t\t\t\t\t<div class=\"elementor-spacer\">\n\t\t\t<div class=\"elementor-spacer-inner\"><\/div>\n\t\t<\/div>\n\t\t\t\t<\/div>\n\t\t\t\t<\/div>\n\t\t\t\t\t<\/div>\n\t\t<\/div>\n\t\t\t\t\t\t\t<\/div>\n\t\t<\/section>\n\t\t\t\t<section class=\"elementor-section elementor-top-section elementor-element elementor-element-c09f25a elementor-section-boxed elementor-section-height-default elementor-section-height-default\" data-id=\"c09f25a\" data-element_type=\"section\" data-settings=\"{&quot;jet_parallax_layout_list&quot;:[]}\">\n\t\t\t\t\t\t<div class=\"elementor-container elementor-column-gap-default\">\n\t\t\t\t\t<div class=\"elementor-column elementor-col-100 elementor-top-column elementor-element elementor-element-bd0ce03\" data-id=\"bd0ce03\" data-element_type=\"column\">\n\t\t\t<div class=\"elementor-widget-wrap elementor-element-populated\">\n\t\t\t\t\t\t\t\t<div class=\"elementor-element elementor-element-92df413 elementor-widget elementor-widget-heading\" data-id=\"92df413\" data-element_type=\"widget\" data-widget_type=\"heading.default\">\n\t\t\t\t<div class=\"elementor-widget-container\">\n\t\t\t<h2 class=\"elementor-heading-title elementor-size-large\">\u00c7ocuk ve Gen\u00e7ler Siyasi Liderlere Mektup Yazd\u0131lar!<\/h2>\t\t<\/div>\n\t\t\t\t<\/div>\n\t\t\t\t<div class=\"elementor-element elementor-element-c05496a elementor-widget elementor-widget-bae-pdf-native-embedder\" data-id=\"c05496a\" data-element_type=\"widget\" data-widget_type=\"bae-pdf-native-embedder.default\">\n\t\t\t\t<div class=\"elementor-widget-container\">\n\t\t\t\t\t<div class =\"native_style\">\n\t\t\t     \t\t<div class=\"download\">\n\t\t\t\t\t\t\t<\/div>\n\t\t<\/div>\n\t\t\t\t<div class=\"my_native\">\n\t\t\t<iframe src=\"https:\/\/politikadaiyilikhali.org\/wp-content\/uploads\/2022\/11\/C\u0327ocuk-ve-Genc\u0327lerden-Siyasetc\u0327ilere-Mektuplar.pdf\"><\/iframe>\n\t\t<\/div>\n\t\t\t<\/div>\n\t\t\t\t<\/div>\n\t\t\t\t\t<\/div>\n\t\t<\/div>\n\t\t\t\t\t\t\t<\/div>\n\t\t<\/section>\n\t\t\t\t<section class=\"elementor-section elementor-top-section elementor-element elementor-element-7f36f38 elementor-section-boxed elementor-section-height-default elementor-section-height-default\" data-id=\"7f36f38\" data-element_type=\"section\" data-settings=\"{&quot;jet_parallax_layout_list&quot;:[]}\">\n\t\t\t\t\t\t<div class=\"elementor-container elementor-column-gap-default\">\n\t\t\t\t\t<div class=\"elementor-column elementor-col-100 elementor-top-column elementor-element elementor-element-bab54ea\" data-id=\"bab54ea\" data-element_type=\"column\">\n\t\t\t<div class=\"elementor-widget-wrap\">\n\t\t\t\t\t\t\t\t\t<\/div>\n\t\t<\/div>\n\t\t\t\t\t\t\t<\/div>\n\t\t<\/section>\n\t\t\t\t<section class=\"elementor-section elementor-top-section elementor-element elementor-element-8b78aca elementor-section-boxed elementor-section-height-default elementor-section-height-default\" data-id=\"8b78aca\" data-element_type=\"section\" data-settings=\"{&quot;jet_parallax_layout_list&quot;:[]}\">\n\t\t\t\t\t\t<div class=\"elementor-container elementor-column-gap-default\">\n\t\t\t\t\t<div class=\"elementor-column elementor-col-100 elementor-top-column elementor-element elementor-element-077f8d3\" data-id=\"077f8d3\" data-element_type=\"column\">\n\t\t\t<div class=\"elementor-widget-wrap elementor-element-populated\">\n\t\t\t\t\t\t\t\t<div class=\"elementor-element elementor-element-a0ab3c5 elementor-widget elementor-widget-heading\" data-id=\"a0ab3c5\" data-element_type=\"widget\" data-widget_type=\"heading.default\">\n\t\t\t\t<div class=\"elementor-widget-container\">\n\t\t\t<h2 class=\"elementor-heading-title elementor-size-large\">Kar\u0131nca'dan Mektup Var!<\/h2>\t\t<\/div>\n\t\t\t\t<\/div>\n\t\t\t\t\t<\/div>\n\t\t<\/div>\n\t\t\t\t\t\t\t<\/div>\n\t\t<\/section>\n\t\t\t\t<section class=\"elementor-section elementor-top-section elementor-element elementor-element-0ff5759 elementor-section-boxed elementor-section-height-default elementor-section-height-default\" data-id=\"0ff5759\" data-element_type=\"section\" data-settings=\"{&quot;jet_parallax_layout_list&quot;:[]}\">\n\t\t\t\t\t\t<div class=\"elementor-container elementor-column-gap-default\">\n\t\t\t\t\t<div class=\"elementor-column elementor-col-100 elementor-top-column elementor-element elementor-element-2126124\" data-id=\"2126124\" data-element_type=\"column\">\n\t\t\t<div class=\"elementor-widget-wrap elementor-element-populated\">\n\t\t\t\t\t\t\t\t<div class=\"elementor-element elementor-element-aa006b0 elementor-widget elementor-widget-spacer\" data-id=\"aa006b0\" data-element_type=\"widget\" data-widget_type=\"spacer.default\">\n\t\t\t\t<div class=\"elementor-widget-container\">\n\t\t\t\t\t<div class=\"elementor-spacer\">\n\t\t\t<div class=\"elementor-spacer-inner\"><\/div>\n\t\t<\/div>\n\t\t\t\t<\/div>\n\t\t\t\t<\/div>\n\t\t\t\t\t<\/div>\n\t\t<\/div>\n\t\t\t\t\t\t\t<\/div>\n\t\t<\/section>\n\t\t\t\t<section class=\"elementor-section elementor-top-section elementor-element elementor-element-dce050f elementor-section-boxed elementor-section-height-default elementor-section-height-default\" data-id=\"dce050f\" data-element_type=\"section\" data-settings=\"{&quot;jet_parallax_layout_list&quot;:[],&quot;background_background&quot;:&quot;classic&quot;}\">\n\t\t\t\t\t\t<div class=\"elementor-container elementor-column-gap-default\">\n\t\t\t\t\t<div class=\"elementor-column elementor-col-50 elementor-top-column elementor-element elementor-element-52da072\" data-id=\"52da072\" data-element_type=\"column\" data-settings=\"{&quot;background_background&quot;:&quot;classic&quot;}\">\n\t\t\t<div class=\"elementor-widget-wrap elementor-element-populated\">\n\t\t\t\t\t\t\t\t<div class=\"elementor-element elementor-element-795e4d1 elementor-widget elementor-widget-image\" data-id=\"795e4d1\" data-element_type=\"widget\" data-widget_type=\"image.default\">\n\t\t\t\t<div class=\"elementor-widget-container\">\n\t\t\t<style>\/*! elementor - v3.6.5 - 27-04-2022 *\/\n.elementor-widget-image{text-align:center}.elementor-widget-image a{display:inline-block}.elementor-widget-image a img[src$=\".svg\"]{width:48px}.elementor-widget-image img{vertical-align:middle;display:inline-block}<\/style>\t\t\t\t\t\t\t\t\t\t\t\t<img width=\"1024\" height=\"1024\" src=\"https:\/\/politikadaiyilikhali.org\/wp-content\/uploads\/2022\/05\/FTDkzt7X0AI3Ige-1024x1024.jpeg\" class=\"attachment-large size-large\" alt=\"\" loading=\"lazy\" srcset=\"https:\/\/politikadaiyilikhali.org\/wp-content\/uploads\/2022\/05\/FTDkzt7X0AI3Ige-1024x1024.jpeg 1024w, https:\/\/politikadaiyilikhali.org\/wp-content\/uploads\/2022\/05\/FTDkzt7X0AI3Ige-300x300.jpeg 300w, https:\/\/politikadaiyilikhali.org\/wp-content\/uploads\/2022\/05\/FTDkzt7X0AI3Ige-150x150.jpeg 150w, https:\/\/politikadaiyilikhali.org\/wp-content\/uploads\/2022\/05\/FTDkzt7X0AI3Ige-768x768.jpeg 768w, https:\/\/politikadaiyilikhali.org\/wp-content\/uploads\/2022\/05\/FTDkzt7X0AI3Ige-230x230.jpeg 230w, https:\/\/politikadaiyilikhali.org\/wp-content\/uploads\/2022\/05\/FTDkzt7X0AI3Ige-400x400.jpeg 400w, https:\/\/politikadaiyilikhali.org\/wp-content\/uploads\/2022\/05\/FTDkzt7X0AI3Ige-600x600.jpeg 600w, https:\/\/politikadaiyilikhali.org\/wp-content\/uploads\/2022\/05\/FTDkzt7X0AI3Ige-640x640.jpeg 640w, https:\/\/politikadaiyilikhali.org\/wp-content\/uploads\/2022\/05\/FTDkzt7X0AI3Ige.jpeg 1080w\" sizes=\"(max-width: 1024px) 100vw, 1024px\" \/>\t\t\t\t\t\t\t\t\t\t\t\t\t\t\t<\/div>\n\t\t\t\t<\/div>\n\t\t\t\t\t<\/div>\n\t\t<\/div>\n\t\t\t\t<div class=\"elementor-column elementor-col-50 elementor-top-column elementor-element elementor-element-f0df62d\" data-id=\"f0df62d\" data-element_type=\"column\" data-settings=\"{&quot;background_background&quot;:&quot;classic&quot;}\">\n\t\t\t<div class=\"elementor-widget-wrap elementor-element-populated\">\n\t\t\t\t\t\t\t\t<div class=\"elementor-element elementor-element-c41cb87 elementor-widget elementor-widget-image\" data-id=\"c41cb87\" data-element_type=\"widget\" data-widget_type=\"image.default\">\n\t\t\t\t<div class=\"elementor-widget-container\">\n\t\t\t\t\t\t\t\t\t\t\t\t\t\t\t<img width=\"1024\" height=\"1024\" src=\"https:\/\/politikadaiyilikhali.org\/wp-content\/uploads\/2022\/05\/FS-YEJvWIAAR-Gk-1024x1024.jpeg\" class=\"attachment-large size-large\" alt=\"\" loading=\"lazy\" srcset=\"https:\/\/politikadaiyilikhali.org\/wp-content\/uploads\/2022\/05\/FS-YEJvWIAAR-Gk-1024x1024.jpeg 1024w, https:\/\/politikadaiyilikhali.org\/wp-content\/uploads\/2022\/05\/FS-YEJvWIAAR-Gk-300x300.jpeg 300w, https:\/\/politikadaiyilikhali.org\/wp-content\/uploads\/2022\/05\/FS-YEJvWIAAR-Gk-150x150.jpeg 150w, https:\/\/politikadaiyilikhali.org\/wp-content\/uploads\/2022\/05\/FS-YEJvWIAAR-Gk-768x768.jpeg 768w, https:\/\/politikadaiyilikhali.org\/wp-content\/uploads\/2022\/05\/FS-YEJvWIAAR-Gk-230x230.jpeg 230w, https:\/\/politikadaiyilikhali.org\/wp-content\/uploads\/2022\/05\/FS-YEJvWIAAR-Gk-400x400.jpeg 400w, https:\/\/politikadaiyilikhali.org\/wp-content\/uploads\/2022\/05\/FS-YEJvWIAAR-Gk-600x600.jpeg 600w, https:\/\/politikadaiyilikhali.org\/wp-content\/uploads\/2022\/05\/FS-YEJvWIAAR-Gk-640x640.jpeg 640w, https:\/\/politikadaiyilikhali.org\/wp-content\/uploads\/2022\/05\/FS-YEJvWIAAR-Gk.jpeg 1080w\" sizes=\"(max-width: 1024px) 100vw, 1024px\" \/>\t\t\t\t\t\t\t\t\t\t\t\t\t\t\t<\/div>\n\t\t\t\t<\/div>\n\t\t\t\t\t<\/div>\n\t\t<\/div>\n\t\t\t\t\t\t\t<\/div>\n\t\t<\/section>\n\t\t\t\t<section class=\"elementor-section elementor-top-section elementor-element elementor-element-6d5f4e7 elementor-section-boxed elementor-section-height-default elementor-section-height-default\" data-id=\"6d5f4e7\" data-element_type=\"section\" data-settings=\"{&quot;jet_parallax_layout_list&quot;:[]}\">\n\t\t\t\t\t\t<div class=\"elementor-container elementor-column-gap-default\">\n\t\t\t\t\t<div class=\"elementor-column elementor-col-100 elementor-top-column elementor-element elementor-element-52d3489\" data-id=\"52d3489\" data-element_type=\"column\">\n\t\t\t<div class=\"elementor-widget-wrap elementor-element-populated\">\n\t\t\t\t\t\t\t\t<div class=\"elementor-element elementor-element-54d584d elementor-aspect-ratio-169 elementor-widget elementor-widget-video\" data-id=\"54d584d\" data-element_type=\"widget\" data-settings=\"{&quot;video_type&quot;:&quot;hosted&quot;,&quot;start&quot;:2,&quot;controls&quot;:&quot;yes&quot;,&quot;aspect_ratio&quot;:&quot;169&quot;}\" data-no-translation=\"\" data-widget_type=\"video.default\">\n\t\t\t\t<div class=\"elementor-widget-container\">\n\t\t\t<style>\/*! elementor - v3.6.5 - 27-04-2022 *\/\n.elementor-widget-video .elementor-widget-container{overflow:hidden;-webkit-transform:translateZ(0);transform:translateZ(0)}.elementor-widget-video .elementor-open-inline .elementor-custom-embed-image-overlay{position:absolute;top:0;left:0;width:100%;height:100%;background-size:cover;background-position:50%}.elementor-widget-video .elementor-custom-embed-image-overlay{cursor:pointer;text-align:center}.elementor-widget-video .elementor-custom-embed-image-overlay:hover .elementor-custom-embed-play i{opacity:1}.elementor-widget-video .elementor-custom-embed-image-overlay img{display:block;width:100%}.elementor-widget-video .e-hosted-video .elementor-video{-o-object-fit:cover;object-fit:cover}<\/style>\t\t<div class=\"e-hosted-video elementor-wrapper elementor-fit-aspect-ratio elementor-open-inline\">\n\t\t\t\t\t<video class=\"elementor-video\" src=\"https:\/\/politikadaiyilikhali.org\/wp-content\/uploads\/2022\/06\/Siyasete-Ilham-Cocuklar-280622.mp4#t=2\" controls=\"\" controlsList=\"nodownload\"><\/video>\n\t\t\t\t<\/div>\n\t\t\t\t<\/div>\n\t\t\t\t<\/div>\n\t\t\t\t<div class=\"elementor-element elementor-element-376042a elementor-aspect-ratio-169 elementor-widget elementor-widget-video\" data-id=\"376042a\" data-element_type=\"widget\" data-settings=\"{&quot;video_type&quot;:&quot;hosted&quot;,&quot;start&quot;:2,&quot;controls&quot;:&quot;yes&quot;,&quot;aspect_ratio&quot;:&quot;169&quot;}\" data-no-translation=\"\" data-widget_type=\"video.default\">\n\t\t\t\t<div class=\"elementor-widget-container\">\n\t\t\t<style>.elementor-element-376042a{display:none !important}<\/style>\t\t<\/div>\n\t\t\t\t<\/div>\n\t\t\t\t\t<\/div>\n\t\t<\/div>\n\t\t\t\t\t\t\t<\/div>\n\t\t<\/section>\n\t\t\t\t\t\t\t<\/div>\n\t\t","protected":false},"excerpt":{"rendered":"<p>Siyasete \u0130lham \u00c7ocuklar Kitap\u00e7\u0131\u011f\u0131 i\u00e7in T\u0131kla!!! \u00c7ocuklar\u0131n \u0130yilik Hali ba\u015fl\u0131\u011f\u0131 alt\u0131nda yapt\u0131\u011f\u0131m\u0131z \u00e7al\u0131\u015fmalar\u0131 bir araya getirdik. Siyasete \u0130lham \u00c7ocuklar kitap\u00e7\u0131\u011f\u0131 \u201cBir Siyasi Parti Kursan Ne Partisi Kurard\u0131n\u201d ve sol siyasi liderlerine yazd\u0131klar\u0131 mektuplar\u0131 i\u00e7ermek ile, beraber, \u00e7ocuk ve politika ili\u015fkisi \u00fczerine s\u0131k\u00e7a sorulan sorular ile \u00e7ocuklar\u0131n iyilik hali, \u00e7ocuk ve politika rehberini de i\u00e7ermektedir.&nbsp; A\u015fa\u011f\u0131daki [&hellip;]<\/p>\n","protected":false},"author":1,"featured_media":0,"parent":0,"menu_order":0,"comment_status":"closed","ping_status":"closed","template":"page-templates\/fullwidth-content.php","meta":[],"aioseo_notices":[],"_links":{"self":[{"href":"https:\/\/politikadaiyilikhali.org\/tr_tr\/wp-json\/wp\/v2\/pages\/9432"}],"collection":[{"href":"https:\/\/politikadaiyilikhali.org\/tr_tr\/wp-json\/wp\/v2\/pages"}],"about":[{"href":"https:\/\/politikadaiyilikhali.org\/tr_tr\/wp-json\/wp\/v2\/types\/page"}],"author":[{"embeddable":true,"href":"https:\/\/politikadaiyilikhali.org\/tr_tr\/wp-json\/wp\/v2\/users\/1"}],"replies":[{"embeddable":true,"href":"https:\/\/politikadaiyilikhali.org\/tr_tr\/wp-json\/wp\/v2\/comments?post=9432"}],"version-history":[{"count":66,"href":"https:\/\/politikadaiyilikhali.org\/tr_tr\/wp-json\/wp\/v2\/pages\/9432\/revisions"}],"predecessor-version":[{"id":11139,"href":"https:\/\/politikadaiyilikhali.org\/tr_tr\/wp-json\/wp\/v2\/pages\/9432\/revisions\/11139"}],"wp:attachment":[{"href":"https:\/\/politikadaiyilikhali.org\/tr_tr\/wp-json\/wp\/v2\/media?parent=9432"}],"curies":[{"name":"wp","href":"https:\/\/api.w.org\/{rel}","templated":true}]}}