{"id":9651,"date":"2022-05-25T16:56:14","date_gmt":"2022-05-25T13:56:14","guid":{"rendered":"https:\/\/politikadaiyilikhali.org\/?page_id=9651"},"modified":"2023-10-17T18:10:40","modified_gmt":"2023-10-17T15:10:40","slug":"ruha-gida-kaynaklar","status":"publish","type":"page","link":"https:\/\/politikadaiyilikhali.org\/tr_tr\/ruha-gida-kaynaklar\/","title":{"rendered":"Ruha G\u0131da Kaynaklar"},"content":{"rendered":"\t\t<div data-elementor-type=\"wp-page\" data-elementor-id=\"9651\" class=\"elementor elementor-9651\">\n\t\t\t\t\t\t\t\t\t<section class=\"elementor-section elementor-top-section elementor-element elementor-element-db2bf0a elementor-section-full_width elementor-section-stretched elementor-section-height-default elementor-section-height-default\" data-id=\"db2bf0a\" data-element_type=\"section\" data-settings=\"{&quot;stretch_section&quot;:&quot;section-stretched&quot;,&quot;jet_parallax_layout_list&quot;:[]}\">\n\t\t\t\t\t\t<div class=\"elementor-container elementor-column-gap-default\">\n\t\t\t\t\t<div class=\"elementor-column elementor-col-100 elementor-top-column elementor-element elementor-element-a66bfaf\" data-id=\"a66bfaf\" data-element_type=\"column\">\n\t\t\t<div class=\"elementor-widget-wrap elementor-element-populated\">\n\t\t\t\t\t\t\t\t<div class=\"elementor-element elementor-element-99917d4 elementor-widget elementor-widget-image\" data-id=\"99917d4\" data-element_type=\"widget\" data-widget_type=\"image.default\">\n\t\t\t\t<div class=\"elementor-widget-container\">\n\t\t\t<style>\/*! elementor - v3.6.5 - 27-04-2022 *\/\n.elementor-widget-image{text-align:center}.elementor-widget-image a{display:inline-block}.elementor-widget-image a img[src$=\".svg\"]{width:48px}.elementor-widget-image img{vertical-align:middle;display:inline-block}<\/style>\t\t\t\t\t\t\t\t\t\t\t\t<img width=\"1024\" height=\"226\" src=\"https:\/\/politikadaiyilikhali.org\/wp-content\/uploads\/2022\/05\/Sliderler-Arada-Kaynamasin-1024x226.jpg\" class=\"attachment-large size-large\" alt=\"\" loading=\"lazy\" srcset=\"https:\/\/politikadaiyilikhali.org\/wp-content\/uploads\/2022\/05\/Sliderler-Arada-Kaynamasin-1024x226.jpg 1024w, https:\/\/politikadaiyilikhali.org\/wp-content\/uploads\/2022\/05\/Sliderler-Arada-Kaynamasin-300x66.jpg 300w, https:\/\/politikadaiyilikhali.org\/wp-content\/uploads\/2022\/05\/Sliderler-Arada-Kaynamasin-768x170.jpg 768w, https:\/\/politikadaiyilikhali.org\/wp-content\/uploads\/2022\/05\/Sliderler-Arada-Kaynamasin-1536x339.jpg 1536w, https:\/\/politikadaiyilikhali.org\/wp-content\/uploads\/2022\/05\/Sliderler-Arada-Kaynamasin-600x133.jpg 600w, https:\/\/politikadaiyilikhali.org\/wp-content\/uploads\/2022\/05\/Sliderler-Arada-Kaynamasin.jpg 1920w\" sizes=\"(max-width: 1024px) 100vw, 1024px\" \/>\t\t\t\t\t\t\t\t\t\t\t\t\t\t\t<\/div>\n\t\t\t\t<\/div>\n\t\t\t\t\t<\/div>\n\t\t<\/div>\n\t\t\t\t\t\t\t<\/div>\n\t\t<\/section>\n\t\t\t\t<section class=\"elementor-section elementor-top-section elementor-element elementor-element-cd9c0f5 elementor-section-full_width elementor-section-stretched elementor-section-height-default elementor-section-height-default\" data-id=\"cd9c0f5\" data-element_type=\"section\" data-settings=\"{&quot;stretch_section&quot;:&quot;section-stretched&quot;,&quot;jet_parallax_layout_list&quot;:[]}\">\n\t\t\t\t\t\t<div class=\"elementor-container elementor-column-gap-default\">\n\t\t\t\t\t<div class=\"elementor-column elementor-col-100 elementor-top-column elementor-element elementor-element-fbe9b14\" data-id=\"fbe9b14\" data-element_type=\"column\" data-settings=\"{&quot;background_background&quot;:&quot;classic&quot;}\">\n\t\t\t<div class=\"elementor-widget-wrap elementor-element-populated\">\n\t\t\t\t\t\t\t\t<div class=\"elementor-element elementor-element-31d3c55 elementor-widget elementor-widget-heading\" data-id=\"31d3c55\" data-element_type=\"widget\" data-widget_type=\"heading.default\">\n\t\t\t\t<div class=\"elementor-widget-container\">\n\t\t\t<style>\/*! elementor - v3.6.5 - 27-04-2022 *\/\n.elementor-heading-title{padding:0;margin:0;line-height:1}.elementor-widget-heading .elementor-heading-title[class*=elementor-size-]>a{color:inherit;font-size:inherit;line-height:inherit}.elementor-widget-heading .elementor-heading-title.elementor-size-small{font-size:15px}.elementor-widget-heading .elementor-heading-title.elementor-size-medium{font-size:19px}.elementor-widget-heading .elementor-heading-title.elementor-size-large{font-size:29px}.elementor-widget-heading .elementor-heading-title.elementor-size-xl{font-size:39px}.elementor-widget-heading .elementor-heading-title.elementor-size-xxl{font-size:59px}<\/style><h2 class=\"elementor-heading-title elementor-size-default\">RUHA GIDA KAYNAKLAR<\/h2>\t\t<\/div>\n\t\t\t\t<\/div>\n\t\t\t\t\t<\/div>\n\t\t<\/div>\n\t\t\t\t\t\t\t<\/div>\n\t\t<\/section>\n\t\t\t\t<section class=\"elementor-section elementor-top-section elementor-element elementor-element-47b1137 elementor-section-boxed elementor-section-height-default elementor-section-height-default\" data-id=\"47b1137\" data-element_type=\"section\" data-settings=\"{&quot;jet_parallax_layout_list&quot;:[],&quot;background_background&quot;:&quot;classic&quot;}\">\n\t\t\t\t\t\t<div class=\"elementor-container elementor-column-gap-default\">\n\t\t\t\t\t<div class=\"elementor-column elementor-col-100 elementor-top-column elementor-element elementor-element-0954a52\" data-id=\"0954a52\" data-element_type=\"column\" data-settings=\"{&quot;background_background&quot;:&quot;classic&quot;}\">\n\t\t\t<div class=\"elementor-widget-wrap elementor-element-populated\">\n\t\t\t\t\t\t\t\t<div class=\"elementor-element elementor-element-d258e87 elementor-widget elementor-widget-text-editor\" data-id=\"d258e87\" data-element_type=\"widget\" data-widget_type=\"text-editor.default\">\n\t\t\t\t<div class=\"elementor-widget-container\">\n\t\t\t<style>\/*! elementor - v3.6.5 - 27-04-2022 *\/\n.elementor-widget-text-editor.elementor-drop-cap-view-stacked .elementor-drop-cap{background-color:#818a91;color:#fff}.elementor-widget-text-editor.elementor-drop-cap-view-framed .elementor-drop-cap{color:#818a91;border:3px solid;background-color:transparent}.elementor-widget-text-editor:not(.elementor-drop-cap-view-default) .elementor-drop-cap{margin-top:8px}.elementor-widget-text-editor:not(.elementor-drop-cap-view-default) .elementor-drop-cap-letter{width:1em;height:1em}.elementor-widget-text-editor .elementor-drop-cap{float:left;text-align:center;line-height:1;font-size:50px}.elementor-widget-text-editor .elementor-drop-cap-letter{display:inline-block}<\/style>\t\t\t\t<p><strong>K\u0130TAP, MAKALE, YAZI, V\u0130DEO \u00d6NER\u0130LER\u0130<\/strong><\/p><p><strong>Otoriteryanizm, \u00d6rg\u00fctl\u00fcl\u00fck ve \u0130yilik Hali<\/strong><\/p><p>Heinrich Geiselberger (Haz). (2017). B\u00fcy\u00fck Gerileme, Metis, birinci bas\u0131m<\/p><p>U\u011fur Kenan \u00d6zkan, \u2018\u2019\u2019D\u00fc\u015fman\u0131n\u2019 G\u00f6lgesinden Kurtulmak\u201d, https:\/\/ayrintidergi.com.tr\/dusmanin-golgesinden-kurtulmak\/, 12 May\u0131s 2014<\/p><p>\u201cBir i\u015f\u00e7inin mektubu: AKP\u2019ye neden oy verdim?\u201d, Evrensel, https:\/\/www.evrensel.net\/haber\/265239\/bir-iscinin-mektubu-akpye-neden-oy-verdim , 16.10.2015<\/p><p>Jean-Michel Palmier, Kabare Ruhu, Ekspresyonizm ve Siyasal \u0130syan, \u00c7eviri: Uraz Ayd\u0131n, Skopb\u00fclten, https:\/\/www.e-skop.com\/skopbulten\/kabare-ruhu-ekspresyonizm-ve-siyasal- isyan\/6100, 17\/3\/2021<\/p><p>Terry Eagleton: K\u00f6t\u00fcl\u00fck Neden \u00c7ekici ve Heyecan Vericidir?, (\u00c7eviri Konu\u015fmalar), https:\/\/www.youtube.com\/watch?v=LgM37vrpFK4<\/p><p>Adam Okulicz-Kozaryn, Oscar Holmes, and Derek R. Avery (2014). The Subjective Well- Being Political Paradox: Happy Welfare States and Unhappy Liberals, Journal of Applied Psychology, Vol. 99, No. 6, 1300 \u2013130 (\u0130ngilizce)<\/p><p>Cansu G\u00fcnay, Yusuf Kutlu, G\u00f6khan M\u00fclayim (2017). T\u00fcrkiye\u2019nin Siyasal Evrenini Duygu ve Duygulan\u0131mlar \u00dczerinden Anlamak: Ola\u011fan\u00fcst\u00fc Hal, Toplum ve Siyaset,EKONDA<br \/>ATE <br \/>Burhan Can Karahasan, Mehmet P\u0131nar , P\u0131nar Deniz (2021), Political Climate And Regional <br \/>Well-Being in Turkey, Territory Politics Governance, DOI:10.1080\/21622671.2021.1882332 PASS\u0130ONATE <br \/>Jaime L Napier 1, John T Jost (2008).\u00a0<\/p><p>Why Are Conservatives Happier Than Liberals, Psychol Sci. Jun;19(6):565-72, doi: 10.1111\/j.1467-9280.2008.02124.x. (\u0130ngilizce)<\/p><p>Lydia Alp\u00edzar Dur\u00e1n, No\u00ebl D. Payne and Anahi Russo (Ed) (1998), Building Feminist Movements and Organizations-Global Perspectives, ZED Books (\u0130ngilizce)<\/p><p>Lynne Segal (2020). Radikal Mutluluk, Cev: Beyza Sumer Ayda\u015f, Sel Yay\u0131nlar\u0131<\/p><p>OECD Well-Being \u0130statistikleri\u00a0https:\/\/www.oecdbetterlifeindex.org\/#\/11111111111\u00a0<\/p><p>OECD, How\u2019s Life In Turkey, https:\/\/www.oecdbetterlifeindex.org\/countries\/turkiye\/<\/p><p>Rebeca Solnit (2009).\u00a0<span style=\"font-size: var( --e-global-typography-0ac221b-font-size ); letter-spacing: var( --e-global-typography-0ac221b-letter-spacing ); word-spacing: var( --e-global-typography-0ac221b-word-spacing );\">A Paradise Built in Hell, Penguin Random House (\u0130ngilizce)<\/span><\/p><p>World Values Survey Wave 7 (2017-2020) Turkey v2.0, https:\/\/www.worldvaluessurvey.org\/WVSDocumentationWV7.jsp) (\u0130ngilizce)<\/p><p><b>\u00d6zg\u00fcr Konu\u015fma, Kolektif \u0130yile\u015fme, \u0130yilik Hali<\/b><\/p><p>Alain Badiou (2004). Etik: K\u00f6t\u00fcl\u00fck Kavray\u0131\u015f\u0131 \u00dczerine Bir Deneme. \u00e7ev. E. Bora, \u0130stanbul: Metis Yay\u0131nlar\u0131<\/p><p>Andrew Heywood (2007). Siyasi \u0130deolojiler, \u00c7ev. Ahmet Kemal Bayram vd, Adres Yay\u0131nlar\u0131, Ankara, 2007<\/p><p>Bora Umut Pektas (2017, 12.02). Kaderci iyimserlik, \u2018ilerleme ideolojisi\u2019 ve iyimser olmayan umut, Ilerihaber, https:\/\/ilerihaber.org\/icerik\/kaderci-iyimserlik-ilerleme-ideolojisi-ve-iyimser- olmayan-umut-67895.html<\/p><p>David Harvey (2004). Yeni emperyalizm. \u00c7ev. H. G\u00fcld\u00fc. \u0130stanbul: Everest yay\u0131nlar\u0131. Erich Fromm (1995). \u00d6zg\u00fcrl\u00fckten Ka\u00e7\u0131\u015f, \u00c7ev. Sel\u00e7uk Budak, \u00d6teki Yay\u0131nevi, Ankara<\/p><p>Fatmagul Berktay (2009). D\u00fcnyay\u0131 Bug\u00fcnde Sevmek: Hannah Arendt&#8217;in Politika Anlay\u0131\u015f\u0131. Metis, \u0130stanbul<\/p><p>Hannah Arendt (2009). K\u00f6t\u00fcl\u00fc\u011f\u00fcn S\u0131radanl\u0131\u011f\u0131, \u00e7ev. \u00d6zge \u00c7elik, Metis Yay\u0131nc\u0131l\u0131k, \u0130stanbul<\/p><p>Kolektif (2021). Bak\u0131m Manifestosu, \u00c7ev: G\u00fclnur Acar Savran, Ankara: Dipnot<\/p><p>Michel Foucault (2000). \u00d6zne ve \u0130ktidar, \u00e7ev. I\u015f\u0131k Erg\u00fcden ve Osman Ak\u0131nhay. Ayr\u0131nt\u0131, \u0130stanbul<\/p><p>__________ (2005). Do\u011fruyu S\u00f6ylemek, \u00e7ev. Kerem Eksen. Ayr\u0131nt\u0131, \u0130stanbul. Nurdan G\u00fcrbilek (2013). Ma\u011fdurun Dili, Metis Yay\u0131nlar\u0131, \u0130stanbul<\/p><p>Pierre Bourdieu (2015). Eril Tahakk\u00fcm, \u00e7eviren: Bediz Y\u0131lmaz, Ba\u011flam, \u0130stanbul Terry Eagleton (2011). \u0130deoloji, \u00c7ev. Muttalip \u00d6zcan, Ayr\u0131nt\u0131 Yay\u0131nlar\u0131, \u0130stanbul<\/p><p>Terry Eagleton (2012). K\u00f6t\u00fcl\u00fck \u00dczerine Bir Deneme, \u00e7ev. \u015eenol Bezci, \u0130leti\u015fim Yay\u0131nlar\u0131, \u0130stanbul<\/p><p>__________ (2017). \u0130yimser Olmayan Umut, \u00e7ev. Emine Ayhan, Ayr\u0131nt\u0131 Yay\u0131nlar\u0131 \u0130stanbul<\/p><p>Theodor W. Adorno (2007). Minima Moralia, \u00c7ev. Orhan Ko\u00e7ak, Ahmet Do\u011fukan, \u0130stanbul: Metis Yay\u0131nlar\u0131.E.<\/p><p>Ne\u015feli Militanl\u0131k, Toksik Zamanlarda Direni\u015fi \u00d6rmek, Nick Montgomery, Carla Bergman, \u00c7ev. G\u00fclnur El\u00e7ik\u00a0<\/p><p><b>Di\u011fer<\/b><\/p><p>Melis Berk, \u0130yile\u015fme \u00c7izimleri, https:\/\/www.instagram.com\/iyilesmecizimleri\/?igshid=YmMyMTA2M2Y=<\/p><p>Onur Eyl\u00fcl Kara, Bir arada ya\u015fam k\u00fct\u00fcphanesi, Spotify<\/p><p>Sanatatak http:\/\/www.sanatatak.com<br \/>Green Renaissance, https:\/\/www.youtube.com\/channel\/UCcPPUszZ4-7yzZNgAAYwJjg (\u0130ngilizce)<\/p><p>Nilay \u00d6rnek, Nas\u0131l Olunur?, Spotify<\/p><p>\u00a0<\/p>\t\t\t\t\t\t<\/div>\n\t\t\t\t<\/div>\n\t\t\t\t<div class=\"elementor-element elementor-element-880546f elementor-widget elementor-widget-text-editor\" data-id=\"880546f\" data-element_type=\"widget\" data-widget_type=\"text-editor.default\">\n\t\t\t\t<div class=\"elementor-widget-container\">\n\t\t\t<style>.elementor-element-880546f{display:none !important}<\/style>\t\t<\/div>\n\t\t\t\t<\/div>\n\t\t\t\t\t<\/div>\n\t\t<\/div>\n\t\t\t\t\t\t\t<\/div>\n\t\t<\/section>\n\t\t\t\t\t\t\t<\/div>\n\t\t","protected":false},"excerpt":{"rendered":"<p>RUHA GIDA KAYNAKLAR K\u0130TAP, MAKALE, YAZI, V\u0130DEO \u00d6NER\u0130LER\u0130 Otoriteryanizm, \u00d6rg\u00fctl\u00fcl\u00fck ve \u0130yilik Hali Heinrich Geiselberger (Haz). (2017). B\u00fcy\u00fck Gerileme, Metis, birinci bas\u0131m U\u011fur Kenan \u00d6zkan, \u2018\u2019\u2019D\u00fc\u015fman\u0131n\u2019 G\u00f6lgesinden Kurtulmak\u201d, https:\/\/ayrintidergi.com.tr\/dusmanin-golgesinden-kurtulmak\/, 12 May\u0131s 2014 \u201cBir i\u015f\u00e7inin mektubu: AKP\u2019ye neden oy verdim?\u201d, Evrensel, https:\/\/www.evrensel.net\/haber\/265239\/bir-iscinin-mektubu-akpye-neden-oy-verdim , 16.10.2015 Jean-Michel Palmier, Kabare Ruhu, Ekspresyonizm ve Siyasal \u0130syan, \u00c7eviri: Uraz Ayd\u0131n, Skopb\u00fclten, [&hellip;]<\/p>\n","protected":false},"author":1,"featured_media":0,"parent":0,"menu_order":0,"comment_status":"closed","ping_status":"closed","template":"page-templates\/fullwidth-content.php","meta":[],"aioseo_notices":[],"_links":{"self":[{"href":"https:\/\/politikadaiyilikhali.org\/tr_tr\/wp-json\/wp\/v2\/pages\/9651"}],"collection":[{"href":"https:\/\/politikadaiyilikhali.org\/tr_tr\/wp-json\/wp\/v2\/pages"}],"about":[{"href":"https:\/\/politikadaiyilikhali.org\/tr_tr\/wp-json\/wp\/v2\/types\/page"}],"author":[{"embeddable":true,"href":"https:\/\/politikadaiyilikhali.org\/tr_tr\/wp-json\/wp\/v2\/users\/1"}],"replies":[{"embeddable":true,"href":"https:\/\/politikadaiyilikhali.org\/tr_tr\/wp-json\/wp\/v2\/comments?post=9651"}],"version-history":[{"count":30,"href":"https:\/\/politikadaiyilikhali.org\/tr_tr\/wp-json\/wp\/v2\/pages\/9651\/revisions"}],"predecessor-version":[{"id":11378,"href":"https:\/\/politikadaiyilikhali.org\/tr_tr\/wp-json\/wp\/v2\/pages\/9651\/revisions\/11378"}],"wp:attachment":[{"href":"https:\/\/politikadaiyilikhali.org\/tr_tr\/wp-json\/wp\/v2\/media?parent=9651"}],"curies":[{"name":"wp","href":"https:\/\/api.w.org\/{rel}","templated":true}]}}