{"id":9774,"date":"2022-05-26T01:13:01","date_gmt":"2022-05-25T22:13:01","guid":{"rendered":"https:\/\/politikadaiyilikhali.org\/?page_id=9774"},"modified":"2023-01-17T13:19:54","modified_gmt":"2023-01-17T10:19:54","slug":"bakim-temelli-orgutluluk","status":"publish","type":"page","link":"https:\/\/politikadaiyilikhali.org\/tr_tr\/bakim-temelli-orgutluluk\/","title":{"rendered":"Bak\u0131m Temelli \u00d6rg\u00fctl\u00fcl\u00fck"},"content":{"rendered":"\t\t<div data-elementor-type=\"wp-page\" data-elementor-id=\"9774\" class=\"elementor elementor-9774\">\n\t\t\t\t\t\t\t\t\t<section class=\"elementor-section elementor-top-section elementor-element elementor-element-5b2e850 elementor-section-full_width elementor-section-stretched elementor-section-height-default elementor-section-height-default\" data-id=\"5b2e850\" data-element_type=\"section\" data-settings=\"{&quot;stretch_section&quot;:&quot;section-stretched&quot;,&quot;jet_parallax_layout_list&quot;:[]}\">\n\t\t\t\t\t\t<div class=\"elementor-container elementor-column-gap-default\">\n\t\t\t\t\t<div class=\"elementor-column elementor-col-100 elementor-top-column elementor-element elementor-element-f907961\" data-id=\"f907961\" data-element_type=\"column\">\n\t\t\t<div class=\"elementor-widget-wrap elementor-element-populated\">\n\t\t\t\t\t\t\t\t<div class=\"elementor-element elementor-element-db860bf elementor-widget elementor-widget-image\" data-id=\"db860bf\" data-element_type=\"widget\" data-widget_type=\"image.default\">\n\t\t\t\t<div class=\"elementor-widget-container\">\n\t\t\t<style>\/*! elementor - v3.6.5 - 27-04-2022 *\/\n.elementor-widget-image{text-align:center}.elementor-widget-image a{display:inline-block}.elementor-widget-image a img[src$=\".svg\"]{width:48px}.elementor-widget-image img{vertical-align:middle;display:inline-block}<\/style>\t\t\t\t\t\t\t\t\t\t\t\t<img width=\"1024\" height=\"226\" src=\"https:\/\/politikadaiyilikhali.org\/wp-content\/uploads\/2022\/05\/Sliderler-Pratik-Bilgiler-1024x226.jpg\" class=\"attachment-large size-large\" alt=\"\" loading=\"lazy\" srcset=\"https:\/\/politikadaiyilikhali.org\/wp-content\/uploads\/2022\/05\/Sliderler-Pratik-Bilgiler-1024x226.jpg 1024w, https:\/\/politikadaiyilikhali.org\/wp-content\/uploads\/2022\/05\/Sliderler-Pratik-Bilgiler-300x66.jpg 300w, https:\/\/politikadaiyilikhali.org\/wp-content\/uploads\/2022\/05\/Sliderler-Pratik-Bilgiler-768x170.jpg 768w, https:\/\/politikadaiyilikhali.org\/wp-content\/uploads\/2022\/05\/Sliderler-Pratik-Bilgiler-1536x339.jpg 1536w, https:\/\/politikadaiyilikhali.org\/wp-content\/uploads\/2022\/05\/Sliderler-Pratik-Bilgiler-600x133.jpg 600w, https:\/\/politikadaiyilikhali.org\/wp-content\/uploads\/2022\/05\/Sliderler-Pratik-Bilgiler.jpg 1920w\" sizes=\"(max-width: 1024px) 100vw, 1024px\" \/>\t\t\t\t\t\t\t\t\t\t\t\t\t\t\t<\/div>\n\t\t\t\t<\/div>\n\t\t\t\t\t<\/div>\n\t\t<\/div>\n\t\t\t\t\t\t\t<\/div>\n\t\t<\/section>\n\t\t\t\t<section class=\"elementor-section elementor-top-section elementor-element elementor-element-46d2842 elementor-section-full_width elementor-section-stretched elementor-section-height-default elementor-section-height-default\" data-id=\"46d2842\" data-element_type=\"section\" data-settings=\"{&quot;stretch_section&quot;:&quot;section-stretched&quot;,&quot;jet_parallax_layout_list&quot;:[]}\">\n\t\t\t\t\t\t<div class=\"elementor-container elementor-column-gap-default\">\n\t\t\t\t\t<div class=\"elementor-column elementor-col-100 elementor-top-column elementor-element elementor-element-51c0b17\" data-id=\"51c0b17\" data-element_type=\"column\" data-settings=\"{&quot;background_background&quot;:&quot;classic&quot;}\">\n\t\t\t<div class=\"elementor-widget-wrap elementor-element-populated\">\n\t\t\t\t\t\t\t\t<div class=\"elementor-element elementor-element-7524221 elementor-widget elementor-widget-heading\" data-id=\"7524221\" data-element_type=\"widget\" data-widget_type=\"heading.default\">\n\t\t\t\t<div class=\"elementor-widget-container\">\n\t\t\t<style>\/*! elementor - v3.6.5 - 27-04-2022 *\/\n.elementor-heading-title{padding:0;margin:0;line-height:1}.elementor-widget-heading .elementor-heading-title[class*=elementor-size-]>a{color:inherit;font-size:inherit;line-height:inherit}.elementor-widget-heading .elementor-heading-title.elementor-size-small{font-size:15px}.elementor-widget-heading .elementor-heading-title.elementor-size-medium{font-size:19px}.elementor-widget-heading .elementor-heading-title.elementor-size-large{font-size:29px}.elementor-widget-heading .elementor-heading-title.elementor-size-xl{font-size:39px}.elementor-widget-heading .elementor-heading-title.elementor-size-xxl{font-size:59px}<\/style><h2 class=\"elementor-heading-title elementor-size-default\">Bak\u0131m Temelli \u00d6rg\u00fctl\u00fcl\u00fck\ufffc<\/h2>\t\t<\/div>\n\t\t\t\t<\/div>\n\t\t\t\t\t<\/div>\n\t\t<\/div>\n\t\t\t\t\t\t\t<\/div>\n\t\t<\/section>\n\t\t\t\t<section class=\"elementor-section elementor-top-section elementor-element elementor-element-c6abc82 elementor-section-boxed elementor-section-height-default elementor-section-height-default\" data-id=\"c6abc82\" data-element_type=\"section\" data-settings=\"{&quot;jet_parallax_layout_list&quot;:[],&quot;background_background&quot;:&quot;classic&quot;}\">\n\t\t\t\t\t\t<div class=\"elementor-container elementor-column-gap-default\">\n\t\t\t\t\t<div class=\"elementor-column elementor-col-100 elementor-top-column elementor-element elementor-element-c738083\" data-id=\"c738083\" data-element_type=\"column\" data-settings=\"{&quot;background_background&quot;:&quot;classic&quot;}\">\n\t\t\t<div class=\"elementor-widget-wrap elementor-element-populated\">\n\t\t\t\t\t\t\t\t<div class=\"elementor-element elementor-element-ed58c16 elementor-widget elementor-widget-text-editor\" data-id=\"ed58c16\" data-element_type=\"widget\" data-widget_type=\"text-editor.default\">\n\t\t\t\t<div class=\"elementor-widget-container\">\n\t\t\t<style>\/*! elementor - v3.6.5 - 27-04-2022 *\/\n.elementor-widget-text-editor.elementor-drop-cap-view-stacked .elementor-drop-cap{background-color:#818a91;color:#fff}.elementor-widget-text-editor.elementor-drop-cap-view-framed .elementor-drop-cap{color:#818a91;border:3px solid;background-color:transparent}.elementor-widget-text-editor:not(.elementor-drop-cap-view-default) .elementor-drop-cap{margin-top:8px}.elementor-widget-text-editor:not(.elementor-drop-cap-view-default) .elementor-drop-cap-letter{width:1em;height:1em}.elementor-widget-text-editor .elementor-drop-cap{float:left;text-align:center;line-height:1;font-size:50px}.elementor-widget-text-editor .elementor-drop-cap-letter{display:inline-block}<\/style>\t\t\t\t<p>&nbsp; &nbsp; &nbsp; &nbsp; &nbsp; &nbsp; &nbsp; &nbsp; Bak\u0131m Temelli \u00d6rg\u00fctl\u00fcl\u00fck kavram\u0131n\u0131 olu\u015ftururken, pandemi d\u00f6neminde Bak\u0131m Kolektifi\u2019nin yay\u0131nlad\u0131\u011f\u0131 Bak\u0131m Manifestosu\u2019ndan (Kolektif, \u00c7ev: G\u00fclnur Acar Savran, Dipnot Yay\u0131nlar\u0131, 2021) yola \u00e7\u0131k\u0131larak geli\u015ftirildi. Bak\u0131m\u0131 merkeze alan bir perspektife odaklanan bu \u00e7al\u0131\u015fma, insanlar\u0131n fiziksel ve duygusal gereksinimlerini kar\u015f\u0131lamak \u00fczere yap\u0131lan bir i\u015f olarak bak\u0131m\u0131n \u00f6tesinde, ya\u015fam\u0131n esenli\u011fi ve serpilmesi i\u00e7in gerekli olan ad\u0131mlar\u0131 ele al\u0131yor. En \u00f6nemlisi, sadece ba\u011f\u0131ms\u0131zl\u0131\u011fa odaklanan liberal bir yakla\u015f\u0131m yerine, kar\u015f\u0131l\u0131kl\u0131 ba\u011f\u0131ml\u0131l\u0131\u011f\u0131 tan\u0131man\u0131n \u00f6nemini g\u00fcndeme getiriyor.<\/p>\n<p>&nbsp;&nbsp;&nbsp;&nbsp;&nbsp;&nbsp;&nbsp;&nbsp;&nbsp;&nbsp;&nbsp; Bizlerse bu perspektifi politik \u00e7evreler a\u00e7\u0131s\u0131ndan bireysel, \u00f6rg\u00fctsel ve sosyal alanlar\u0131 birlikte d\u00fc\u015f\u00fcnmeyi m\u00fcmk\u00fcn k\u0131lacak bir kapsamda d\u00fc\u015f\u00fcnmeye \u00e7al\u0131\u015f\u0131yoruz. Bir yandan T\u00fcrkiye\u2019de hakim olan mask\u00fclen siyaset \u00fcretme ve \u00f6rg\u00fctlenme bi\u00e7imini d\u00f6n\u00fc\u015ft\u00fcrmeyi hedefliyor, \u00f6b\u00fcr yandan da, s\u0131kl\u0131kla tezah\u00fcr etti\u011finin tersine, demokratik bir \u00f6rg\u00fctlenmeyi ki\u015fisel istek ve ihtiya\u00e7lar\u0131n kar\u015f\u0131lanmas\u0131na odaklanan bir talepler seti de\u011fil; kar\u015f\u0131 ilgi ve sorumluluklar\u0131n beslendi\u011fi, kapsay\u0131c\u0131l\u0131\u011f\u0131n kimliklerin dahiliyetinin \u00f6tesinde ele al\u0131nd\u0131\u011f\u0131 ve siyasal emek konusundaki fark\u0131ndal\u0131\u011f\u0131n art\u0131r\u0131ld\u0131\u011f\u0131 queer feminist bak\u0131m temelli \u00f6rg\u00fctl\u00fcl\u00fck \u00fczerinden de\u011ferlendiriyoruz.&nbsp;&nbsp;<\/p>\t\t\t\t\t\t<\/div>\n\t\t\t\t<\/div>\n\t\t\t\t\t<\/div>\n\t\t<\/div>\n\t\t\t\t\t\t\t<\/div>\n\t\t<\/section>\n\t\t\t\t\t\t\t<\/div>\n\t\t","protected":false},"excerpt":{"rendered":"<p>Bak\u0131m Temelli \u00d6rg\u00fctl\u00fcl\u00fck\ufffc &nbsp; &nbsp; &nbsp; &nbsp; &nbsp; &nbsp; &nbsp; &nbsp; Bak\u0131m Temelli \u00d6rg\u00fctl\u00fcl\u00fck kavram\u0131n\u0131 olu\u015ftururken, pandemi d\u00f6neminde Bak\u0131m Kolektifi\u2019nin yay\u0131nlad\u0131\u011f\u0131 Bak\u0131m Manifestosu\u2019ndan (Kolektif, \u00c7ev: G\u00fclnur Acar Savran, Dipnot Yay\u0131nlar\u0131, 2021) yola \u00e7\u0131k\u0131larak geli\u015ftirildi. Bak\u0131m\u0131 merkeze alan bir perspektife odaklanan bu \u00e7al\u0131\u015fma, insanlar\u0131n fiziksel ve duygusal gereksinimlerini kar\u015f\u0131lamak \u00fczere yap\u0131lan bir i\u015f olarak bak\u0131m\u0131n \u00f6tesinde, [&hellip;]<\/p>\n","protected":false},"author":1,"featured_media":0,"parent":0,"menu_order":0,"comment_status":"closed","ping_status":"closed","template":"page-templates\/fullwidth-content.php","meta":[],"aioseo_notices":[],"_links":{"self":[{"href":"https:\/\/politikadaiyilikhali.org\/tr_tr\/wp-json\/wp\/v2\/pages\/9774"}],"collection":[{"href":"https:\/\/politikadaiyilikhali.org\/tr_tr\/wp-json\/wp\/v2\/pages"}],"about":[{"href":"https:\/\/politikadaiyilikhali.org\/tr_tr\/wp-json\/wp\/v2\/types\/page"}],"author":[{"embeddable":true,"href":"https:\/\/politikadaiyilikhali.org\/tr_tr\/wp-json\/wp\/v2\/users\/1"}],"replies":[{"embeddable":true,"href":"https:\/\/politikadaiyilikhali.org\/tr_tr\/wp-json\/wp\/v2\/comments?post=9774"}],"version-history":[{"count":3,"href":"https:\/\/politikadaiyilikhali.org\/tr_tr\/wp-json\/wp\/v2\/pages\/9774\/revisions"}],"predecessor-version":[{"id":11133,"href":"https:\/\/politikadaiyilikhali.org\/tr_tr\/wp-json\/wp\/v2\/pages\/9774\/revisions\/11133"}],"wp:attachment":[{"href":"https:\/\/politikadaiyilikhali.org\/tr_tr\/wp-json\/wp\/v2\/media?parent=9774"}],"curies":[{"name":"wp","href":"https:\/\/api.w.org\/{rel}","templated":true}]}}